{"id":16000,"date":"2025-03-28T01:37:53","date_gmt":"2025-03-28T01:37:53","guid":{"rendered":"https:\/\/twentyninestore.com\/?post_type=product&#038;p=16000"},"modified":"2025-04-13T18:24:03","modified_gmt":"2025-04-13T18:24:03","slug":"zazoua-oms-collection","status":"publish","type":"product","link":"https:\/\/twentyninestore.com\/fr_fr\/product\/zazoua-oms-collection\/","title":{"rendered":"Zazoua OMS collection"},"content":{"rendered":"<p>S\u00e9rie De 3 Pot De Caf\u00e9 Turc Zazwa 0,25\/0,35\/0,5L en Granite. un pot \u00e0 caf\u00e9 turc, c\u2019est l\u2019instrument id\u00e9al pour pr\u00e9parer un d\u00e9licieux caf\u00e9 dans un clin d\u2019\u0153il. Aussi vous pouvez l\u2019utiliser avec diff\u00e9rent mani\u00e8re d\u2019une part et des tailles diff\u00e9rentes qui vous donnent des choix selon votre besoin d\u2019autre part<\/p>\n","protected":false},"excerpt":{"rendered":"<p>FE-DMCAT005<\/p>\n","protected":false},"featured_media":16001,"comment_status":"open","ping_status":"closed","template":"","meta":[],"product_brand":[],"product_cat":[1056],"product_tag":[],"class_list":{"0":"post-16000","1":"product","2":"type-product","3":"status-publish","4":"has-post-thumbnail","6":"product_cat-petits-equipements-et-ustensiles","8":"first","9":"instock","10":"shipping-taxable","11":"purchasable","12":"product-type-variable","13":"add-to-wishlist-after_add_to_cart"},"_links":{"self":[{"href":"https:\/\/twentyninestore.com\/fr_fr\/wp-json\/wp\/v2\/product\/16000","targetHints":{"allow":["GET"]}}],"collection":[{"href":"https:\/\/twentyninestore.com\/fr_fr\/wp-json\/wp\/v2\/product"}],"about":[{"href":"https:\/\/twentyninestore.com\/fr_fr\/wp-json\/wp\/v2\/types\/product"}],"replies":[{"embeddable":true,"href":"https:\/\/twentyninestore.com\/fr_fr\/wp-json\/wp\/v2\/comments?post=16000"}],"version-history":[{"count":1,"href":"https:\/\/twentyninestore.com\/fr_fr\/wp-json\/wp\/v2\/product\/16000\/revisions"}],"predecessor-version":[{"id":16010,"href":"https:\/\/twentyninestore.com\/fr_fr\/wp-json\/wp\/v2\/product\/16000\/revisions\/16010"}],"wp:featuredmedia":[{"embeddable":true,"href":"https:\/\/twentyninestore.com\/fr_fr\/wp-json\/wp\/v2\/media\/16001"}],"wp:attachment":[{"href":"https:\/\/twentyninestore.com\/fr_fr\/wp-json\/wp\/v2\/media?parent=16000"}],"wp:term":[{"taxonomy":"product_brand","embeddable":true,"href":"https:\/\/twentyninestore.com\/fr_fr\/wp-json\/wp\/v2\/product_brand?post=16000"},{"taxonomy":"product_cat","embeddable":true,"href":"https:\/\/twentyninestore.com\/fr_fr\/wp-json\/wp\/v2\/product_cat?post=16000"},{"taxonomy":"product_tag","embeddable":true,"href":"https:\/\/twentyninestore.com\/fr_fr\/wp-json\/wp\/v2\/product_tag?post=16000"}],"curies":[{"name":"wp","href":"https:\/\/api.w.org\/{rel}","templated":true}]}}