{"id":16024,"date":"2025-03-28T01:46:35","date_gmt":"2025-03-28T01:46:35","guid":{"rendered":"https:\/\/twentyninestore.com\/?post_type=product&#038;p=16024"},"modified":"2025-04-14T07:42:09","modified_gmt":"2025-04-14T07:42:09","slug":"service-porcelaine-85-pcs-gris","status":"publish","type":"product","link":"https:\/\/twentyninestore.com\/fr_fr\/product\/service-porcelaine-85-pcs-gris\/","title":{"rendered":"service porcelaine 85 pcs gris"},"content":{"rendered":"<p>Laissez-vous charmer par ce magnifique service de table complet en porcelaine blanche \u00e0 galons de platine, \u00e0 composer selon vos besoins : assiettes plates, assiettes creuses, tasses \u00e0 th\u00e9, tasses \u00e0 caf\u00e9, tasses petit d\u00e9jeuner, sucriers, cr\u00e9miers, th\u00e9i\u00e8res, plats ronds, plats ovales, sauci\u00e8res, saladiers, raviers, sali\u00e8res, poivriers et soupi\u00e8res.<\/p>\n<p>Belle vaisselle en porcelaine fine de qualit\u00e9. Cet art de la table est un m\u00e9lange parfait alliant la douceur des formes rondes avec le raffinement des galons de platine.<\/p>\n<p>Ce service sera \u00e9galement enchant\u00e9 de figurer sur votre liste de mariage.<\/p>\n","protected":false},"excerpt":{"rendered":"<p>FE-DMCAT008<\/p>\n","protected":false},"featured_media":16025,"comment_status":"open","ping_status":"closed","template":"","meta":[],"product_brand":[],"product_cat":[1056],"product_tag":[],"class_list":{"0":"post-16024","1":"product","2":"type-product","3":"status-publish","4":"has-post-thumbnail","6":"product_cat-petits-equipements-et-ustensiles","8":"first","9":"instock","10":"shipping-taxable","11":"purchasable","12":"product-type-simple","13":"add-to-wishlist-after_add_to_cart"},"_links":{"self":[{"href":"https:\/\/twentyninestore.com\/fr_fr\/wp-json\/wp\/v2\/product\/16024","targetHints":{"allow":["GET"]}}],"collection":[{"href":"https:\/\/twentyninestore.com\/fr_fr\/wp-json\/wp\/v2\/product"}],"about":[{"href":"https:\/\/twentyninestore.com\/fr_fr\/wp-json\/wp\/v2\/types\/product"}],"replies":[{"embeddable":true,"href":"https:\/\/twentyninestore.com\/fr_fr\/wp-json\/wp\/v2\/comments?post=16024"}],"version-history":[{"count":2,"href":"https:\/\/twentyninestore.com\/fr_fr\/wp-json\/wp\/v2\/product\/16024\/revisions"}],"predecessor-version":[{"id":16675,"href":"https:\/\/twentyninestore.com\/fr_fr\/wp-json\/wp\/v2\/product\/16024\/revisions\/16675"}],"wp:featuredmedia":[{"embeddable":true,"href":"https:\/\/twentyninestore.com\/fr_fr\/wp-json\/wp\/v2\/media\/16025"}],"wp:attachment":[{"href":"https:\/\/twentyninestore.com\/fr_fr\/wp-json\/wp\/v2\/media?parent=16024"}],"wp:term":[{"taxonomy":"product_brand","embeddable":true,"href":"https:\/\/twentyninestore.com\/fr_fr\/wp-json\/wp\/v2\/product_brand?post=16024"},{"taxonomy":"product_cat","embeddable":true,"href":"https:\/\/twentyninestore.com\/fr_fr\/wp-json\/wp\/v2\/product_cat?post=16024"},{"taxonomy":"product_tag","embeddable":true,"href":"https:\/\/twentyninestore.com\/fr_fr\/wp-json\/wp\/v2\/product_tag?post=16024"}],"curies":[{"name":"wp","href":"https:\/\/api.w.org\/{rel}","templated":true}]}}