{"id":16083,"date":"2025-03-28T03:50:49","date_gmt":"2025-03-28T03:50:49","guid":{"rendered":"https:\/\/twentyninestore.com\/?post_type=product&#038;p=16083"},"modified":"2025-04-14T07:48:02","modified_gmt":"2025-04-14T07:48:02","slug":"brosses-nettoyage-casseroles","status":"publish","type":"product","link":"https:\/\/twentyninestore.com\/fr_fr\/product\/brosses-nettoyage-casseroles\/","title":{"rendered":"Brosses Nettoyage casseroles"},"content":{"rendered":"<div class=\"h-full w-full\">\n<div class=\" mt-4 h-full w-full\">\n<div class=\"flex h-full w-full animate-fade-in flex-col items-start justify-start gap-8 bg-page \">\n<div class=\"flex h-full min-h-32 w-full flex-col gap-x-8 gap-y-4 lg:flex-row\">\n<div class=\"h-full w-full flex-col items-start justify-start space-y-4 rounded-md border border-border bg-background p-4 text-lg\">\n<div class=\"h-full w-full rounded-md border border-border p-2\">\n<div class=\"quill \">\n<div class=\"ql-container ql-bubble ql-disabled\">\n<div class=\"ql-editor\" contenteditable=\"false\" data-gramm=\"false\">\n<ul>\n<li>\u2641Appuyez rapidement sur le liquide : cette brosse \u00e0 r\u00e9curer la vaisselle vous permet d&rsquo;appuyer sur le liquide avec un bouton, ce qui le rend pratique et rapide. Vous pouvez \u00e9conomiser du temps et de l&rsquo;\u00e9nergie sans avoir \u00e0 remplir de d\u00e9tergent ni \u00e0 utiliser trop de savon.<\/li>\n<li>\u2641Poils haute densit\u00e9 : le manche de la brosse de cuisine est fabriqu\u00e9 en ABS, un mat\u00e9riau robuste et l\u00e9ger, tandis que la t\u00eate de brosse a un fort pouvoir de nettoyage avec des poils haute densit\u00e9 qui sont durables, ne se d\u00e9forment pas et ne tombent pas facilement.<\/li>\n<li>\u2641Transparent et visible : la brosse \u00e0 r\u00e9curer pour vaisselle dispose d&rsquo;un r\u00e9servoir de stockage de liquide qui peut \u00eatre r\u00e9approvisionn\u00e9 \u00e0 temps. Vous pouvez facilement voir la quantit\u00e9 de liquide restante car le r\u00e9servoir est con\u00e7u comme un mat\u00e9riau transparent.<\/li>\n<li>\u2641Prise en main confortable : cette brosse \u00e0 vaisselle a un manche de 25 cm de long qui vous offre une prise en main confortable et un meilleur contr\u00f4le sur le processus de nettoyage. Vous pouvez atteindre le fond et les coins du pot sans vous blesser les doigts et obtenir un nettoyage plus approfondi.<\/li>\n<li>\u2641Applications multiples : cette brosse \u00e0 r\u00e9curer de cuisine n&rsquo;est pas seulement destin\u00e9e au nettoyage des casseroles et des ustensiles. peut \u00e9galement s&rsquo;attaquer aux surfaces de la cuisine comme les plaques de cuisson, les \u00e9viers et les carreaux. C&rsquo;est un outil qui peut tout faire pour votre cuisine.<\/li>\n<\/ul>\n<\/div>\n<\/div>\n<\/div>\n<\/div>\n<\/div>\n<\/div>\n<\/div>\n<\/div>\n<\/div>\n<div class=\"relative flex h-full flex-col items-start justify-start rounded-md border border-border xl:h-[20rem] \">\n<div class=\"flex h-full w-full flex-col items-start justify-start gap-x-8 gap-y-8 overflow-y-hidden bg-background p-4 py-10 lg:flex-row lg:p-8 xl:gap-x-16 \">\n<div class=\" flex-col space-y-5\"><\/div>\n<\/div>\n<\/div>\n","protected":false},"excerpt":{"rendered":"<p>FE-DMCAT012<\/p>\n","protected":false},"featured_media":16084,"comment_status":"open","ping_status":"closed","template":"","meta":[],"product_brand":[],"product_cat":[1056],"product_tag":[],"class_list":{"0":"post-16083","1":"product","2":"type-product","3":"status-publish","4":"has-post-thumbnail","6":"product_cat-petits-equipements-et-ustensiles","8":"first","9":"instock","10":"shipping-taxable","11":"purchasable","12":"product-type-simple","13":"add-to-wishlist-after_add_to_cart"},"_links":{"self":[{"href":"https:\/\/twentyninestore.com\/fr_fr\/wp-json\/wp\/v2\/product\/16083","targetHints":{"allow":["GET"]}}],"collection":[{"href":"https:\/\/twentyninestore.com\/fr_fr\/wp-json\/wp\/v2\/product"}],"about":[{"href":"https:\/\/twentyninestore.com\/fr_fr\/wp-json\/wp\/v2\/types\/product"}],"replies":[{"embeddable":true,"href":"https:\/\/twentyninestore.com\/fr_fr\/wp-json\/wp\/v2\/comments?post=16083"}],"version-history":[{"count":1,"href":"https:\/\/twentyninestore.com\/fr_fr\/wp-json\/wp\/v2\/product\/16083\/revisions"}],"predecessor-version":[{"id":16089,"href":"https:\/\/twentyninestore.com\/fr_fr\/wp-json\/wp\/v2\/product\/16083\/revisions\/16089"}],"wp:featuredmedia":[{"embeddable":true,"href":"https:\/\/twentyninestore.com\/fr_fr\/wp-json\/wp\/v2\/media\/16084"}],"wp:attachment":[{"href":"https:\/\/twentyninestore.com\/fr_fr\/wp-json\/wp\/v2\/media?parent=16083"}],"wp:term":[{"taxonomy":"product_brand","embeddable":true,"href":"https:\/\/twentyninestore.com\/fr_fr\/wp-json\/wp\/v2\/product_brand?post=16083"},{"taxonomy":"product_cat","embeddable":true,"href":"https:\/\/twentyninestore.com\/fr_fr\/wp-json\/wp\/v2\/product_cat?post=16083"},{"taxonomy":"product_tag","embeddable":true,"href":"https:\/\/twentyninestore.com\/fr_fr\/wp-json\/wp\/v2\/product_tag?post=16083"}],"curies":[{"name":"wp","href":"https:\/\/api.w.org\/{rel}","templated":true}]}}