{"id":16094,"date":"2025-03-28T04:02:59","date_gmt":"2025-03-28T04:02:59","guid":{"rendered":"https:\/\/twentyninestore.com\/?post_type=product&#038;p=16094"},"modified":"2025-04-13T18:30:34","modified_gmt":"2025-04-13T18:30:34","slug":"boite-a-lunch-electrique","status":"publish","type":"product","link":"https:\/\/twentyninestore.com\/fr_fr\/product\/boite-a-lunch-electrique\/","title":{"rendered":"Bo\u00eete \u00e0 lunch \u00e9lectrique"},"content":{"rendered":"<ul>\n<li><strong><em>produit : simple<\/em><\/strong><\/li>\n<li><strong><em>Cat\u00e9gorie : Cuisine<\/em><\/strong><\/li>\n<li><strong><em>Avis : tr\u00e8s efficace<\/em><\/strong><\/li>\n<\/ul>\n","protected":false},"excerpt":{"rendered":"<p>FE-DMCAT047<\/p>\n","protected":false},"featured_media":16682,"comment_status":"open","ping_status":"closed","template":"","meta":[],"product_brand":[],"product_cat":[1056],"product_tag":[],"class_list":{"0":"post-16094","1":"product","2":"type-product","3":"status-publish","4":"has-post-thumbnail","6":"product_cat-petits-equipements-et-ustensiles","8":"first","9":"instock","10":"shipping-taxable","11":"purchasable","12":"product-type-simple","13":"add-to-wishlist-after_add_to_cart"},"_links":{"self":[{"href":"https:\/\/twentyninestore.com\/fr_fr\/wp-json\/wp\/v2\/product\/16094","targetHints":{"allow":["GET"]}}],"collection":[{"href":"https:\/\/twentyninestore.com\/fr_fr\/wp-json\/wp\/v2\/product"}],"about":[{"href":"https:\/\/twentyninestore.com\/fr_fr\/wp-json\/wp\/v2\/types\/product"}],"replies":[{"embeddable":true,"href":"https:\/\/twentyninestore.com\/fr_fr\/wp-json\/wp\/v2\/comments?post=16094"}],"version-history":[{"count":1,"href":"https:\/\/twentyninestore.com\/fr_fr\/wp-json\/wp\/v2\/product\/16094\/revisions"}],"predecessor-version":[{"id":16095,"href":"https:\/\/twentyninestore.com\/fr_fr\/wp-json\/wp\/v2\/product\/16094\/revisions\/16095"}],"wp:featuredmedia":[{"embeddable":true,"href":"https:\/\/twentyninestore.com\/fr_fr\/wp-json\/wp\/v2\/media\/16682"}],"wp:attachment":[{"href":"https:\/\/twentyninestore.com\/fr_fr\/wp-json\/wp\/v2\/media?parent=16094"}],"wp:term":[{"taxonomy":"product_brand","embeddable":true,"href":"https:\/\/twentyninestore.com\/fr_fr\/wp-json\/wp\/v2\/product_brand?post=16094"},{"taxonomy":"product_cat","embeddable":true,"href":"https:\/\/twentyninestore.com\/fr_fr\/wp-json\/wp\/v2\/product_cat?post=16094"},{"taxonomy":"product_tag","embeddable":true,"href":"https:\/\/twentyninestore.com\/fr_fr\/wp-json\/wp\/v2\/product_tag?post=16094"}],"curies":[{"name":"wp","href":"https:\/\/api.w.org\/{rel}","templated":true}]}}