{"id":16096,"date":"2025-03-28T04:13:09","date_gmt":"2025-03-28T04:13:09","guid":{"rendered":"https:\/\/twentyninestore.com\/?post_type=product&#038;p=16096"},"modified":"2025-04-13T18:31:53","modified_gmt":"2025-04-13T18:31:53","slug":"bouteille-de-presse-agrumes-portable-aste-cup","status":"publish","type":"product","link":"https:\/\/twentyninestore.com\/fr_fr\/product\/bouteille-de-presse-agrumes-portable-aste-cup\/","title":{"rendered":"Bouteille de presse-agrumes Portable ASTE CUP"},"content":{"rendered":"<p>Bouteille de presse-agrumes polyvalente de grande capacit\u00e9 \u00c9quip\u00e9e de 4\/10 pi\u00e8ces de lames en acier inoxydable 304 et d\u2019un moteur puissant, cette bouteille de presse-agrumes peut presser efficacement le jus des fruits et l\u00e9gumes, vous permettant de savourer des boissons nutritives. Grande capacit\u00e9 de 1 500 ml : avec une capacit\u00e9 allant jusqu\u2019\u00e0 1 500 ml, cette bouteille de presse-agrumes vous permet de pr\u00e9parer de grandes quantit\u00e9s de jus ou de smoothies, parfaits pour partager avec vos amis et votre famille.<br \/>\nPortabilit\u00e9 sans fil et rechargeable : le mixeur dispose d\u2019une batterie rechargeable int\u00e9gr\u00e9e de 1 500 mAh qui peut \u00eatre compl\u00e8tement charg\u00e9e en 2 \u00e0 3 heures via un ordinateur ou une autre source d\u2019alimentation USB.<\/p>\n<p>Capacit\u00e9 : 1500 mah<br \/>\nButtery : 7.4V<br \/>\nMillilitres Mat\u00e9riau Plastique<br \/>\nComposants inclus non<\/p>\n","protected":false},"excerpt":{"rendered":"<p>FE-DMCAT046<\/p>\n","protected":false},"featured_media":16101,"comment_status":"open","ping_status":"closed","template":"","meta":[],"product_brand":[],"product_cat":[1056],"product_tag":[],"class_list":{"0":"post-16096","1":"product","2":"type-product","3":"status-publish","4":"has-post-thumbnail","6":"product_cat-petits-equipements-et-ustensiles","8":"first","9":"instock","10":"shipping-taxable","11":"purchasable","12":"product-type-simple","13":"add-to-wishlist-after_add_to_cart"},"_links":{"self":[{"href":"https:\/\/twentyninestore.com\/fr_fr\/wp-json\/wp\/v2\/product\/16096","targetHints":{"allow":["GET"]}}],"collection":[{"href":"https:\/\/twentyninestore.com\/fr_fr\/wp-json\/wp\/v2\/product"}],"about":[{"href":"https:\/\/twentyninestore.com\/fr_fr\/wp-json\/wp\/v2\/types\/product"}],"replies":[{"embeddable":true,"href":"https:\/\/twentyninestore.com\/fr_fr\/wp-json\/wp\/v2\/comments?post=16096"}],"version-history":[{"count":1,"href":"https:\/\/twentyninestore.com\/fr_fr\/wp-json\/wp\/v2\/product\/16096\/revisions"}],"predecessor-version":[{"id":16102,"href":"https:\/\/twentyninestore.com\/fr_fr\/wp-json\/wp\/v2\/product\/16096\/revisions\/16102"}],"wp:featuredmedia":[{"embeddable":true,"href":"https:\/\/twentyninestore.com\/fr_fr\/wp-json\/wp\/v2\/media\/16101"}],"wp:attachment":[{"href":"https:\/\/twentyninestore.com\/fr_fr\/wp-json\/wp\/v2\/media?parent=16096"}],"wp:term":[{"taxonomy":"product_brand","embeddable":true,"href":"https:\/\/twentyninestore.com\/fr_fr\/wp-json\/wp\/v2\/product_brand?post=16096"},{"taxonomy":"product_cat","embeddable":true,"href":"https:\/\/twentyninestore.com\/fr_fr\/wp-json\/wp\/v2\/product_cat?post=16096"},{"taxonomy":"product_tag","embeddable":true,"href":"https:\/\/twentyninestore.com\/fr_fr\/wp-json\/wp\/v2\/product_tag?post=16096"}],"curies":[{"name":"wp","href":"https:\/\/api.w.org\/{rel}","templated":true}]}}