{"id":16198,"date":"2025-03-30T01:01:51","date_gmt":"2025-03-30T01:01:51","guid":{"rendered":"https:\/\/twentyninestore.com\/?post_type=product&#038;p=16198"},"modified":"2025-04-13T18:34:28","modified_gmt":"2025-04-13T18:34:28","slug":"poele-mbh-a-4-trous-ecologique","status":"publish","type":"product","link":"https:\/\/twentyninestore.com\/fr_fr\/product\/poele-mbh-a-4-trous-ecologique\/","title":{"rendered":"Po\u00eale MBH \u00e0 4 trous \u00e9cologique"},"content":{"rendered":"<p>Po\u00eales \u00e0 \u0152ufs\u00a0Antiadh\u00e9sives en Aluminium Cr\u00eapi\u00e8re de Petit-D\u00e9jeuner Sain pour Cuisini\u00e8re \u00e0 Induction Cuisini\u00e8re \u00e0 Gaz Poign\u00e9e en Grain de Bois<\/p>\n<p>La po\u00eale \u00e0 omelettes MBH \u00e9cologique\u00a0\u00e0 4 trous est une po\u00eale antiadh\u00e9sive polyvalente qui peut \u00eatre utilis\u00e9e sur une vari\u00e9t\u00e9 de tables de cuisson, avec un design ergonomique pour une utilisation confortable et un nettoyage facile.<\/p>\n<p>Largement utilis\u00e9 :\u00a0forte compatibilit\u00e9, peut \u00eatre utilis\u00e9 sur une cuisini\u00e8re \u00e0 gaz, une cuisini\u00e8re \u00e0 induction, une cuisini\u00e8re \u00e9lectrique en c\u00e9ramique.<\/p>\n<p>Poign\u00e9e en bois anti br\u00fblure\u00a0\u2013 poign\u00e9e anti br\u00fblure et isolante thermique, conception ergonomique, confortable.<\/p>\n<p>Po\u00eale \u00e0 omelette \u00e0 4 trous :\u00a0conception \u00e0 quatre trous, vous pouvez faire frire quatre \u0153ufs ou hamburgers avec diff\u00e9rentes saveurs en m\u00eame temps ou faire frire quatre aliments diff\u00e9rents, r\u00e9pondant aux besoins quotidiens du petit-d\u00e9jeuner des familles.<\/p>\n<p>Facile \u00e0 utiliser :\u00a0la surface int\u00e9rieure du moule est trait\u00e9e avec un rev\u00eatement antiadh\u00e9sif, ce qui rend le plat de cuisson plus facile \u00e0 utiliser et plus hygi\u00e9nique.<\/p>\n<p>Utilisation fiable :\u00a0connexion rivet\u00e9e, la connexion est tr\u00e8s solide, pas facile \u00e0 tomber, s\u00fbre et fiable. Si vous rencontrez un probl\u00e8me, n\u2019h\u00e9sitez pas \u00e0 nous contacter, nous pouvons prendre en charge un retour sous 60 jours pour un remboursement.<\/p>\n<p>La po\u00eale \u00e0 omelettes \u00e0 4 trous est une po\u00eale antiadh\u00e9sive con\u00e7ue\u00a0pour pr\u00e9parer des omelettes, des cr\u00eapes et d\u2019autres plats de petit-d\u00e9jeuner.<\/p>\n<p>La po\u00eale a un manche en grain de bois et est fabriqu\u00e9e en aluminium, ce qui la rend l\u00e9g\u00e8re et facile \u00e0 utiliser. Bien que certains clients aient signal\u00e9 des probl\u00e8mes li\u00e9s \u00e0 des pi\u00e8ces incorrectes ou manquantes, dans l\u2019ensemble, les clients \u00e9taient satisfaits des performances de la po\u00eale.<\/p>\n","protected":false},"excerpt":{"rendered":"<p>FE-DMCAT043<\/p>\n","protected":false},"featured_media":16199,"comment_status":"open","ping_status":"closed","template":"","meta":[],"product_brand":[],"product_cat":[1056],"product_tag":[],"class_list":{"0":"post-16198","1":"product","2":"type-product","3":"status-publish","4":"has-post-thumbnail","6":"product_cat-petits-equipements-et-ustensiles","8":"first","9":"instock","10":"shipping-taxable","11":"purchasable","12":"product-type-simple","13":"add-to-wishlist-after_add_to_cart"},"_links":{"self":[{"href":"https:\/\/twentyninestore.com\/fr_fr\/wp-json\/wp\/v2\/product\/16198","targetHints":{"allow":["GET"]}}],"collection":[{"href":"https:\/\/twentyninestore.com\/fr_fr\/wp-json\/wp\/v2\/product"}],"about":[{"href":"https:\/\/twentyninestore.com\/fr_fr\/wp-json\/wp\/v2\/types\/product"}],"replies":[{"embeddable":true,"href":"https:\/\/twentyninestore.com\/fr_fr\/wp-json\/wp\/v2\/comments?post=16198"}],"version-history":[{"count":1,"href":"https:\/\/twentyninestore.com\/fr_fr\/wp-json\/wp\/v2\/product\/16198\/revisions"}],"predecessor-version":[{"id":16200,"href":"https:\/\/twentyninestore.com\/fr_fr\/wp-json\/wp\/v2\/product\/16198\/revisions\/16200"}],"wp:featuredmedia":[{"embeddable":true,"href":"https:\/\/twentyninestore.com\/fr_fr\/wp-json\/wp\/v2\/media\/16199"}],"wp:attachment":[{"href":"https:\/\/twentyninestore.com\/fr_fr\/wp-json\/wp\/v2\/media?parent=16198"}],"wp:term":[{"taxonomy":"product_brand","embeddable":true,"href":"https:\/\/twentyninestore.com\/fr_fr\/wp-json\/wp\/v2\/product_brand?post=16198"},{"taxonomy":"product_cat","embeddable":true,"href":"https:\/\/twentyninestore.com\/fr_fr\/wp-json\/wp\/v2\/product_cat?post=16198"},{"taxonomy":"product_tag","embeddable":true,"href":"https:\/\/twentyninestore.com\/fr_fr\/wp-json\/wp\/v2\/product_tag?post=16198"}],"curies":[{"name":"wp","href":"https:\/\/api.w.org\/{rel}","templated":true}]}}