{"id":16209,"date":"2025-03-30T01:24:18","date_gmt":"2025-03-30T01:24:18","guid":{"rendered":"https:\/\/twentyninestore.com\/?post_type=product&#038;p=16209"},"modified":"2025-04-14T07:48:49","modified_gmt":"2025-04-14T07:48:49","slug":"boite-de-rangement","status":"publish","type":"product","link":"https:\/\/twentyninestore.com\/fr_fr\/product\/boite-de-rangement\/","title":{"rendered":"Bo\u00eete de Rangement"},"content":{"rendered":"<ul>\n<li>Couleurs contrast\u00e9es pour am\u00e9liorer l&rsquo;apparence de la cuisine.<\/li>\n<li>Contiends facilement toutes sortes d&rsquo;assaisonnements et le stockage de comptoir est plus rang\u00e9.<\/li>\n<li>L&rsquo;ensemble contient une coque et quatre petits compartiments internes, qui peuvent \u00eatre utilis\u00e9s pour contenir diff\u00e9rentes assaisonnements, ce qui est un bon assistant pour la cuisson.<\/li>\n<li>Le couvercle de poussi\u00e8re transparent intime emp\u00eache l&rsquo;eau et l&rsquo;huile dans la cuisine d&rsquo;entrer dans la poussi\u00e8re et de l&rsquo;eau, ce qui rend le stockage plus s\u00fbr.<\/li>\n<\/ul>\n","protected":false},"excerpt":{"rendered":"<p>FE-DMCAT013<\/p>\n","protected":false},"featured_media":16210,"comment_status":"open","ping_status":"closed","template":"","meta":[],"product_brand":[],"product_cat":[1056],"product_tag":[],"class_list":{"0":"post-16209","1":"product","2":"type-product","3":"status-publish","4":"has-post-thumbnail","6":"product_cat-petits-equipements-et-ustensiles","8":"first","9":"instock","10":"shipping-taxable","11":"purchasable","12":"product-type-simple","13":"add-to-wishlist-after_add_to_cart"},"_links":{"self":[{"href":"https:\/\/twentyninestore.com\/fr_fr\/wp-json\/wp\/v2\/product\/16209","targetHints":{"allow":["GET"]}}],"collection":[{"href":"https:\/\/twentyninestore.com\/fr_fr\/wp-json\/wp\/v2\/product"}],"about":[{"href":"https:\/\/twentyninestore.com\/fr_fr\/wp-json\/wp\/v2\/types\/product"}],"replies":[{"embeddable":true,"href":"https:\/\/twentyninestore.com\/fr_fr\/wp-json\/wp\/v2\/comments?post=16209"}],"version-history":[{"count":1,"href":"https:\/\/twentyninestore.com\/fr_fr\/wp-json\/wp\/v2\/product\/16209\/revisions"}],"predecessor-version":[{"id":16211,"href":"https:\/\/twentyninestore.com\/fr_fr\/wp-json\/wp\/v2\/product\/16209\/revisions\/16211"}],"wp:featuredmedia":[{"embeddable":true,"href":"https:\/\/twentyninestore.com\/fr_fr\/wp-json\/wp\/v2\/media\/16210"}],"wp:attachment":[{"href":"https:\/\/twentyninestore.com\/fr_fr\/wp-json\/wp\/v2\/media?parent=16209"}],"wp:term":[{"taxonomy":"product_brand","embeddable":true,"href":"https:\/\/twentyninestore.com\/fr_fr\/wp-json\/wp\/v2\/product_brand?post=16209"},{"taxonomy":"product_cat","embeddable":true,"href":"https:\/\/twentyninestore.com\/fr_fr\/wp-json\/wp\/v2\/product_cat?post=16209"},{"taxonomy":"product_tag","embeddable":true,"href":"https:\/\/twentyninestore.com\/fr_fr\/wp-json\/wp\/v2\/product_tag?post=16209"}],"curies":[{"name":"wp","href":"https:\/\/api.w.org\/{rel}","templated":true}]}}