{"id":16212,"date":"2025-03-30T01:30:25","date_gmt":"2025-03-30T01:30:25","guid":{"rendered":"https:\/\/twentyninestore.com\/?post_type=product&#038;p=16212"},"modified":"2025-04-14T09:07:48","modified_gmt":"2025-04-14T09:07:48","slug":"distributeur-alimentaire-a-360","status":"publish","type":"product","link":"https:\/\/twentyninestore.com\/fr_fr\/product\/distributeur-alimentaire-a-360\/","title":{"rendered":"distributeur alimentaire \u00e0 360 \u00b0"},"content":{"rendered":"<ul>\n<li>R\u00e9cipient de rangement de nourriture sec \u00e0 grande capacit\u00e9 &#8211; Notre r\u00e9cipient de stockage a une capacit\u00e9 de 10 kg \/ 22 lb, 12,5 kg \/ 27 lb de nourriture s\u00e8che, peut stocker jusqu&rsquo;\u00e0 6 aliments secs diff\u00e9rents, gardez votre cuisine organis\u00e9e.<\/li>\n<li>Belle aide \u00e0 la cuisine &#8211; Notre distributeur alimentaire est fait de qualit\u00e9 alimentaire PP + animal de compagnie Mat\u00e9riau, r\u00e9sistant \u00e0 une temp\u00e9rature \u00e9lev\u00e9e et n&rsquo;a pas d&rsquo;odeur particuli\u00e8re. Vous pouvez stocker votre nourriture avec confiance. La fen\u00eatre transparente vous permet d&rsquo;observer le volume de stockage pour une r\u00e9approvisionnement en temps opportun.<\/li>\n<\/ul>\n","protected":false},"excerpt":{"rendered":"<p>FE-DMCAT014<\/p>\n","protected":false},"featured_media":16213,"comment_status":"open","ping_status":"closed","template":"","meta":[],"product_brand":[],"product_cat":[1056],"product_tag":[],"class_list":{"0":"post-16212","1":"product","2":"type-product","3":"status-publish","4":"has-post-thumbnail","6":"product_cat-petits-equipements-et-ustensiles","8":"first","9":"instock","10":"shipping-taxable","11":"purchasable","12":"product-type-simple","13":"add-to-wishlist-after_add_to_cart"},"_links":{"self":[{"href":"https:\/\/twentyninestore.com\/fr_fr\/wp-json\/wp\/v2\/product\/16212","targetHints":{"allow":["GET"]}}],"collection":[{"href":"https:\/\/twentyninestore.com\/fr_fr\/wp-json\/wp\/v2\/product"}],"about":[{"href":"https:\/\/twentyninestore.com\/fr_fr\/wp-json\/wp\/v2\/types\/product"}],"replies":[{"embeddable":true,"href":"https:\/\/twentyninestore.com\/fr_fr\/wp-json\/wp\/v2\/comments?post=16212"}],"version-history":[{"count":1,"href":"https:\/\/twentyninestore.com\/fr_fr\/wp-json\/wp\/v2\/product\/16212\/revisions"}],"predecessor-version":[{"id":16214,"href":"https:\/\/twentyninestore.com\/fr_fr\/wp-json\/wp\/v2\/product\/16212\/revisions\/16214"}],"wp:featuredmedia":[{"embeddable":true,"href":"https:\/\/twentyninestore.com\/fr_fr\/wp-json\/wp\/v2\/media\/16213"}],"wp:attachment":[{"href":"https:\/\/twentyninestore.com\/fr_fr\/wp-json\/wp\/v2\/media?parent=16212"}],"wp:term":[{"taxonomy":"product_brand","embeddable":true,"href":"https:\/\/twentyninestore.com\/fr_fr\/wp-json\/wp\/v2\/product_brand?post=16212"},{"taxonomy":"product_cat","embeddable":true,"href":"https:\/\/twentyninestore.com\/fr_fr\/wp-json\/wp\/v2\/product_cat?post=16212"},{"taxonomy":"product_tag","embeddable":true,"href":"https:\/\/twentyninestore.com\/fr_fr\/wp-json\/wp\/v2\/product_tag?post=16212"}],"curies":[{"name":"wp","href":"https:\/\/api.w.org\/{rel}","templated":true}]}}