{"id":16246,"date":"2025-03-30T02:26:28","date_gmt":"2025-03-30T02:26:28","guid":{"rendered":"https:\/\/twentyninestore.com\/?post_type=product&#038;p=16246"},"modified":"2025-04-14T09:17:49","modified_gmt":"2025-04-14T09:17:49","slug":"egouttoir-a-vaisselle","status":"publish","type":"product","link":"https:\/\/twentyninestore.com\/fr_fr\/product\/egouttoir-a-vaisselle\/","title":{"rendered":"\u00c9gouttoir \u00e0 Vaisselle"},"content":{"rendered":"<p>100 % neuf et de haute qualit\u00e9 Fabriqu\u00e9 avec des mat\u00e9riaux de qualit\u00e9 sup\u00e9rieure, durables et pratiques. Support en m\u00e9tal enduit, sans rayures et prot\u00e8ge la vaisselle, design styl\u00e9 et \u00e9l\u00e9gant. Permet d&rsquo;\u00e9conomiser des tonnes d&rsquo;espace et de temps en facilitant l&rsquo;acc\u00e8s aux ustensiles et aux fournitures, rendant votre cuisine plus propre et bien rang\u00e9e. Conception de grande structure, plus stable. Structure \u00e0 clipser pour un retrait facile, pratique pour le nettoyage quotidien. Il est livr\u00e9 avec un bac d&rsquo;\u00e9gouttage en dessous qui permet \u00e0 l&rsquo;eau de s&rsquo;\u00e9couler dans l&rsquo;\u00e9vier et qui est facilement amovible pour le nettoyage. Convient pour les plats,<\/p>\n","protected":false},"excerpt":{"rendered":"<p>FE-DMCAT036<\/p>\n","protected":false},"featured_media":16247,"comment_status":"open","ping_status":"closed","template":"","meta":[],"product_brand":[],"product_cat":[1056],"product_tag":[],"class_list":{"0":"post-16246","1":"product","2":"type-product","3":"status-publish","4":"has-post-thumbnail","6":"product_cat-petits-equipements-et-ustensiles","8":"first","9":"instock","10":"shipping-taxable","11":"purchasable","12":"product-type-simple","13":"add-to-wishlist-after_add_to_cart"},"_links":{"self":[{"href":"https:\/\/twentyninestore.com\/fr_fr\/wp-json\/wp\/v2\/product\/16246","targetHints":{"allow":["GET"]}}],"collection":[{"href":"https:\/\/twentyninestore.com\/fr_fr\/wp-json\/wp\/v2\/product"}],"about":[{"href":"https:\/\/twentyninestore.com\/fr_fr\/wp-json\/wp\/v2\/types\/product"}],"replies":[{"embeddable":true,"href":"https:\/\/twentyninestore.com\/fr_fr\/wp-json\/wp\/v2\/comments?post=16246"}],"version-history":[{"count":1,"href":"https:\/\/twentyninestore.com\/fr_fr\/wp-json\/wp\/v2\/product\/16246\/revisions"}],"predecessor-version":[{"id":16248,"href":"https:\/\/twentyninestore.com\/fr_fr\/wp-json\/wp\/v2\/product\/16246\/revisions\/16248"}],"wp:featuredmedia":[{"embeddable":true,"href":"https:\/\/twentyninestore.com\/fr_fr\/wp-json\/wp\/v2\/media\/16247"}],"wp:attachment":[{"href":"https:\/\/twentyninestore.com\/fr_fr\/wp-json\/wp\/v2\/media?parent=16246"}],"wp:term":[{"taxonomy":"product_brand","embeddable":true,"href":"https:\/\/twentyninestore.com\/fr_fr\/wp-json\/wp\/v2\/product_brand?post=16246"},{"taxonomy":"product_cat","embeddable":true,"href":"https:\/\/twentyninestore.com\/fr_fr\/wp-json\/wp\/v2\/product_cat?post=16246"},{"taxonomy":"product_tag","embeddable":true,"href":"https:\/\/twentyninestore.com\/fr_fr\/wp-json\/wp\/v2\/product_tag?post=16246"}],"curies":[{"name":"wp","href":"https:\/\/api.w.org\/{rel}","templated":true}]}}