{"id":16262,"date":"2025-03-30T02:40:21","date_gmt":"2025-03-30T02:40:21","guid":{"rendered":"https:\/\/twentyninestore.com\/?post_type=product&#038;p=16262"},"modified":"2025-04-14T09:31:21","modified_gmt":"2025-04-14T09:31:21","slug":"electric-grinder","status":"publish","type":"product","link":"https:\/\/twentyninestore.com\/fr_fr\/product\/electric-grinder\/","title":{"rendered":"Electric Grinder"},"content":{"rendered":"<pre class=\"ql-syntax\" spellcheck=\"false\">Equip\u00e9 d'un puissant moteur de 300 W (220 V) et d'une capacit\u00e9 de 500 ml, il peut terminer le broyage en peu de temps. Par rapport aux meuleuses manuelles traditionnelles, l'efficacit\u00e9 de broyage est augment\u00e9e de 30 fois. T\u00eate de coupe en acier int\u00e9gr\u00e9e pour une coupe rapide de la poudre fine.<\/pre>\n","protected":false},"excerpt":{"rendered":"<p>FE-DMCAT022<\/p>\n","protected":false},"featured_media":16263,"comment_status":"open","ping_status":"closed","template":"","meta":[],"product_brand":[],"product_cat":[1056],"product_tag":[],"class_list":{"0":"post-16262","1":"product","2":"type-product","3":"status-publish","4":"has-post-thumbnail","6":"product_cat-petits-equipements-et-ustensiles","8":"first","9":"instock","10":"shipping-taxable","11":"purchasable","12":"product-type-simple","13":"add-to-wishlist-after_add_to_cart"},"_links":{"self":[{"href":"https:\/\/twentyninestore.com\/fr_fr\/wp-json\/wp\/v2\/product\/16262","targetHints":{"allow":["GET"]}}],"collection":[{"href":"https:\/\/twentyninestore.com\/fr_fr\/wp-json\/wp\/v2\/product"}],"about":[{"href":"https:\/\/twentyninestore.com\/fr_fr\/wp-json\/wp\/v2\/types\/product"}],"replies":[{"embeddable":true,"href":"https:\/\/twentyninestore.com\/fr_fr\/wp-json\/wp\/v2\/comments?post=16262"}],"version-history":[{"count":1,"href":"https:\/\/twentyninestore.com\/fr_fr\/wp-json\/wp\/v2\/product\/16262\/revisions"}],"predecessor-version":[{"id":16264,"href":"https:\/\/twentyninestore.com\/fr_fr\/wp-json\/wp\/v2\/product\/16262\/revisions\/16264"}],"wp:featuredmedia":[{"embeddable":true,"href":"https:\/\/twentyninestore.com\/fr_fr\/wp-json\/wp\/v2\/media\/16263"}],"wp:attachment":[{"href":"https:\/\/twentyninestore.com\/fr_fr\/wp-json\/wp\/v2\/media?parent=16262"}],"wp:term":[{"taxonomy":"product_brand","embeddable":true,"href":"https:\/\/twentyninestore.com\/fr_fr\/wp-json\/wp\/v2\/product_brand?post=16262"},{"taxonomy":"product_cat","embeddable":true,"href":"https:\/\/twentyninestore.com\/fr_fr\/wp-json\/wp\/v2\/product_cat?post=16262"},{"taxonomy":"product_tag","embeddable":true,"href":"https:\/\/twentyninestore.com\/fr_fr\/wp-json\/wp\/v2\/product_tag?post=16262"}],"curies":[{"name":"wp","href":"https:\/\/api.w.org\/{rel}","templated":true}]}}