{"id":16268,"date":"2025-03-30T02:43:39","date_gmt":"2025-03-30T02:43:39","guid":{"rendered":"https:\/\/twentyninestore.com\/?post_type=product&#038;p=16268"},"modified":"2025-04-14T09:29:50","modified_gmt":"2025-04-14T09:29:50","slug":"bouilloire-electrique-pliante","status":"publish","type":"product","link":"https:\/\/twentyninestore.com\/fr_fr\/product\/bouilloire-electrique-pliante\/","title":{"rendered":"Bouilloire \u00c9lectrique Pliante"},"content":{"rendered":"<p>S\u00e9curit\u00e9 des mat\u00e9riaux : 100 % de qualit\u00e9 alimentaire \u00e0 l&rsquo;int\u00e9rieur, garantissant qu&rsquo;aucun plastique n&rsquo;entrera en contact avec l&rsquo;eau chaude, vous apportant une eau potable plus propre et plus saine et sans substances nocives.La bouilloire \u00e9lectrique est parfaite pour ceux qui recherchent une th\u00e9i\u00e8re s\u00fbre et fiable.<\/p>\n","protected":false},"excerpt":{"rendered":"<p>FE-DMCAT020<\/p>\n","protected":false},"featured_media":16269,"comment_status":"open","ping_status":"closed","template":"","meta":[],"product_brand":[],"product_cat":[1056],"product_tag":[],"class_list":{"0":"post-16268","1":"product","2":"type-product","3":"status-publish","4":"has-post-thumbnail","6":"product_cat-petits-equipements-et-ustensiles","8":"first","9":"instock","10":"shipping-taxable","11":"purchasable","12":"product-type-simple","13":"add-to-wishlist-after_add_to_cart"},"_links":{"self":[{"href":"https:\/\/twentyninestore.com\/fr_fr\/wp-json\/wp\/v2\/product\/16268","targetHints":{"allow":["GET"]}}],"collection":[{"href":"https:\/\/twentyninestore.com\/fr_fr\/wp-json\/wp\/v2\/product"}],"about":[{"href":"https:\/\/twentyninestore.com\/fr_fr\/wp-json\/wp\/v2\/types\/product"}],"replies":[{"embeddable":true,"href":"https:\/\/twentyninestore.com\/fr_fr\/wp-json\/wp\/v2\/comments?post=16268"}],"version-history":[{"count":1,"href":"https:\/\/twentyninestore.com\/fr_fr\/wp-json\/wp\/v2\/product\/16268\/revisions"}],"predecessor-version":[{"id":16270,"href":"https:\/\/twentyninestore.com\/fr_fr\/wp-json\/wp\/v2\/product\/16268\/revisions\/16270"}],"wp:featuredmedia":[{"embeddable":true,"href":"https:\/\/twentyninestore.com\/fr_fr\/wp-json\/wp\/v2\/media\/16269"}],"wp:attachment":[{"href":"https:\/\/twentyninestore.com\/fr_fr\/wp-json\/wp\/v2\/media?parent=16268"}],"wp:term":[{"taxonomy":"product_brand","embeddable":true,"href":"https:\/\/twentyninestore.com\/fr_fr\/wp-json\/wp\/v2\/product_brand?post=16268"},{"taxonomy":"product_cat","embeddable":true,"href":"https:\/\/twentyninestore.com\/fr_fr\/wp-json\/wp\/v2\/product_cat?post=16268"},{"taxonomy":"product_tag","embeddable":true,"href":"https:\/\/twentyninestore.com\/fr_fr\/wp-json\/wp\/v2\/product_tag?post=16268"}],"curies":[{"name":"wp","href":"https:\/\/api.w.org\/{rel}","templated":true}]}}