{"id":16308,"date":"2025-03-30T03:08:48","date_gmt":"2025-03-30T03:08:48","guid":{"rendered":"https:\/\/twentyninestore.com\/?post_type=product&#038;p=16308"},"modified":"2025-04-08T10:28:59","modified_gmt":"2025-04-08T10:28:59","slug":"pack-housse-de-valise","status":"publish","type":"product","link":"https:\/\/twentyninestore.com\/fr_fr\/product\/pack-housse-de-valise\/","title":{"rendered":"PACK Housse de valise"},"content":{"rendered":"<p>PACK SML Si vous voulez garder votre valise comme neuve pendant de nombreux mois, utilisez cette housse de protection \u00e9lastique robuste qui la prot\u00e8gera efficacement des rayures, de la poussi\u00e8re, des taches et autres dommages. Enfilez simplement la housse par-dessus et votre voyage peut commencer ! Gr\u00e2ce \u00e0 son mat\u00e9riau \u00e9lastique, cette housse s\u2019adapte parfaitement \u00e0 votre valise et lui va comme un gant. La fermeture \u00e0 scratch sur le dessous de la housse assure un recouvrement facile ainsi qu\u2019un maintien s\u00fbr.<\/p>\n","protected":false},"excerpt":{"rendered":"<p>FE-CASB005<\/p>\n","protected":false},"featured_media":16309,"comment_status":"open","ping_status":"closed","template":"","meta":[],"product_brand":[],"product_cat":[1013],"product_tag":[],"class_list":{"0":"post-16308","1":"product","2":"type-product","3":"status-publish","4":"has-post-thumbnail","6":"product_cat-sacs-et-bagages","8":"first","9":"instock","10":"shipping-taxable","11":"purchasable","12":"product-type-simple","13":"add-to-wishlist-after_add_to_cart"},"_links":{"self":[{"href":"https:\/\/twentyninestore.com\/fr_fr\/wp-json\/wp\/v2\/product\/16308","targetHints":{"allow":["GET"]}}],"collection":[{"href":"https:\/\/twentyninestore.com\/fr_fr\/wp-json\/wp\/v2\/product"}],"about":[{"href":"https:\/\/twentyninestore.com\/fr_fr\/wp-json\/wp\/v2\/types\/product"}],"replies":[{"embeddable":true,"href":"https:\/\/twentyninestore.com\/fr_fr\/wp-json\/wp\/v2\/comments?post=16308"}],"version-history":[{"count":1,"href":"https:\/\/twentyninestore.com\/fr_fr\/wp-json\/wp\/v2\/product\/16308\/revisions"}],"predecessor-version":[{"id":16310,"href":"https:\/\/twentyninestore.com\/fr_fr\/wp-json\/wp\/v2\/product\/16308\/revisions\/16310"}],"wp:featuredmedia":[{"embeddable":true,"href":"https:\/\/twentyninestore.com\/fr_fr\/wp-json\/wp\/v2\/media\/16309"}],"wp:attachment":[{"href":"https:\/\/twentyninestore.com\/fr_fr\/wp-json\/wp\/v2\/media?parent=16308"}],"wp:term":[{"taxonomy":"product_brand","embeddable":true,"href":"https:\/\/twentyninestore.com\/fr_fr\/wp-json\/wp\/v2\/product_brand?post=16308"},{"taxonomy":"product_cat","embeddable":true,"href":"https:\/\/twentyninestore.com\/fr_fr\/wp-json\/wp\/v2\/product_cat?post=16308"},{"taxonomy":"product_tag","embeddable":true,"href":"https:\/\/twentyninestore.com\/fr_fr\/wp-json\/wp\/v2\/product_tag?post=16308"}],"curies":[{"name":"wp","href":"https:\/\/api.w.org\/{rel}","templated":true}]}}