{"id":16311,"date":"2025-03-30T03:11:20","date_gmt":"2025-03-30T03:11:20","guid":{"rendered":"https:\/\/twentyninestore.com\/?post_type=product&#038;p=16311"},"modified":"2025-04-08T10:29:51","modified_gmt":"2025-04-08T10:29:51","slug":"sac-de-rangement-chauss-guard","status":"publish","type":"product","link":"https:\/\/twentyninestore.com\/fr_fr\/product\/sac-de-rangement-chauss-guard\/","title":{"rendered":"Sac de Rangement Chauss Guard"},"content":{"rendered":"<p>pour Chaussures avec 3 Compartiments<\/p>\n<p>Grande capacit\u00e9 : peut contenir trois paires de chaussures \ud83e\udd7f\ud83d\udc60\ud83d\udc61, tout est parfaitement \u00e0 sa place !<\/p>\n<p>Conception \u00e0 trois couches : organisation facile avec des sections sp\u00e9ciales pour chaussures, pantoufles et sandales \ud83d\udc5f\ud83e\ude74.<\/p>\n<p>Protection absolue : Vos chaussures restent \u00e0 l&rsquo;abri de la poussi\u00e8re, des rayures et des odeurs \ud83d\udeab\ud83d\udca7.<\/p>\n<p>MAT\u00c9RIAUX DE HAUTE QUALIT\u00c9: Tissu Oxford durable et imperm\u00e9able pour vous prot\u00e9ger tout au long du voyage.<\/p>\n","protected":false},"excerpt":{"rendered":"<p>FE-CASB006<\/p>\n","protected":false},"featured_media":16314,"comment_status":"open","ping_status":"closed","template":"","meta":[],"product_brand":[],"product_cat":[1013],"product_tag":[],"class_list":{"0":"post-16311","1":"product","2":"type-product","3":"status-publish","4":"has-post-thumbnail","6":"product_cat-sacs-et-bagages","8":"first","9":"instock","10":"shipping-taxable","11":"purchasable","12":"product-type-simple","13":"add-to-wishlist-after_add_to_cart"},"_links":{"self":[{"href":"https:\/\/twentyninestore.com\/fr_fr\/wp-json\/wp\/v2\/product\/16311","targetHints":{"allow":["GET"]}}],"collection":[{"href":"https:\/\/twentyninestore.com\/fr_fr\/wp-json\/wp\/v2\/product"}],"about":[{"href":"https:\/\/twentyninestore.com\/fr_fr\/wp-json\/wp\/v2\/types\/product"}],"replies":[{"embeddable":true,"href":"https:\/\/twentyninestore.com\/fr_fr\/wp-json\/wp\/v2\/comments?post=16311"}],"version-history":[{"count":1,"href":"https:\/\/twentyninestore.com\/fr_fr\/wp-json\/wp\/v2\/product\/16311\/revisions"}],"predecessor-version":[{"id":16316,"href":"https:\/\/twentyninestore.com\/fr_fr\/wp-json\/wp\/v2\/product\/16311\/revisions\/16316"}],"wp:featuredmedia":[{"embeddable":true,"href":"https:\/\/twentyninestore.com\/fr_fr\/wp-json\/wp\/v2\/media\/16314"}],"wp:attachment":[{"href":"https:\/\/twentyninestore.com\/fr_fr\/wp-json\/wp\/v2\/media?parent=16311"}],"wp:term":[{"taxonomy":"product_brand","embeddable":true,"href":"https:\/\/twentyninestore.com\/fr_fr\/wp-json\/wp\/v2\/product_brand?post=16311"},{"taxonomy":"product_cat","embeddable":true,"href":"https:\/\/twentyninestore.com\/fr_fr\/wp-json\/wp\/v2\/product_cat?post=16311"},{"taxonomy":"product_tag","embeddable":true,"href":"https:\/\/twentyninestore.com\/fr_fr\/wp-json\/wp\/v2\/product_tag?post=16311"}],"curies":[{"name":"wp","href":"https:\/\/api.w.org\/{rel}","templated":true}]}}