{"id":16317,"date":"2025-03-30T03:41:59","date_gmt":"2025-03-30T03:41:59","guid":{"rendered":"https:\/\/twentyninestore.com\/?post_type=product&#038;p=16317"},"modified":"2025-04-13T19:11:07","modified_gmt":"2025-04-13T19:11:07","slug":"ensemble-de-3-sacs-a-cosmetiques","status":"publish","type":"product","link":"https:\/\/twentyninestore.com\/fr_fr\/product\/ensemble-de-3-sacs-a-cosmetiques\/","title":{"rendered":"Ensemble de 3 Sacs \u00e0 Cosm\u00e9tiques"},"content":{"rendered":"<p>l\u00e9gants en Similicuir Imperm\u00e9able<\/p>\n<p>\u2705 R\u00e9sistant \u00e0 l&rsquo;eau pour prot\u00e9ger vos articles<\/p>\n<p>\u2705 Trois tailles pour s&rsquo;adapter \u00e0 tous vos besoins !<\/p>\n<p>Quantit\u00e9 limit\u00e9e, d\u00e9p\u00eachez-vous de commander \ud83c\udfc3\u200d\u2642\ufe0f<\/p>\n","protected":false},"excerpt":{"rendered":"<p>FE-CASB007<\/p>\n","protected":false},"featured_media":16318,"comment_status":"open","ping_status":"closed","template":"","meta":[],"product_brand":[],"product_cat":[1013],"product_tag":[],"class_list":{"0":"post-16317","1":"product","2":"type-product","3":"status-publish","4":"has-post-thumbnail","6":"product_cat-sacs-et-bagages","8":"first","9":"instock","10":"shipping-taxable","11":"purchasable","12":"product-type-simple","13":"add-to-wishlist-after_add_to_cart"},"_links":{"self":[{"href":"https:\/\/twentyninestore.com\/fr_fr\/wp-json\/wp\/v2\/product\/16317","targetHints":{"allow":["GET"]}}],"collection":[{"href":"https:\/\/twentyninestore.com\/fr_fr\/wp-json\/wp\/v2\/product"}],"about":[{"href":"https:\/\/twentyninestore.com\/fr_fr\/wp-json\/wp\/v2\/types\/product"}],"replies":[{"embeddable":true,"href":"https:\/\/twentyninestore.com\/fr_fr\/wp-json\/wp\/v2\/comments?post=16317"}],"version-history":[{"count":1,"href":"https:\/\/twentyninestore.com\/fr_fr\/wp-json\/wp\/v2\/product\/16317\/revisions"}],"predecessor-version":[{"id":16322,"href":"https:\/\/twentyninestore.com\/fr_fr\/wp-json\/wp\/v2\/product\/16317\/revisions\/16322"}],"wp:featuredmedia":[{"embeddable":true,"href":"https:\/\/twentyninestore.com\/fr_fr\/wp-json\/wp\/v2\/media\/16318"}],"wp:attachment":[{"href":"https:\/\/twentyninestore.com\/fr_fr\/wp-json\/wp\/v2\/media?parent=16317"}],"wp:term":[{"taxonomy":"product_brand","embeddable":true,"href":"https:\/\/twentyninestore.com\/fr_fr\/wp-json\/wp\/v2\/product_brand?post=16317"},{"taxonomy":"product_cat","embeddable":true,"href":"https:\/\/twentyninestore.com\/fr_fr\/wp-json\/wp\/v2\/product_cat?post=16317"},{"taxonomy":"product_tag","embeddable":true,"href":"https:\/\/twentyninestore.com\/fr_fr\/wp-json\/wp\/v2\/product_tag?post=16317"}],"curies":[{"name":"wp","href":"https:\/\/api.w.org\/{rel}","templated":true}]}}