{"id":16323,"date":"2025-03-30T03:43:42","date_gmt":"2025-03-30T03:43:42","guid":{"rendered":"https:\/\/twentyninestore.com\/?post_type=product&#038;p=16323"},"modified":"2025-04-08T10:31:44","modified_gmt":"2025-04-08T10:31:44","slug":"trousse-de-maquillage-de-grande-capacite","status":"publish","type":"product","link":"https:\/\/twentyninestore.com\/fr_fr\/product\/trousse-de-maquillage-de-grande-capacite\/","title":{"rendered":"Trousse De Maquillage De Grande Capacit\u00e9"},"content":{"rendered":"<p>Cuir PU durable pour le style et la durabilit\u00e9<\/p>\n<p>&nbsp;<\/p>\n<p>\ud83d\udc48 Le design spacieux de 28,5*16*15 cm vous permet de ranger toutes vos fournitures de beaut\u00e9 et plus d&rsquo;accessoires<\/p>\n<p>&nbsp;<\/p>\n<p>\ud83d\udc48 Equip\u00e9 d&rsquo;un fermoir dor\u00e9 pour donner une touche finale sophistiqu\u00e9e<\/p>\n<p>&nbsp;<\/p>\n<p>\ud83d\udc48 Con\u00e7u avec une doublure \u00e0 s\u00e9chage rapide pour garder vos essentiels propres et secs<\/p>\n<p>&nbsp;<\/p>\n<p>\ud83d\udc48 Des moments de beaut\u00e9 et de confort o\u00f9 que vous soyez.<\/p>\n<p>&nbsp;<\/p>\n<p>\ud83d\udc48Un cadeau inoubliable pour vos proches.<\/p>\n","protected":false},"excerpt":{"rendered":"<p>FE-CASB008<\/p>\n","protected":false},"featured_media":16324,"comment_status":"open","ping_status":"closed","template":"","meta":[],"product_brand":[],"product_cat":[1013],"product_tag":[],"class_list":{"0":"post-16323","1":"product","2":"type-product","3":"status-publish","4":"has-post-thumbnail","6":"product_cat-sacs-et-bagages","8":"first","9":"instock","10":"shipping-taxable","11":"purchasable","12":"product-type-simple","13":"add-to-wishlist-after_add_to_cart"},"_links":{"self":[{"href":"https:\/\/twentyninestore.com\/fr_fr\/wp-json\/wp\/v2\/product\/16323","targetHints":{"allow":["GET"]}}],"collection":[{"href":"https:\/\/twentyninestore.com\/fr_fr\/wp-json\/wp\/v2\/product"}],"about":[{"href":"https:\/\/twentyninestore.com\/fr_fr\/wp-json\/wp\/v2\/types\/product"}],"replies":[{"embeddable":true,"href":"https:\/\/twentyninestore.com\/fr_fr\/wp-json\/wp\/v2\/comments?post=16323"}],"version-history":[{"count":1,"href":"https:\/\/twentyninestore.com\/fr_fr\/wp-json\/wp\/v2\/product\/16323\/revisions"}],"predecessor-version":[{"id":16325,"href":"https:\/\/twentyninestore.com\/fr_fr\/wp-json\/wp\/v2\/product\/16323\/revisions\/16325"}],"wp:featuredmedia":[{"embeddable":true,"href":"https:\/\/twentyninestore.com\/fr_fr\/wp-json\/wp\/v2\/media\/16324"}],"wp:attachment":[{"href":"https:\/\/twentyninestore.com\/fr_fr\/wp-json\/wp\/v2\/media?parent=16323"}],"wp:term":[{"taxonomy":"product_brand","embeddable":true,"href":"https:\/\/twentyninestore.com\/fr_fr\/wp-json\/wp\/v2\/product_brand?post=16323"},{"taxonomy":"product_cat","embeddable":true,"href":"https:\/\/twentyninestore.com\/fr_fr\/wp-json\/wp\/v2\/product_cat?post=16323"},{"taxonomy":"product_tag","embeddable":true,"href":"https:\/\/twentyninestore.com\/fr_fr\/wp-json\/wp\/v2\/product_tag?post=16323"}],"curies":[{"name":"wp","href":"https:\/\/api.w.org\/{rel}","templated":true}]}}