{"id":16398,"date":"2025-03-30T04:47:02","date_gmt":"2025-03-30T04:47:02","guid":{"rendered":"https:\/\/twentyninestore.com\/?post_type=product&#038;p=16398"},"modified":"2025-04-08T11:16:23","modified_gmt":"2025-04-08T11:16:23","slug":"ceinture-de-force-sauna-ceinture-minceur-de-taille-brule-graisses","status":"publish","type":"product","link":"https:\/\/twentyninestore.com\/fr_fr\/product\/ceinture-de-force-sauna-ceinture-minceur-de-taille-brule-graisses\/","title":{"rendered":"Ceinture de Force Sauna-Ceinture Minceur de Taille Br\u00fble graisses"},"content":{"rendered":"<p>\u2705\u3010Tissu de haute qualit\u00e9 \u3011: Cette ceinture de maintien de la taille est fabriqu\u00e9e en tissu de haute qualit\u00e9, qui est naturellement respirant, \u00e9lastique et plus confortable \u00e0 porter.<\/p>\n<p>\u2705\u3010Facile \u00e0 nettoyer\u3011: Cette gaine amincissante ventre plat \u200bnaturel signifie qu\u2019il est facile \u00e0 nettoyer, qu\u2019il n\u2019irrite pas votre peau, vous garde confortable et respirant. Pour la amincissante post accouchement, exercices de gym, mariages, f\u00eates, travail et utilisation quotidienne.<\/p>\n<p>\u2705\u3010Convient pour l\u2019exercice\u3011: Cette ceinture de maintien de la taille peut \u00eatre port\u00e9e pour un meilleur exercice, elle est \u00e9lastique et confortable \u00e0 porter et peut mieux soutenir la taille.<\/p>\n<p>\u2705\u3010Fabrication m\u00e9ticuleuse\u3011: La fabrication de cette ceinture de maintien de la taille est tr\u00e8s m\u00e9ticuleuse, le processus de rev\u00eatement exquis emp\u00eache la ligne de tomber et la force est appliqu\u00e9e intelligemment, de sorte que la taille puisse \u00eatre mieux d\u00e9plac\u00e9e.<\/p>\n<p>\u2705\u3010Taille et abdomen droits\u3011: Le port de cette ceinture de maintien de la taille peut redresser la taille et resserrer l\u2019abdomen, donner un jeu complet au soutien \u00e9quilibr\u00e9 de la taille au corps, r\u00e9duire la charge sur la colonne vert\u00e9brale et les muscles, et faire la tension de les muscles de la taille, de l\u2019abdomen et du dos aident \u00e0 contr\u00f4ler la ligne physiologique normale de la colonne vert\u00e9brale.<\/p>\n","protected":false},"excerpt":{"rendered":"<p>\u2705\u3010Tissu de haute qualit\u00e9 \u3011: Cette ceinture de maintien de la taille est fabriqu\u00e9e en tissu de haute qualit\u00e9, qui est naturellement respirant, \u00e9lastique et plus confortable \u00e0 porter. \u2705\u3010Facile \u00e0 nettoyer\u3011: Cette gaine amincissante ventre plat \u200bnaturel signifie qu\u2019il est facile \u00e0 nettoyer, qu\u2019il n\u2019irrite pas votre peau, vous garde confortable et respirant. Pour [&hellip;]<\/p>\n","protected":false},"featured_media":16399,"comment_status":"open","ping_status":"closed","template":"","meta":[],"product_brand":[],"product_cat":[1031,317],"product_tag":[],"class_list":{"0":"post-16398","1":"product","2":"type-product","3":"status-publish","4":"has-post-thumbnail","6":"product_cat-sport","7":"product_cat-articles-saisonniers-et-loisirs","9":"first","10":"instock","11":"shipping-taxable","12":"purchasable","13":"product-type-variable","14":"add-to-wishlist-after_add_to_cart"},"_links":{"self":[{"href":"https:\/\/twentyninestore.com\/fr_fr\/wp-json\/wp\/v2\/product\/16398","targetHints":{"allow":["GET"]}}],"collection":[{"href":"https:\/\/twentyninestore.com\/fr_fr\/wp-json\/wp\/v2\/product"}],"about":[{"href":"https:\/\/twentyninestore.com\/fr_fr\/wp-json\/wp\/v2\/types\/product"}],"replies":[{"embeddable":true,"href":"https:\/\/twentyninestore.com\/fr_fr\/wp-json\/wp\/v2\/comments?post=16398"}],"version-history":[{"count":2,"href":"https:\/\/twentyninestore.com\/fr_fr\/wp-json\/wp\/v2\/product\/16398\/revisions"}],"predecessor-version":[{"id":16869,"href":"https:\/\/twentyninestore.com\/fr_fr\/wp-json\/wp\/v2\/product\/16398\/revisions\/16869"}],"wp:featuredmedia":[{"embeddable":true,"href":"https:\/\/twentyninestore.com\/fr_fr\/wp-json\/wp\/v2\/media\/16399"}],"wp:attachment":[{"href":"https:\/\/twentyninestore.com\/fr_fr\/wp-json\/wp\/v2\/media?parent=16398"}],"wp:term":[{"taxonomy":"product_brand","embeddable":true,"href":"https:\/\/twentyninestore.com\/fr_fr\/wp-json\/wp\/v2\/product_brand?post=16398"},{"taxonomy":"product_cat","embeddable":true,"href":"https:\/\/twentyninestore.com\/fr_fr\/wp-json\/wp\/v2\/product_cat?post=16398"},{"taxonomy":"product_tag","embeddable":true,"href":"https:\/\/twentyninestore.com\/fr_fr\/wp-json\/wp\/v2\/product_tag?post=16398"}],"curies":[{"name":"wp","href":"https:\/\/api.w.org\/{rel}","templated":true}]}}