{"id":16410,"date":"2025-03-30T04:55:20","date_gmt":"2025-03-30T04:55:20","guid":{"rendered":"https:\/\/twentyninestore.com\/?post_type=product&#038;p=16410"},"modified":"2025-04-08T11:18:11","modified_gmt":"2025-04-08T11:18:11","slug":"barre-de-traction-pour-salle-de-sport-au-plafond","status":"publish","type":"product","link":"https:\/\/twentyninestore.com\/fr_fr\/product\/barre-de-traction-pour-salle-de-sport-au-plafond\/","title":{"rendered":"Barre de traction pour salle de sport au plafond"},"content":{"rendered":"<p>Grand support triangulaire : aussi stable que Taishan, augmente la plaque d&rsquo;acier triangulaire et double la stabilit\u00e9.<\/p>\n<p>\u25cfPoign\u00e9e antid\u00e9rapante respectueuse de l&rsquo;environnement : prise confortable, difficile \u00e0 glisser et pr\u00e9vient efficacement les blessures li\u00e9es \u00e0 l&rsquo;entra\u00eenement. \u00e9ponge hautement \u00e9lastique, confortable au toucher, tuyau en acier \u00e9paissi par traitement thermique au chrome \u00e0 haute r\u00e9sistance est plus durable.<\/p>\n<p>\u25cf Peinture en a\u00e9rosol \u00e9lectronique intelligente : peinture en a\u00e9rosol \u00e9lectronique intelligente \u00e0 360 \u00b0, pas de chute de peinture, pas de rouille.<\/p>\n<p>\u25cfLa barre de traction r\u00e9glable peut \u00eatre directe et fix\u00e9e individuellement dans les cadres de porte. Gr\u00e2ce au mat\u00e9riel de montage, vous \u00e9viterez qu&rsquo;il ne glisse pendant votre entra\u00eenement physique.<\/p>\n<p>\u25cfConvient \u00e0 divers types de fitness tels que les tractions \u00e0 la barre, les redressements assis et les lev\u00e9es de jambes, bon pour l&rsquo;\u00e9tirement du haut du corps, le renforcement de la vo\u00fbte plantaire, l&rsquo;\u00e9tirement des hanches et l&rsquo;\u00e9tirement de tout le corps.<\/p>\n","protected":false},"excerpt":{"rendered":"<p>Grand support triangulaire : aussi stable que Taishan, augmente la plaque d&rsquo;acier triangulaire et double la stabilit\u00e9. \u25cfPoign\u00e9e antid\u00e9rapante respectueuse de l&rsquo;environnement : prise confortable, difficile \u00e0 glisser et pr\u00e9vient efficacement les blessures li\u00e9es \u00e0 l&rsquo;entra\u00eenement. \u00e9ponge hautement \u00e9lastique, confortable au toucher, tuyau en acier \u00e9paissi par traitement thermique au chrome \u00e0 haute r\u00e9sistance est [&hellip;]<\/p>\n","protected":false},"featured_media":16411,"comment_status":"open","ping_status":"closed","template":"","meta":[],"product_brand":[],"product_cat":[1031],"product_tag":[],"class_list":{"0":"post-16410","1":"product","2":"type-product","3":"status-publish","4":"has-post-thumbnail","6":"product_cat-sport","8":"first","9":"instock","10":"shipping-taxable","11":"purchasable","12":"product-type-simple","13":"add-to-wishlist-after_add_to_cart"},"_links":{"self":[{"href":"https:\/\/twentyninestore.com\/fr_fr\/wp-json\/wp\/v2\/product\/16410","targetHints":{"allow":["GET"]}}],"collection":[{"href":"https:\/\/twentyninestore.com\/fr_fr\/wp-json\/wp\/v2\/product"}],"about":[{"href":"https:\/\/twentyninestore.com\/fr_fr\/wp-json\/wp\/v2\/types\/product"}],"replies":[{"embeddable":true,"href":"https:\/\/twentyninestore.com\/fr_fr\/wp-json\/wp\/v2\/comments?post=16410"}],"version-history":[{"count":2,"href":"https:\/\/twentyninestore.com\/fr_fr\/wp-json\/wp\/v2\/product\/16410\/revisions"}],"predecessor-version":[{"id":16872,"href":"https:\/\/twentyninestore.com\/fr_fr\/wp-json\/wp\/v2\/product\/16410\/revisions\/16872"}],"wp:featuredmedia":[{"embeddable":true,"href":"https:\/\/twentyninestore.com\/fr_fr\/wp-json\/wp\/v2\/media\/16411"}],"wp:attachment":[{"href":"https:\/\/twentyninestore.com\/fr_fr\/wp-json\/wp\/v2\/media?parent=16410"}],"wp:term":[{"taxonomy":"product_brand","embeddable":true,"href":"https:\/\/twentyninestore.com\/fr_fr\/wp-json\/wp\/v2\/product_brand?post=16410"},{"taxonomy":"product_cat","embeddable":true,"href":"https:\/\/twentyninestore.com\/fr_fr\/wp-json\/wp\/v2\/product_cat?post=16410"},{"taxonomy":"product_tag","embeddable":true,"href":"https:\/\/twentyninestore.com\/fr_fr\/wp-json\/wp\/v2\/product_tag?post=16410"}],"curies":[{"name":"wp","href":"https:\/\/api.w.org\/{rel}","templated":true}]}}