{"id":16417,"date":"2025-03-30T05:00:54","date_gmt":"2025-03-30T05:00:54","guid":{"rendered":"https:\/\/twentyninestore.com\/?post_type=product&#038;p=16417"},"modified":"2025-04-08T11:19:30","modified_gmt":"2025-04-08T11:19:30","slug":"pull-up-bars-wall-mounted-steel-horizontal-bar","status":"publish","type":"product","link":"https:\/\/twentyninestore.com\/fr_fr\/product\/pull-up-bars-wall-mounted-steel-horizontal-bar\/","title":{"rendered":"Pull-up Bars Wall-Mounted Steel Horizontal Bar"},"content":{"rendered":"<p>Barre de traction classique con\u00e7ue pour un montage mural.<\/p>\n<p>(2) supports et (1) barre de traction<\/p>\n<p>&nbsp;<\/p>\n<p>Profondeur 60cm X Largeur 1M30 X Hauteur 60cm<\/p>\n<p>Barre de diam\u00e8tre 30mm, r\u00e9glable \u00e0 40 ou 60cm du mur.<\/p>\n<p>&nbsp;<\/p>\n<p>Mat\u00e9riel de montage non inclus. Pour obtenir une fixation optimale, il faut adapter les vis ou chevilles \u00e0 la nature de votre mur, 6 trous de diam\u00e8tre 11mm]<\/p>\n","protected":false},"excerpt":{"rendered":"<p>Barre de traction classique con\u00e7ue pour un montage mural. (2) supports et (1) barre de traction &nbsp; Profondeur 60cm X Largeur 1M30 X Hauteur 60cm Barre de diam\u00e8tre 30mm, r\u00e9glable \u00e0 40 ou 60cm du mur. &nbsp; Mat\u00e9riel de montage non inclus. Pour obtenir une fixation optimale, il faut adapter les vis ou chevilles \u00e0 [&hellip;]<\/p>\n","protected":false},"featured_media":16418,"comment_status":"open","ping_status":"closed","template":"","meta":[],"product_brand":[],"product_cat":[1031],"product_tag":[],"class_list":{"0":"post-16417","1":"product","2":"type-product","3":"status-publish","4":"has-post-thumbnail","6":"product_cat-sport","8":"first","9":"instock","10":"shipping-taxable","11":"purchasable","12":"product-type-simple","13":"add-to-wishlist-after_add_to_cart"},"_links":{"self":[{"href":"https:\/\/twentyninestore.com\/fr_fr\/wp-json\/wp\/v2\/product\/16417","targetHints":{"allow":["GET"]}}],"collection":[{"href":"https:\/\/twentyninestore.com\/fr_fr\/wp-json\/wp\/v2\/product"}],"about":[{"href":"https:\/\/twentyninestore.com\/fr_fr\/wp-json\/wp\/v2\/types\/product"}],"replies":[{"embeddable":true,"href":"https:\/\/twentyninestore.com\/fr_fr\/wp-json\/wp\/v2\/comments?post=16417"}],"version-history":[{"count":2,"href":"https:\/\/twentyninestore.com\/fr_fr\/wp-json\/wp\/v2\/product\/16417\/revisions"}],"predecessor-version":[{"id":16873,"href":"https:\/\/twentyninestore.com\/fr_fr\/wp-json\/wp\/v2\/product\/16417\/revisions\/16873"}],"wp:featuredmedia":[{"embeddable":true,"href":"https:\/\/twentyninestore.com\/fr_fr\/wp-json\/wp\/v2\/media\/16418"}],"wp:attachment":[{"href":"https:\/\/twentyninestore.com\/fr_fr\/wp-json\/wp\/v2\/media?parent=16417"}],"wp:term":[{"taxonomy":"product_brand","embeddable":true,"href":"https:\/\/twentyninestore.com\/fr_fr\/wp-json\/wp\/v2\/product_brand?post=16417"},{"taxonomy":"product_cat","embeddable":true,"href":"https:\/\/twentyninestore.com\/fr_fr\/wp-json\/wp\/v2\/product_cat?post=16417"},{"taxonomy":"product_tag","embeddable":true,"href":"https:\/\/twentyninestore.com\/fr_fr\/wp-json\/wp\/v2\/product_tag?post=16417"}],"curies":[{"name":"wp","href":"https:\/\/api.w.org\/{rel}","templated":true}]}}