{"id":16435,"date":"2025-03-30T05:06:47","date_gmt":"2025-03-30T05:06:47","guid":{"rendered":"https:\/\/twentyninestore.com\/?post_type=product&#038;p=16435"},"modified":"2025-04-08T11:21:12","modified_gmt":"2025-04-08T11:21:12","slug":"barre-fixe-murale-dips-parallele-manette-jaune-et-noir","status":"publish","type":"product","link":"https:\/\/twentyninestore.com\/fr_fr\/product\/barre-fixe-murale-dips-parallele-manette-jaune-et-noir\/","title":{"rendered":"Barre fixe murale + Dips parall\u00e9le manette jaune et noir"},"content":{"rendered":"<p>En effet, con\u00e7ue sp\u00e9cifiquement pour offrir un entra\u00eenement complet du haut du corps, cette\u00a0barre fixe murale\u00a0vous permet de r\u00e9aliser des tractions pour renforcer efficacement vos bras, vos \u00e9paules et votre dos. De m\u00eame, elle offre \u00e9galement la possibilit\u00e9 d&rsquo;effectuer des\u00a0dips\u00a0pour cibler vos triceps et votre poitrine.<\/p>\n","protected":false},"excerpt":{"rendered":"<p>FE-SLLPAC007<\/p>\n","protected":false},"featured_media":16436,"comment_status":"open","ping_status":"closed","template":"","meta":[],"product_brand":[],"product_cat":[1031],"product_tag":[],"class_list":{"0":"post-16435","1":"product","2":"type-product","3":"status-publish","4":"has-post-thumbnail","6":"product_cat-sport","8":"first","9":"instock","10":"shipping-taxable","11":"purchasable","12":"product-type-simple","13":"add-to-wishlist-after_add_to_cart"},"_links":{"self":[{"href":"https:\/\/twentyninestore.com\/fr_fr\/wp-json\/wp\/v2\/product\/16435","targetHints":{"allow":["GET"]}}],"collection":[{"href":"https:\/\/twentyninestore.com\/fr_fr\/wp-json\/wp\/v2\/product"}],"about":[{"href":"https:\/\/twentyninestore.com\/fr_fr\/wp-json\/wp\/v2\/types\/product"}],"replies":[{"embeddable":true,"href":"https:\/\/twentyninestore.com\/fr_fr\/wp-json\/wp\/v2\/comments?post=16435"}],"version-history":[{"count":1,"href":"https:\/\/twentyninestore.com\/fr_fr\/wp-json\/wp\/v2\/product\/16435\/revisions"}],"predecessor-version":[{"id":16437,"href":"https:\/\/twentyninestore.com\/fr_fr\/wp-json\/wp\/v2\/product\/16435\/revisions\/16437"}],"wp:featuredmedia":[{"embeddable":true,"href":"https:\/\/twentyninestore.com\/fr_fr\/wp-json\/wp\/v2\/media\/16436"}],"wp:attachment":[{"href":"https:\/\/twentyninestore.com\/fr_fr\/wp-json\/wp\/v2\/media?parent=16435"}],"wp:term":[{"taxonomy":"product_brand","embeddable":true,"href":"https:\/\/twentyninestore.com\/fr_fr\/wp-json\/wp\/v2\/product_brand?post=16435"},{"taxonomy":"product_cat","embeddable":true,"href":"https:\/\/twentyninestore.com\/fr_fr\/wp-json\/wp\/v2\/product_cat?post=16435"},{"taxonomy":"product_tag","embeddable":true,"href":"https:\/\/twentyninestore.com\/fr_fr\/wp-json\/wp\/v2\/product_tag?post=16435"}],"curies":[{"name":"wp","href":"https:\/\/api.w.org\/{rel}","templated":true}]}}