{"id":16438,"date":"2025-03-30T05:10:28","date_gmt":"2025-03-30T05:10:28","guid":{"rendered":"https:\/\/twentyninestore.com\/?post_type=product&#038;p=16438"},"modified":"2025-04-08T11:22:27","modified_gmt":"2025-04-08T11:22:27","slug":"barre-fixe-demontable","status":"publish","type":"product","link":"https:\/\/twentyninestore.com\/fr_fr\/product\/barre-fixe-demontable\/","title":{"rendered":"Barre Fixe D\u00e9montable"},"content":{"rendered":"<ul>\n<li>\u00c9l\u00e9ment incontournable de votre espace fitness ou d\u2019int\u00e9rieur, notre barre fixe murale handmade en m\u00e9tal marie avec \u00e9l\u00e9gance l\u2019aspect pratique \u00e0 l\u2019authenticit\u00e9 artisanale. Con\u00e7ue pour s\u2019int\u00e9grer harmonieusement dans votre quotidien, cette pi\u00e8ce unique allie fonctionnalit\u00e9 robuste et design soign\u00e9, offrant une exp\u00e9rience d\u2019entra\u00eenement exceptionnelle tout en ajoutant une touche artistique distinctive \u00e0 votre environnement.<\/li>\n<\/ul>\n","protected":false},"excerpt":{"rendered":"<p>\u00c9l\u00e9ment incontournable de votre espace fitness ou d\u2019int\u00e9rieur, notre barre fixe murale handmade en m\u00e9tal marie avec \u00e9l\u00e9gance l\u2019aspect pratique \u00e0 l\u2019authenticit\u00e9 artisanale. Con\u00e7ue pour s\u2019int\u00e9grer harmonieusement dans votre quotidien, cette pi\u00e8ce unique allie fonctionnalit\u00e9 robuste et design soign\u00e9, offrant une exp\u00e9rience d\u2019entra\u00eenement exceptionnelle tout en ajoutant une touche artistique distinctive \u00e0 votre environnement.<\/p>\n","protected":false},"featured_media":16439,"comment_status":"open","ping_status":"closed","template":"","meta":[],"product_brand":[],"product_cat":[1031],"product_tag":[],"class_list":{"0":"post-16438","1":"product","2":"type-product","3":"status-publish","4":"has-post-thumbnail","6":"product_cat-sport","8":"first","9":"instock","10":"shipping-taxable","11":"purchasable","12":"product-type-simple","13":"add-to-wishlist-after_add_to_cart"},"_links":{"self":[{"href":"https:\/\/twentyninestore.com\/fr_fr\/wp-json\/wp\/v2\/product\/16438","targetHints":{"allow":["GET"]}}],"collection":[{"href":"https:\/\/twentyninestore.com\/fr_fr\/wp-json\/wp\/v2\/product"}],"about":[{"href":"https:\/\/twentyninestore.com\/fr_fr\/wp-json\/wp\/v2\/types\/product"}],"replies":[{"embeddable":true,"href":"https:\/\/twentyninestore.com\/fr_fr\/wp-json\/wp\/v2\/comments?post=16438"}],"version-history":[{"count":2,"href":"https:\/\/twentyninestore.com\/fr_fr\/wp-json\/wp\/v2\/product\/16438\/revisions"}],"predecessor-version":[{"id":16875,"href":"https:\/\/twentyninestore.com\/fr_fr\/wp-json\/wp\/v2\/product\/16438\/revisions\/16875"}],"wp:featuredmedia":[{"embeddable":true,"href":"https:\/\/twentyninestore.com\/fr_fr\/wp-json\/wp\/v2\/media\/16439"}],"wp:attachment":[{"href":"https:\/\/twentyninestore.com\/fr_fr\/wp-json\/wp\/v2\/media?parent=16438"}],"wp:term":[{"taxonomy":"product_brand","embeddable":true,"href":"https:\/\/twentyninestore.com\/fr_fr\/wp-json\/wp\/v2\/product_brand?post=16438"},{"taxonomy":"product_cat","embeddable":true,"href":"https:\/\/twentyninestore.com\/fr_fr\/wp-json\/wp\/v2\/product_cat?post=16438"},{"taxonomy":"product_tag","embeddable":true,"href":"https:\/\/twentyninestore.com\/fr_fr\/wp-json\/wp\/v2\/product_tag?post=16438"}],"curies":[{"name":"wp","href":"https:\/\/api.w.org\/{rel}","templated":true}]}}