{"id":16444,"date":"2025-03-30T05:13:22","date_gmt":"2025-03-30T05:13:22","guid":{"rendered":"https:\/\/twentyninestore.com\/?post_type=product&#038;p=16444"},"modified":"2025-04-08T11:00:17","modified_gmt":"2025-04-08T11:00:17","slug":"peanut-butter-gsn-330g","status":"publish","type":"product","link":"https:\/\/twentyninestore.com\/fr_fr\/product\/peanut-butter-gsn-330g\/","title":{"rendered":"Peanut butter GSN 330g"},"content":{"rendered":"<p>Peanut butter GSN 330g Beurre de Cacahu\u00e8te GSN &#8211; 330g D\u00e9couvrez le beurre de cacahu\u00e8te GSN, un choix d\u00e9licieux et nutritif pour enrichir votre alimentation quotidienne. Chaque p&#8230;<\/p>\n","protected":false},"excerpt":{"rendered":"<p>Peanut butter GSN 330g Beurre de Cacahu\u00e8te GSN &#8211; 330g D\u00e9couvrez le beurre de cacahu\u00e8te GSN, un choix d\u00e9licieux et nutritif pour enrichir votre alimentation quotidienne. Chaque p&#8230;<\/p>\n","protected":false},"featured_media":16445,"comment_status":"open","ping_status":"closed","template":"","meta":[],"product_brand":[],"product_cat":[1026,1031],"product_tag":[],"class_list":{"0":"post-16444","1":"product","2":"type-product","3":"status-publish","4":"has-post-thumbnail","6":"product_cat-nutrition-complements-alimentaires","7":"product_cat-sport","9":"first","10":"instock","11":"shipping-taxable","12":"purchasable","13":"product-type-simple","14":"add-to-wishlist-after_add_to_cart"},"_links":{"self":[{"href":"https:\/\/twentyninestore.com\/fr_fr\/wp-json\/wp\/v2\/product\/16444","targetHints":{"allow":["GET"]}}],"collection":[{"href":"https:\/\/twentyninestore.com\/fr_fr\/wp-json\/wp\/v2\/product"}],"about":[{"href":"https:\/\/twentyninestore.com\/fr_fr\/wp-json\/wp\/v2\/types\/product"}],"replies":[{"embeddable":true,"href":"https:\/\/twentyninestore.com\/fr_fr\/wp-json\/wp\/v2\/comments?post=16444"}],"version-history":[{"count":2,"href":"https:\/\/twentyninestore.com\/fr_fr\/wp-json\/wp\/v2\/product\/16444\/revisions"}],"predecessor-version":[{"id":16848,"href":"https:\/\/twentyninestore.com\/fr_fr\/wp-json\/wp\/v2\/product\/16444\/revisions\/16848"}],"wp:featuredmedia":[{"embeddable":true,"href":"https:\/\/twentyninestore.com\/fr_fr\/wp-json\/wp\/v2\/media\/16445"}],"wp:attachment":[{"href":"https:\/\/twentyninestore.com\/fr_fr\/wp-json\/wp\/v2\/media?parent=16444"}],"wp:term":[{"taxonomy":"product_brand","embeddable":true,"href":"https:\/\/twentyninestore.com\/fr_fr\/wp-json\/wp\/v2\/product_brand?post=16444"},{"taxonomy":"product_cat","embeddable":true,"href":"https:\/\/twentyninestore.com\/fr_fr\/wp-json\/wp\/v2\/product_cat?post=16444"},{"taxonomy":"product_tag","embeddable":true,"href":"https:\/\/twentyninestore.com\/fr_fr\/wp-json\/wp\/v2\/product_tag?post=16444"}],"curies":[{"name":"wp","href":"https:\/\/api.w.org\/{rel}","templated":true}]}}