{"id":16459,"date":"2025-03-30T05:24:21","date_gmt":"2025-03-30T05:24:21","guid":{"rendered":"https:\/\/twentyninestore.com\/?post_type=product&#038;p=16459"},"modified":"2025-04-08T11:11:02","modified_gmt":"2025-04-08T11:11:02","slug":"pure-whey-2kg-gsn","status":"publish","type":"product","link":"https:\/\/twentyninestore.com\/fr_fr\/product\/pure-whey-2kg-gsn\/","title":{"rendered":"PURE WHEY | 2KG GSN"},"content":{"rendered":"<p>Pure Whey GSN\u00a0: Acc\u00e9l\u00e9rez vos objectifs de fitness avec une prot\u00e9ine pure et puissante ! Notre pr\u00e9paration en poudre instantan\u00e9e est \u00e0 base de concentr\u00e9 natif de prot\u00e9ines de lactos\u00e9rum, une prot\u00e9ine biologique de haute valeur, extraite \u00e0 froid d\u2019une source laiti\u00e8re d\u2019origine contr\u00f4l\u00e9e pour pr\u00e9server toutes ses qualit\u00e9s nutritionnelles.<\/p>\n<h3>Avantages:<\/h3>\n<ul>\n<li>Prot\u00e9ine de Lactos\u00e9rum de Haute Qualit\u00e9\u00a0: Pure Whey GSN est fabriqu\u00e9e \u00e0 partir de concentr\u00e9 natif de prot\u00e9ines de lactos\u00e9rum, garantissant des prot\u00e9ines pures et facilement digestibles.<\/li>\n<li>Riche en BCAA et Glutamine\u00a0: Essentiels pour la croissance musculaire, la r\u00e9cup\u00e9ration et la sant\u00e9 immunitaire.<\/li>\n<li>Sans Aspartame, Sans Sucres Ajout\u00e9s, Sans OGM\u00a0: Une prot\u00e9ine propre et sans additifs, id\u00e9ale pour ceux avec des sensibilit\u00e9s alimentaires ou cherchant une option saine.<\/li>\n<li>D\u00e9licieuse et Facile \u00e0 M\u00e9langer\u00a0: Disponible dans une vari\u00e9t\u00e9 de saveurs, se m\u00e9lange facilement \u00e0 l\u2019eau ou au lait pour une boisson savoureuse et nutritive.<\/li>\n<li>Gouts : chocolat , vanille , fraise<\/li>\n<\/ul>\n","protected":false},"excerpt":{"rendered":"<p>Pure Whey GSN\u00a0: Acc\u00e9l\u00e9rez vos objectifs de fitness avec une prot\u00e9ine pure et puissante ! Notre pr\u00e9paration en poudre instantan\u00e9e est \u00e0 base de concentr\u00e9 natif de prot\u00e9ines de lactos\u00e9rum, une prot\u00e9ine biologique de haute valeur, extraite \u00e0 froid d\u2019une source laiti\u00e8re d\u2019origine contr\u00f4l\u00e9e pour pr\u00e9server toutes ses qualit\u00e9s nutritionnelles. Avantages: Prot\u00e9ine de Lactos\u00e9rum de [&hellip;]<\/p>\n","protected":false},"featured_media":16460,"comment_status":"open","ping_status":"closed","template":"","meta":[],"product_brand":[],"product_cat":[1026],"product_tag":[],"class_list":{"0":"post-16459","1":"product","2":"type-product","3":"status-publish","4":"has-post-thumbnail","6":"product_cat-nutrition-complements-alimentaires","8":"first","9":"instock","10":"shipping-taxable","11":"purchasable","12":"product-type-simple","13":"add-to-wishlist-after_add_to_cart"},"_links":{"self":[{"href":"https:\/\/twentyninestore.com\/fr_fr\/wp-json\/wp\/v2\/product\/16459","targetHints":{"allow":["GET"]}}],"collection":[{"href":"https:\/\/twentyninestore.com\/fr_fr\/wp-json\/wp\/v2\/product"}],"about":[{"href":"https:\/\/twentyninestore.com\/fr_fr\/wp-json\/wp\/v2\/types\/product"}],"replies":[{"embeddable":true,"href":"https:\/\/twentyninestore.com\/fr_fr\/wp-json\/wp\/v2\/comments?post=16459"}],"version-history":[{"count":2,"href":"https:\/\/twentyninestore.com\/fr_fr\/wp-json\/wp\/v2\/product\/16459\/revisions"}],"predecessor-version":[{"id":16856,"href":"https:\/\/twentyninestore.com\/fr_fr\/wp-json\/wp\/v2\/product\/16459\/revisions\/16856"}],"wp:featuredmedia":[{"embeddable":true,"href":"https:\/\/twentyninestore.com\/fr_fr\/wp-json\/wp\/v2\/media\/16460"}],"wp:attachment":[{"href":"https:\/\/twentyninestore.com\/fr_fr\/wp-json\/wp\/v2\/media?parent=16459"}],"wp:term":[{"taxonomy":"product_brand","embeddable":true,"href":"https:\/\/twentyninestore.com\/fr_fr\/wp-json\/wp\/v2\/product_brand?post=16459"},{"taxonomy":"product_cat","embeddable":true,"href":"https:\/\/twentyninestore.com\/fr_fr\/wp-json\/wp\/v2\/product_cat?post=16459"},{"taxonomy":"product_tag","embeddable":true,"href":"https:\/\/twentyninestore.com\/fr_fr\/wp-json\/wp\/v2\/product_tag?post=16459"}],"curies":[{"name":"wp","href":"https:\/\/api.w.org\/{rel}","templated":true}]}}