{"id":16462,"date":"2025-03-30T05:25:52","date_gmt":"2025-03-30T05:25:52","guid":{"rendered":"https:\/\/twentyninestore.com\/?post_type=product&#038;p=16462"},"modified":"2025-04-08T11:12:15","modified_gmt":"2025-04-08T11:12:15","slug":"isolate-pro-2kg-gsn","status":"publish","type":"product","link":"https:\/\/twentyninestore.com\/fr_fr\/product\/isolate-pro-2kg-gsn\/","title":{"rendered":"ISOLATE PRO 2KG GSN"},"content":{"rendered":"<p>D\u00e9couvrez\u00a0<strong>ISO PRO Whey GSN<\/strong>, isolat de prot\u00e9ine ultra-pure avec 27g de prot\u00e9ines par dose. Riche en BCAA et glutamine, faible en calories, id\u00e9al pour la r\u00e9cup\u00e9ration musculaire et les r\u00e9gimes. Commandez maintenant !<\/p>\n","protected":false},"excerpt":{"rendered":"<p>D\u00e9couvrez\u00a0ISO PRO Whey GSN, isolat de prot\u00e9ine ultra-pure avec 27g de prot\u00e9ines par dose. Riche en BCAA et glutamine, faible en calories, id\u00e9al pour la r\u00e9cup\u00e9ration musculaire et les r\u00e9gimes. Commandez maintenant !<\/p>\n","protected":false},"featured_media":16463,"comment_status":"open","ping_status":"closed","template":"","meta":[],"product_brand":[],"product_cat":[1026],"product_tag":[],"class_list":{"0":"post-16462","1":"product","2":"type-product","3":"status-publish","4":"has-post-thumbnail","6":"product_cat-nutrition-complements-alimentaires","8":"first","9":"instock","10":"shipping-taxable","11":"purchasable","12":"product-type-simple","13":"add-to-wishlist-after_add_to_cart"},"_links":{"self":[{"href":"https:\/\/twentyninestore.com\/fr_fr\/wp-json\/wp\/v2\/product\/16462","targetHints":{"allow":["GET"]}}],"collection":[{"href":"https:\/\/twentyninestore.com\/fr_fr\/wp-json\/wp\/v2\/product"}],"about":[{"href":"https:\/\/twentyninestore.com\/fr_fr\/wp-json\/wp\/v2\/types\/product"}],"replies":[{"embeddable":true,"href":"https:\/\/twentyninestore.com\/fr_fr\/wp-json\/wp\/v2\/comments?post=16462"}],"version-history":[{"count":2,"href":"https:\/\/twentyninestore.com\/fr_fr\/wp-json\/wp\/v2\/product\/16462\/revisions"}],"predecessor-version":[{"id":16857,"href":"https:\/\/twentyninestore.com\/fr_fr\/wp-json\/wp\/v2\/product\/16462\/revisions\/16857"}],"wp:featuredmedia":[{"embeddable":true,"href":"https:\/\/twentyninestore.com\/fr_fr\/wp-json\/wp\/v2\/media\/16463"}],"wp:attachment":[{"href":"https:\/\/twentyninestore.com\/fr_fr\/wp-json\/wp\/v2\/media?parent=16462"}],"wp:term":[{"taxonomy":"product_brand","embeddable":true,"href":"https:\/\/twentyninestore.com\/fr_fr\/wp-json\/wp\/v2\/product_brand?post=16462"},{"taxonomy":"product_cat","embeddable":true,"href":"https:\/\/twentyninestore.com\/fr_fr\/wp-json\/wp\/v2\/product_cat?post=16462"},{"taxonomy":"product_tag","embeddable":true,"href":"https:\/\/twentyninestore.com\/fr_fr\/wp-json\/wp\/v2\/product_tag?post=16462"}],"curies":[{"name":"wp","href":"https:\/\/api.w.org\/{rel}","templated":true}]}}