{"id":16495,"date":"2025-03-30T06:37:42","date_gmt":"2025-03-30T06:37:42","guid":{"rendered":"https:\/\/twentyninestore.com\/?post_type=product&#038;p=16495"},"modified":"2025-04-08T12:08:25","modified_gmt":"2025-04-08T12:08:25","slug":"apple-airpods-pro-2nd-generation","status":"publish","type":"product","link":"https:\/\/twentyninestore.com\/fr_fr\/product\/apple-airpods-pro-2nd-generation\/","title":{"rendered":"Apple AirPods Pro (2nd Generation)"},"content":{"rendered":"<ul>\n<li><strong>Audio et ANC<\/strong>\u00a0: Annulation active du bruit (ANC) am\u00e9lior\u00e9e, mode Transparence adaptatif, et audio spatial personnalis\u00e9.<\/li>\n<li><strong>Connectivit\u00e9<\/strong>\u00a0: Bluetooth 5.3 pour une connexion rapide et stable.<\/li>\n<li><strong>Autonomie<\/strong>\u00a0: Jusqu\u2019\u00e0 6 heures d\u2019\u00e9coute sur une seule charge (30 heures avec le bo\u00eetier de charge MagSafe).<\/li>\n<li><strong>R\u00e9sistance<\/strong>\u00a0: AirPods et bo\u00eetier certifi\u00e9s IPX4 (r\u00e9sistance \u00e0 la transpiration et aux \u00e9claboussures).<\/li>\n<\/ul>\n","protected":false},"excerpt":{"rendered":"<p>Audio et ANC\u00a0: Annulation active du bruit (ANC) am\u00e9lior\u00e9e, mode Transparence adaptatif, et audio spatial personnalis\u00e9. Connectivit\u00e9\u00a0: Bluetooth 5.3 pour une connexion rapide et stable. Autonomie\u00a0: Jusqu\u2019\u00e0 6 heures d\u2019\u00e9coute sur une seule charge (30 heures avec le bo\u00eetier de charge MagSafe). R\u00e9sistance\u00a0: AirPods et bo\u00eetier certifi\u00e9s IPX4 (r\u00e9sistance \u00e0 la transpiration et aux \u00e9claboussures).<\/p>\n","protected":false},"featured_media":16496,"comment_status":"open","ping_status":"closed","template":"","meta":[],"product_brand":[],"product_cat":[1039],"product_tag":[],"class_list":{"0":"post-16495","1":"product","2":"type-product","3":"status-publish","4":"has-post-thumbnail","6":"product_cat-audio-et-video","8":"first","9":"instock","10":"shipping-taxable","11":"purchasable","12":"product-type-simple","13":"add-to-wishlist-after_add_to_cart"},"_links":{"self":[{"href":"https:\/\/twentyninestore.com\/fr_fr\/wp-json\/wp\/v2\/product\/16495","targetHints":{"allow":["GET"]}}],"collection":[{"href":"https:\/\/twentyninestore.com\/fr_fr\/wp-json\/wp\/v2\/product"}],"about":[{"href":"https:\/\/twentyninestore.com\/fr_fr\/wp-json\/wp\/v2\/types\/product"}],"replies":[{"embeddable":true,"href":"https:\/\/twentyninestore.com\/fr_fr\/wp-json\/wp\/v2\/comments?post=16495"}],"version-history":[{"count":3,"href":"https:\/\/twentyninestore.com\/fr_fr\/wp-json\/wp\/v2\/product\/16495\/revisions"}],"predecessor-version":[{"id":16986,"href":"https:\/\/twentyninestore.com\/fr_fr\/wp-json\/wp\/v2\/product\/16495\/revisions\/16986"}],"wp:featuredmedia":[{"embeddable":true,"href":"https:\/\/twentyninestore.com\/fr_fr\/wp-json\/wp\/v2\/media\/16496"}],"wp:attachment":[{"href":"https:\/\/twentyninestore.com\/fr_fr\/wp-json\/wp\/v2\/media?parent=16495"}],"wp:term":[{"taxonomy":"product_brand","embeddable":true,"href":"https:\/\/twentyninestore.com\/fr_fr\/wp-json\/wp\/v2\/product_brand?post=16495"},{"taxonomy":"product_cat","embeddable":true,"href":"https:\/\/twentyninestore.com\/fr_fr\/wp-json\/wp\/v2\/product_cat?post=16495"},{"taxonomy":"product_tag","embeddable":true,"href":"https:\/\/twentyninestore.com\/fr_fr\/wp-json\/wp\/v2\/product_tag?post=16495"}],"curies":[{"name":"wp","href":"https:\/\/api.w.org\/{rel}","templated":true}]}}