{"id":16525,"date":"2025-03-31T15:25:14","date_gmt":"2025-03-31T15:25:14","guid":{"rendered":"https:\/\/twentyninestore.com\/?post_type=product&#038;p=16525"},"modified":"2025-04-08T11:54:34","modified_gmt":"2025-04-08T11:54:34","slug":"smart-watch-s89","status":"publish","type":"product","link":"https:\/\/twentyninestore.com\/fr_fr\/product\/smart-watch-s89\/","title":{"rendered":"Smart Watch S89"},"content":{"rendered":"<p><em>Avec un design \u00e9pur\u00e9 et moderne, cette montre est agr\u00e9able \u00e0 porter et fabriqu\u00e9e avec des mat\u00e9riaux de haute qualit\u00e9. L&rsquo;\u00e9cran LCD fournit des informations claires et faciles \u00e0 lire, tandis que l&rsquo;espace de stockage de 4 Go vous permet de stocker toutes vos applications et musiques pr\u00e9f\u00e9r\u00e9es.<\/em><\/p>\n","protected":false},"excerpt":{"rendered":"<p>Avec un design \u00e9pur\u00e9 et moderne, cette montre est agr\u00e9able \u00e0 porter et fabriqu\u00e9e avec des mat\u00e9riaux de haute qualit\u00e9. L&rsquo;\u00e9cran LCD fournit des informations claires et faciles \u00e0 lire, tandis que l&rsquo;espace de stockage de 4 Go vous permet de stocker toutes vos applications et musiques pr\u00e9f\u00e9r\u00e9es.<\/p>\n","protected":false},"featured_media":16527,"comment_status":"open","ping_status":"closed","template":"","meta":[],"product_brand":[],"product_cat":[1038],"product_tag":[],"class_list":{"0":"post-16525","1":"product","2":"type-product","3":"status-publish","4":"has-post-thumbnail","6":"product_cat-gadgets-et-objets-connectes","8":"first","9":"instock","10":"shipping-taxable","11":"purchasable","12":"product-type-simple","13":"add-to-wishlist-after_add_to_cart"},"_links":{"self":[{"href":"https:\/\/twentyninestore.com\/fr_fr\/wp-json\/wp\/v2\/product\/16525","targetHints":{"allow":["GET"]}}],"collection":[{"href":"https:\/\/twentyninestore.com\/fr_fr\/wp-json\/wp\/v2\/product"}],"about":[{"href":"https:\/\/twentyninestore.com\/fr_fr\/wp-json\/wp\/v2\/types\/product"}],"replies":[{"embeddable":true,"href":"https:\/\/twentyninestore.com\/fr_fr\/wp-json\/wp\/v2\/comments?post=16525"}],"version-history":[{"count":2,"href":"https:\/\/twentyninestore.com\/fr_fr\/wp-json\/wp\/v2\/product\/16525\/revisions"}],"predecessor-version":[{"id":16975,"href":"https:\/\/twentyninestore.com\/fr_fr\/wp-json\/wp\/v2\/product\/16525\/revisions\/16975"}],"wp:featuredmedia":[{"embeddable":true,"href":"https:\/\/twentyninestore.com\/fr_fr\/wp-json\/wp\/v2\/media\/16527"}],"wp:attachment":[{"href":"https:\/\/twentyninestore.com\/fr_fr\/wp-json\/wp\/v2\/media?parent=16525"}],"wp:term":[{"taxonomy":"product_brand","embeddable":true,"href":"https:\/\/twentyninestore.com\/fr_fr\/wp-json\/wp\/v2\/product_brand?post=16525"},{"taxonomy":"product_cat","embeddable":true,"href":"https:\/\/twentyninestore.com\/fr_fr\/wp-json\/wp\/v2\/product_cat?post=16525"},{"taxonomy":"product_tag","embeddable":true,"href":"https:\/\/twentyninestore.com\/fr_fr\/wp-json\/wp\/v2\/product_tag?post=16525"}],"curies":[{"name":"wp","href":"https:\/\/api.w.org\/{rel}","templated":true}]}}