{"id":16560,"date":"2025-03-31T19:18:08","date_gmt":"2025-03-31T19:18:08","guid":{"rendered":"https:\/\/twentyninestore.com\/?post_type=product&#038;p=16560"},"modified":"2025-04-08T11:49:48","modified_gmt":"2025-04-08T11:49:48","slug":"smartwatch-h20-10en-1-ultra","status":"publish","type":"product","link":"https:\/\/twentyninestore.com\/fr_fr\/product\/smartwatch-h20-10en-1-ultra\/","title":{"rendered":"SmartWatch H20 10en 1 Ultra"},"content":{"rendered":"<p>1 montre intelligente, 7 types de sangles, 1 chargeur, 1 bo\u00eetier de montre et 1 TWS (Earpods)<\/p>\n<p>H20 (7 bracelets et un chargeur, bo\u00eetier de montre, 1 Earpods)<\/p>\n<p>Appel Bluetooth H20 Ultra, r\u00e9pertoire, contr\u00f4le de la musique, assistance vocale avec 1 \u2013 TWS<\/p>\n<p>Rectangle<\/p>\n<p>Silicone<\/p>\n<p>\u00c9cran HD de 2,19 pouces<\/p>\n","protected":false},"excerpt":{"rendered":"<p>1 montre intelligente, 7 types de sangles, 1 chargeur, 1 bo\u00eetier de montre et 1 TWS (Earpods) H20 (7 bracelets et un chargeur, bo\u00eetier de montre, 1 Earpods) Appel Bluetooth H20 Ultra, r\u00e9pertoire, contr\u00f4le de la musique, assistance vocale avec 1 \u2013 TWS Rectangle Silicone \u00c9cran HD de 2,19 pouces<\/p>\n","protected":false},"featured_media":16562,"comment_status":"open","ping_status":"closed","template":"","meta":[],"product_brand":[],"product_cat":[1038],"product_tag":[],"class_list":{"0":"post-16560","1":"product","2":"type-product","3":"status-publish","4":"has-post-thumbnail","6":"product_cat-gadgets-et-objets-connectes","8":"first","9":"instock","10":"shipping-taxable","11":"purchasable","12":"product-type-simple","13":"add-to-wishlist-after_add_to_cart"},"_links":{"self":[{"href":"https:\/\/twentyninestore.com\/fr_fr\/wp-json\/wp\/v2\/product\/16560","targetHints":{"allow":["GET"]}}],"collection":[{"href":"https:\/\/twentyninestore.com\/fr_fr\/wp-json\/wp\/v2\/product"}],"about":[{"href":"https:\/\/twentyninestore.com\/fr_fr\/wp-json\/wp\/v2\/types\/product"}],"replies":[{"embeddable":true,"href":"https:\/\/twentyninestore.com\/fr_fr\/wp-json\/wp\/v2\/comments?post=16560"}],"version-history":[{"count":2,"href":"https:\/\/twentyninestore.com\/fr_fr\/wp-json\/wp\/v2\/product\/16560\/revisions"}],"predecessor-version":[{"id":16971,"href":"https:\/\/twentyninestore.com\/fr_fr\/wp-json\/wp\/v2\/product\/16560\/revisions\/16971"}],"wp:featuredmedia":[{"embeddable":true,"href":"https:\/\/twentyninestore.com\/fr_fr\/wp-json\/wp\/v2\/media\/16562"}],"wp:attachment":[{"href":"https:\/\/twentyninestore.com\/fr_fr\/wp-json\/wp\/v2\/media?parent=16560"}],"wp:term":[{"taxonomy":"product_brand","embeddable":true,"href":"https:\/\/twentyninestore.com\/fr_fr\/wp-json\/wp\/v2\/product_brand?post=16560"},{"taxonomy":"product_cat","embeddable":true,"href":"https:\/\/twentyninestore.com\/fr_fr\/wp-json\/wp\/v2\/product_cat?post=16560"},{"taxonomy":"product_tag","embeddable":true,"href":"https:\/\/twentyninestore.com\/fr_fr\/wp-json\/wp\/v2\/product_tag?post=16560"}],"curies":[{"name":"wp","href":"https:\/\/api.w.org\/{rel}","templated":true}]}}