{"id":16565,"date":"2025-04-04T08:36:24","date_gmt":"2025-04-04T08:36:24","guid":{"rendered":"https:\/\/twentyninestore.com\/?post_type=product&#038;p=16565"},"modified":"2025-04-13T19:06:43","modified_gmt":"2025-04-13T19:06:43","slug":"sweat-a-capuche-enfant-personnalise-garcon","status":"publish","type":"product","link":"https:\/\/twentyninestore.com\/fr_fr\/product\/sweat-a-capuche-enfant-personnalise-garcon\/","title":{"rendered":"Sweat \u00e0 capuche Enfant personnalis\u00e9  Garcon"},"content":{"rendered":"<ul>\n<li><strong>Coupe: Enfant <\/strong><\/li>\n<li><strong>Genre : Gar\u00e7ons <\/strong><\/li>\n<li><strong>Marquage: Impression en molleton gratt\u00e9<\/strong><\/li>\n<li><strong>Ext\u00e9rieur 100 % coton<\/strong><\/li>\n<li><strong>Capuche double \u00e9paisseur avec doublure color\u00e9e<\/strong><\/li>\n<li><strong>Cordon de serrage ton sur ton<\/strong><\/li>\n<li><strong>Age : 1 ans &#8211; 2 ans &#8211; 3 ans &#8211; 4 ans &#8211; 5 ans &#8211; 6 ans &#8211; 7 ans &#8211; 8 ans <\/strong><\/li>\n<\/ul>\n","protected":false},"excerpt":{"rendered":"<p>Coupe: Enfant Genre : Gar\u00e7ons Marquage: Impression en molleton gratt\u00e9 Ext\u00e9rieur 100 % coton Capuche double \u00e9paisseur avec doublure color\u00e9e Cordon de serrage ton sur ton Age : 1 ans &#8211; 2 ans &#8211; 3 ans &#8211; 4 ans &#8211; 5 ans &#8211; 6 ans &#8211; 7 ans &#8211; 8 ans<\/p>\n","protected":false},"featured_media":16582,"comment_status":"open","ping_status":"closed","template":"","meta":[],"product_brand":[],"product_cat":[1009,108],"product_tag":[],"class_list":{"0":"post-16565","1":"product","2":"type-product","3":"status-publish","4":"has-post-thumbnail","6":"product_cat-vetements-enfant-bebe","7":"product_cat-vetements-et-mode","9":"first","10":"instock","11":"shipping-taxable","12":"purchasable","13":"product-type-variable","14":"add-to-wishlist-after_add_to_cart"},"_links":{"self":[{"href":"https:\/\/twentyninestore.com\/fr_fr\/wp-json\/wp\/v2\/product\/16565","targetHints":{"allow":["GET"]}}],"collection":[{"href":"https:\/\/twentyninestore.com\/fr_fr\/wp-json\/wp\/v2\/product"}],"about":[{"href":"https:\/\/twentyninestore.com\/fr_fr\/wp-json\/wp\/v2\/types\/product"}],"replies":[{"embeddable":true,"href":"https:\/\/twentyninestore.com\/fr_fr\/wp-json\/wp\/v2\/comments?post=16565"}],"version-history":[{"count":1,"href":"https:\/\/twentyninestore.com\/fr_fr\/wp-json\/wp\/v2\/product\/16565\/revisions"}],"predecessor-version":[{"id":16586,"href":"https:\/\/twentyninestore.com\/fr_fr\/wp-json\/wp\/v2\/product\/16565\/revisions\/16586"}],"wp:featuredmedia":[{"embeddable":true,"href":"https:\/\/twentyninestore.com\/fr_fr\/wp-json\/wp\/v2\/media\/16582"}],"wp:attachment":[{"href":"https:\/\/twentyninestore.com\/fr_fr\/wp-json\/wp\/v2\/media?parent=16565"}],"wp:term":[{"taxonomy":"product_brand","embeddable":true,"href":"https:\/\/twentyninestore.com\/fr_fr\/wp-json\/wp\/v2\/product_brand?post=16565"},{"taxonomy":"product_cat","embeddable":true,"href":"https:\/\/twentyninestore.com\/fr_fr\/wp-json\/wp\/v2\/product_cat?post=16565"},{"taxonomy":"product_tag","embeddable":true,"href":"https:\/\/twentyninestore.com\/fr_fr\/wp-json\/wp\/v2\/product_tag?post=16565"}],"curies":[{"name":"wp","href":"https:\/\/api.w.org\/{rel}","templated":true}]}}