{"id":16643,"date":"2025-04-04T09:51:59","date_gmt":"2025-04-04T09:51:59","guid":{"rendered":"https:\/\/twentyninestore.com\/?post_type=product&#038;p=16643"},"modified":"2025-04-14T08:13:10","modified_gmt":"2025-04-14T08:13:10","slug":"brosse-de-seche-cheveux-5en1","status":"publish","type":"product","link":"https:\/\/twentyninestore.com\/fr_fr\/product\/brosse-de-seche-cheveux-5en1\/","title":{"rendered":"Brosse de s\u00e8che-cheveux 5en1"},"content":{"rendered":"<p>Acier inoxydable :\u00a0la broche en acier inoxydable de ce s\u00e8che-cheveux pour animaux de compagnie ne rouillera pas facilement et ne deviendra plus douce, vous laissant une exp\u00e9rience d\u2019\u00e9criture confortable.<\/p>\n<p>Facile \u00e0 installer\u00a0: facile \u00e0 installer ou \u00e0 enlever les cheveux secs.<\/p>\n<p>haute qualit\u00e9 :\u00a0mat\u00e9riau en acier inoxydable de haute qualit\u00e9, la poign\u00e9e est facile \u00e0 tenir.<\/p>\n","protected":false},"excerpt":{"rendered":"<p>Acier inoxydable :\u00a0la broche en acier inoxydable de ce s\u00e8che-cheveux pour animaux de compagnie ne rouillera pas facilement et ne deviendra plus douce, vous laissant une exp\u00e9rience d\u2019\u00e9criture confortable. Facile \u00e0 installer\u00a0: facile \u00e0 installer ou \u00e0 enlever les cheveux secs. haute qualit\u00e9 :\u00a0mat\u00e9riau en acier inoxydable de haute qualit\u00e9, la poign\u00e9e est facile \u00e0 [&hellip;]<\/p>\n","protected":false},"featured_media":16647,"comment_status":"open","ping_status":"closed","template":"","meta":[],"product_brand":[],"product_cat":[1022],"product_tag":[],"class_list":{"0":"post-16643","1":"product","2":"type-product","3":"status-publish","4":"has-post-thumbnail","6":"product_cat-accessoires-beaute","8":"first","9":"instock","10":"shipping-taxable","11":"purchasable","12":"product-type-simple","13":"add-to-wishlist-after_add_to_cart"},"_links":{"self":[{"href":"https:\/\/twentyninestore.com\/fr_fr\/wp-json\/wp\/v2\/product\/16643","targetHints":{"allow":["GET"]}}],"collection":[{"href":"https:\/\/twentyninestore.com\/fr_fr\/wp-json\/wp\/v2\/product"}],"about":[{"href":"https:\/\/twentyninestore.com\/fr_fr\/wp-json\/wp\/v2\/types\/product"}],"replies":[{"embeddable":true,"href":"https:\/\/twentyninestore.com\/fr_fr\/wp-json\/wp\/v2\/comments?post=16643"}],"version-history":[{"count":1,"href":"https:\/\/twentyninestore.com\/fr_fr\/wp-json\/wp\/v2\/product\/16643\/revisions"}],"predecessor-version":[{"id":16648,"href":"https:\/\/twentyninestore.com\/fr_fr\/wp-json\/wp\/v2\/product\/16643\/revisions\/16648"}],"wp:featuredmedia":[{"embeddable":true,"href":"https:\/\/twentyninestore.com\/fr_fr\/wp-json\/wp\/v2\/media\/16647"}],"wp:attachment":[{"href":"https:\/\/twentyninestore.com\/fr_fr\/wp-json\/wp\/v2\/media?parent=16643"}],"wp:term":[{"taxonomy":"product_brand","embeddable":true,"href":"https:\/\/twentyninestore.com\/fr_fr\/wp-json\/wp\/v2\/product_brand?post=16643"},{"taxonomy":"product_cat","embeddable":true,"href":"https:\/\/twentyninestore.com\/fr_fr\/wp-json\/wp\/v2\/product_cat?post=16643"},{"taxonomy":"product_tag","embeddable":true,"href":"https:\/\/twentyninestore.com\/fr_fr\/wp-json\/wp\/v2\/product_tag?post=16643"}],"curies":[{"name":"wp","href":"https:\/\/api.w.org\/{rel}","templated":true}]}}