{"id":16687,"date":"2025-04-08T08:41:04","date_gmt":"2025-04-08T08:41:04","guid":{"rendered":"https:\/\/twentyninestore.com\/?post_type=product&#038;p=16687"},"modified":"2025-04-08T08:41:04","modified_gmt":"2025-04-08T08:41:04","slug":"ampoule-led-itude-bluetooth-avec-telecommande","status":"publish","type":"product","link":"https:\/\/twentyninestore.com\/fr_fr\/product\/ampoule-led-itude-bluetooth-avec-telecommande\/","title":{"rendered":"Ampoule LED itude Bluetooth avec t\u00e9l\u00e9commande"},"content":{"rendered":"<p>Ampoule LED itude Bluetooth avec t\u00e9l\u00e9commande, lampe color\u00e9e RVB, intensit\u00e9 variable, f\u00eate \u00e0 la maison, 12W<\/p>\n<h1><\/h1>\n","protected":false},"excerpt":{"rendered":"<p>Ampoule LED itude Bluetooth avec t\u00e9l\u00e9commande, lampe color\u00e9e RVB, intensit\u00e9 variable, f\u00eate \u00e0 la maison, 12W<\/p>\n","protected":false},"featured_media":16688,"comment_status":"open","ping_status":"closed","template":"","meta":[],"product_brand":[],"product_cat":[1002],"product_tag":[],"class_list":{"0":"post-16687","1":"product","2":"type-product","3":"status-publish","4":"has-post-thumbnail","6":"product_cat-eclairage","8":"first","9":"instock","10":"shipping-taxable","11":"purchasable","12":"product-type-simple","13":"add-to-wishlist-after_add_to_cart"},"_links":{"self":[{"href":"https:\/\/twentyninestore.com\/fr_fr\/wp-json\/wp\/v2\/product\/16687","targetHints":{"allow":["GET"]}}],"collection":[{"href":"https:\/\/twentyninestore.com\/fr_fr\/wp-json\/wp\/v2\/product"}],"about":[{"href":"https:\/\/twentyninestore.com\/fr_fr\/wp-json\/wp\/v2\/types\/product"}],"replies":[{"embeddable":true,"href":"https:\/\/twentyninestore.com\/fr_fr\/wp-json\/wp\/v2\/comments?post=16687"}],"version-history":[{"count":1,"href":"https:\/\/twentyninestore.com\/fr_fr\/wp-json\/wp\/v2\/product\/16687\/revisions"}],"predecessor-version":[{"id":16693,"href":"https:\/\/twentyninestore.com\/fr_fr\/wp-json\/wp\/v2\/product\/16687\/revisions\/16693"}],"wp:featuredmedia":[{"embeddable":true,"href":"https:\/\/twentyninestore.com\/fr_fr\/wp-json\/wp\/v2\/media\/16688"}],"wp:attachment":[{"href":"https:\/\/twentyninestore.com\/fr_fr\/wp-json\/wp\/v2\/media?parent=16687"}],"wp:term":[{"taxonomy":"product_brand","embeddable":true,"href":"https:\/\/twentyninestore.com\/fr_fr\/wp-json\/wp\/v2\/product_brand?post=16687"},{"taxonomy":"product_cat","embeddable":true,"href":"https:\/\/twentyninestore.com\/fr_fr\/wp-json\/wp\/v2\/product_cat?post=16687"},{"taxonomy":"product_tag","embeddable":true,"href":"https:\/\/twentyninestore.com\/fr_fr\/wp-json\/wp\/v2\/product_tag?post=16687"}],"curies":[{"name":"wp","href":"https:\/\/api.w.org\/{rel}","templated":true}]}}