{"id":16709,"date":"2025-04-08T08:56:38","date_gmt":"2025-04-08T08:56:38","guid":{"rendered":"https:\/\/twentyninestore.com\/?post_type=product&#038;p=16709"},"modified":"2025-04-08T08:56:45","modified_gmt":"2025-04-08T08:56:45","slug":"pro-3-spots-led-sans-fil-avec-telecommande","status":"publish","type":"product","link":"https:\/\/twentyninestore.com\/fr_fr\/product\/pro-3-spots-led-sans-fil-avec-telecommande\/","title":{"rendered":"Pro 3 Spots Led Sans Fil avec T\u00e9l\u00e9commande"},"content":{"rendered":"<ul>\n<li>La lumi\u00e8re fournit suffisamment de lumi\u00e8re pour vous assurer de ne jamais tr\u00e9bucher dans l&rsquo;obscurit\u00e9.<\/li>\n<li>Vous pouvez le coller gratuitement o\u00f9 vous le souhaitez. Plus de c\u00e2blage. Tr\u00e8s facile \u00e0 installer et \u00e0 retirer.<\/li>\n<li>Veilleuses pour chevet, salon, salle de bain, couloir, cage d&rsquo;escalier, palier, sous-sol, garage, partout la nuit pour \u00e9clairer la pi\u00e8ce sans d\u00e9ranger les autres qui dorment.<\/li>\n<\/ul>\n","protected":false},"excerpt":{"rendered":"<p>La lumi\u00e8re fournit suffisamment de lumi\u00e8re pour vous assurer de ne jamais tr\u00e9bucher dans l&rsquo;obscurit\u00e9. Vous pouvez le coller gratuitement o\u00f9 vous le souhaitez. Plus de c\u00e2blage. Tr\u00e8s facile \u00e0 installer et \u00e0 retirer. Veilleuses pour chevet, salon, salle de bain, couloir, cage d&rsquo;escalier, palier, sous-sol, garage, partout la nuit pour \u00e9clairer la pi\u00e8ce sans [&hellip;]<\/p>\n","protected":false},"featured_media":16714,"comment_status":"open","ping_status":"closed","template":"","meta":[],"product_brand":[],"product_cat":[1002],"product_tag":[],"class_list":{"0":"post-16709","1":"product","2":"type-product","3":"status-publish","4":"has-post-thumbnail","6":"product_cat-eclairage","8":"first","9":"instock","10":"shipping-taxable","11":"purchasable","12":"product-type-simple","13":"add-to-wishlist-after_add_to_cart"},"_links":{"self":[{"href":"https:\/\/twentyninestore.com\/fr_fr\/wp-json\/wp\/v2\/product\/16709","targetHints":{"allow":["GET"]}}],"collection":[{"href":"https:\/\/twentyninestore.com\/fr_fr\/wp-json\/wp\/v2\/product"}],"about":[{"href":"https:\/\/twentyninestore.com\/fr_fr\/wp-json\/wp\/v2\/types\/product"}],"replies":[{"embeddable":true,"href":"https:\/\/twentyninestore.com\/fr_fr\/wp-json\/wp\/v2\/comments?post=16709"}],"version-history":[{"count":1,"href":"https:\/\/twentyninestore.com\/fr_fr\/wp-json\/wp\/v2\/product\/16709\/revisions"}],"predecessor-version":[{"id":16715,"href":"https:\/\/twentyninestore.com\/fr_fr\/wp-json\/wp\/v2\/product\/16709\/revisions\/16715"}],"wp:featuredmedia":[{"embeddable":true,"href":"https:\/\/twentyninestore.com\/fr_fr\/wp-json\/wp\/v2\/media\/16714"}],"wp:attachment":[{"href":"https:\/\/twentyninestore.com\/fr_fr\/wp-json\/wp\/v2\/media?parent=16709"}],"wp:term":[{"taxonomy":"product_brand","embeddable":true,"href":"https:\/\/twentyninestore.com\/fr_fr\/wp-json\/wp\/v2\/product_brand?post=16709"},{"taxonomy":"product_cat","embeddable":true,"href":"https:\/\/twentyninestore.com\/fr_fr\/wp-json\/wp\/v2\/product_cat?post=16709"},{"taxonomy":"product_tag","embeddable":true,"href":"https:\/\/twentyninestore.com\/fr_fr\/wp-json\/wp\/v2\/product_tag?post=16709"}],"curies":[{"name":"wp","href":"https:\/\/api.w.org\/{rel}","templated":true}]}}