{"id":16727,"date":"2025-04-08T09:07:10","date_gmt":"2025-04-08T09:07:10","guid":{"rendered":"https:\/\/twentyninestore.com\/?post_type=product&#038;p=16727"},"modified":"2025-04-08T09:07:17","modified_gmt":"2025-04-08T09:07:17","slug":"anneau-lumineux-led-pour-selfie","status":"publish","type":"product","link":"https:\/\/twentyninestore.com\/fr_fr\/product\/anneau-lumineux-led-pour-selfie\/","title":{"rendered":"Anneau Lumineux LED pour selfie"},"content":{"rendered":"<p>Changez l\u2019\u00e9clairage\u00a0de\u00a0vos selfies\u00a0avec cette incroyable nouvelle fonctionnalit\u00e9 et enregistrez des moments uniques avec plus de lumi\u00e8re et de brillance, Id\u00e9al pour une utilisation dans des endroits faiblement \u00e9clair\u00e9s, conservant une qualit\u00e9 de lumi\u00e8re optimale pour les photos.<\/p>\n<p>Lumi\u00e8re blanche froide avec\u00a03 niveaux de lumi\u00e8re LED (faible, moyen et fort).<\/p>\n<p>Peut \u00eatre facilement transport\u00e9 dans une poche ou tout autre compartiment<\/p>\n<p>SOYEZ IMPECCABLE DANS VOS SELFIES :\u00a0Cette petite lumi\u00e8re a pour but de rendre vos selfies meilleurs ! La lumi\u00e8re douce \u00e9mise par 36 LED \u00e0 haute luminosit\u00e9, lumi\u00e8re naturelle, est centr\u00e9e et non \u00e9blouissante, fournit une lumi\u00e8re de remplissage naturelle lorsque vous prenez un selfie en l\u2019absence de lumi\u00e8re, rend vos selfies meilleurs, pr\u00e9sente la beaut\u00e9 du visage et le blanchiment de la peau, tout en conservant un bruit d\u2019image minimal. , cr\u00e9e un attrait \u00e9motionnel convenable.<\/p>\n<p>3 NIVEAUX DE LUMINOSIT\u00c9 :\u00a0Avec 3 niveaux de luminosit\u00e9 diff\u00e9rents, vous trouverez l\u2019\u00e9clairage parfait n\u00e9cessaire pour vos photos, vid\u00e9os et diffusion en direct. Prenez des selfies n\u2019importe o\u00f9, dans les bo\u00eetes de nuit sombres, les f\u00eates, le camping, etc. Avec cette bague lumineuse pour selfie, nous n\u2019aurons plus jamais \u00e0 nous soucier de l\u2019environnement sombre. Prenez vos meilleurs selfies avec ce clip lumineux !<\/p>\n<p>L\u00c9GER ET PORTABLE :\u00a0Format de poche et extr\u00eamement compact, il est facile de prendre le kit de t\u00e9l\u00e9phone portable portable et l\u00e9ger dans votre poche ou votre sac \u00e0 main pratique. En plus d\u2019agir comme une lumi\u00e8re d\u2019appoint pour selfie, vous pouvez \u00e9galement l\u2019utiliser comme lampe de poche dans un environnement sombre. Emportez le avec vous partout o\u00f9 vous allez et m\u00e9morisez tous les moments heureux de votre vie !<\/p>\n","protected":false},"excerpt":{"rendered":"<p>Changez l\u2019\u00e9clairage\u00a0de\u00a0vos selfies\u00a0avec cette incroyable nouvelle fonctionnalit\u00e9 et enregistrez des moments uniques avec plus de lumi\u00e8re et de brillance, Id\u00e9al pour une utilisation dans des endroits faiblement \u00e9clair\u00e9s, conservant une qualit\u00e9 de lumi\u00e8re optimale pour les photos. Lumi\u00e8re blanche froide avec\u00a03 niveaux de lumi\u00e8re LED (faible, moyen et fort). Peut \u00eatre facilement transport\u00e9 dans une [&hellip;]<\/p>\n","protected":false},"featured_media":16732,"comment_status":"open","ping_status":"closed","template":"","meta":[],"product_brand":[],"product_cat":[1002],"product_tag":[],"class_list":{"0":"post-16727","1":"product","2":"type-product","3":"status-publish","4":"has-post-thumbnail","6":"product_cat-eclairage","8":"first","9":"instock","10":"shipping-taxable","11":"purchasable","12":"product-type-simple","13":"add-to-wishlist-after_add_to_cart"},"_links":{"self":[{"href":"https:\/\/twentyninestore.com\/fr_fr\/wp-json\/wp\/v2\/product\/16727","targetHints":{"allow":["GET"]}}],"collection":[{"href":"https:\/\/twentyninestore.com\/fr_fr\/wp-json\/wp\/v2\/product"}],"about":[{"href":"https:\/\/twentyninestore.com\/fr_fr\/wp-json\/wp\/v2\/types\/product"}],"replies":[{"embeddable":true,"href":"https:\/\/twentyninestore.com\/fr_fr\/wp-json\/wp\/v2\/comments?post=16727"}],"version-history":[{"count":1,"href":"https:\/\/twentyninestore.com\/fr_fr\/wp-json\/wp\/v2\/product\/16727\/revisions"}],"predecessor-version":[{"id":16733,"href":"https:\/\/twentyninestore.com\/fr_fr\/wp-json\/wp\/v2\/product\/16727\/revisions\/16733"}],"wp:featuredmedia":[{"embeddable":true,"href":"https:\/\/twentyninestore.com\/fr_fr\/wp-json\/wp\/v2\/media\/16732"}],"wp:attachment":[{"href":"https:\/\/twentyninestore.com\/fr_fr\/wp-json\/wp\/v2\/media?parent=16727"}],"wp:term":[{"taxonomy":"product_brand","embeddable":true,"href":"https:\/\/twentyninestore.com\/fr_fr\/wp-json\/wp\/v2\/product_brand?post=16727"},{"taxonomy":"product_cat","embeddable":true,"href":"https:\/\/twentyninestore.com\/fr_fr\/wp-json\/wp\/v2\/product_cat?post=16727"},{"taxonomy":"product_tag","embeddable":true,"href":"https:\/\/twentyninestore.com\/fr_fr\/wp-json\/wp\/v2\/product_tag?post=16727"}],"curies":[{"name":"wp","href":"https:\/\/api.w.org\/{rel}","templated":true}]}}