{"id":16734,"date":"2025-04-08T09:10:37","date_gmt":"2025-04-08T09:10:37","guid":{"rendered":"https:\/\/twentyninestore.com\/?post_type=product&#038;p=16734"},"modified":"2025-04-14T11:54:36","modified_gmt":"2025-04-14T11:54:36","slug":"lampe-de-poche-led-rechargeable-avec-trois-diodes","status":"publish","type":"product","link":"https:\/\/twentyninestore.com\/fr_fr\/product\/lampe-de-poche-led-rechargeable-avec-trois-diodes\/","title":{"rendered":"Lampe de poche LED rechargeable avec trois diodes"},"content":{"rendered":"<p>Cette lampe de poche rechargeable est \u00e9quip\u00e9e d&rsquo;une m\u00e8che LED Super spot am\u00e9lior\u00e9e, d&rsquo;une puissance maximale de 100 000 lumens et d&rsquo;une distance d&rsquo;irradiation maximale de 5 000 pieds (1 500 m\u00e8tres), de sorte que la lampe de poche haute Lumen est 10 fois plus lumineuse que la lampe de poche LED normale, id\u00e9ale pour l&rsquo;ext\u00e9rieur, la randonn\u00e9e, la chasse, le camping, P\u00eache, urgence, mais aussi un cadeau id\u00e9al pour les hommes.<\/p>\n","protected":false},"excerpt":{"rendered":"<p>Cette lampe de poche rechargeable est \u00e9quip\u00e9e d&rsquo;une m\u00e8che LED Super spot am\u00e9lior\u00e9e, d&rsquo;une puissance maximale de 100 000 lumens et d&rsquo;une distance d&rsquo;irradiation maximale de 5 000 pieds (1 500 m\u00e8tres), de sorte que la lampe de poche haute Lumen est 10 fois plus lumineuse que la lampe de poche LED normale, id\u00e9ale pour [&hellip;]<\/p>\n","protected":false},"featured_media":16737,"comment_status":"open","ping_status":"closed","template":"","meta":[],"product_brand":[],"product_cat":[1042],"product_tag":[],"class_list":{"0":"post-16734","1":"product","2":"type-product","3":"status-publish","4":"has-post-thumbnail","6":"product_cat-energie-et-recharge","8":"first","9":"instock","10":"shipping-taxable","11":"purchasable","12":"product-type-simple","13":"add-to-wishlist-after_add_to_cart"},"_links":{"self":[{"href":"https:\/\/twentyninestore.com\/fr_fr\/wp-json\/wp\/v2\/product\/16734","targetHints":{"allow":["GET"]}}],"collection":[{"href":"https:\/\/twentyninestore.com\/fr_fr\/wp-json\/wp\/v2\/product"}],"about":[{"href":"https:\/\/twentyninestore.com\/fr_fr\/wp-json\/wp\/v2\/types\/product"}],"replies":[{"embeddable":true,"href":"https:\/\/twentyninestore.com\/fr_fr\/wp-json\/wp\/v2\/comments?post=16734"}],"version-history":[{"count":1,"href":"https:\/\/twentyninestore.com\/fr_fr\/wp-json\/wp\/v2\/product\/16734\/revisions"}],"predecessor-version":[{"id":16738,"href":"https:\/\/twentyninestore.com\/fr_fr\/wp-json\/wp\/v2\/product\/16734\/revisions\/16738"}],"wp:featuredmedia":[{"embeddable":true,"href":"https:\/\/twentyninestore.com\/fr_fr\/wp-json\/wp\/v2\/media\/16737"}],"wp:attachment":[{"href":"https:\/\/twentyninestore.com\/fr_fr\/wp-json\/wp\/v2\/media?parent=16734"}],"wp:term":[{"taxonomy":"product_brand","embeddable":true,"href":"https:\/\/twentyninestore.com\/fr_fr\/wp-json\/wp\/v2\/product_brand?post=16734"},{"taxonomy":"product_cat","embeddable":true,"href":"https:\/\/twentyninestore.com\/fr_fr\/wp-json\/wp\/v2\/product_cat?post=16734"},{"taxonomy":"product_tag","embeddable":true,"href":"https:\/\/twentyninestore.com\/fr_fr\/wp-json\/wp\/v2\/product_tag?post=16734"}],"curies":[{"name":"wp","href":"https:\/\/api.w.org\/{rel}","templated":true}]}}