{"id":16739,"date":"2025-04-08T09:15:37","date_gmt":"2025-04-08T09:15:37","guid":{"rendered":"https:\/\/twentyninestore.com\/?post_type=product&#038;p=16739"},"modified":"2025-04-08T09:19:45","modified_gmt":"2025-04-08T09:19:45","slug":"lampe-torche-tactique-rechargeable-solaire-mington","status":"publish","type":"product","link":"https:\/\/twentyninestore.com\/fr_fr\/product\/lampe-torche-tactique-rechargeable-solaire-mington\/","title":{"rendered":"Lampe torche tactique rechargeable solaire Mington"},"content":{"rendered":"<h2>Voici notre lampe torche tactique rechargeable solaire Mington capable de r\u00e9cup\u00e9rer sa batterie gr\u00e2ce \u00e0 l\u2019\u00e9nergie solaire pour toujours vous \u00e9clairez<\/h2>\n","protected":false},"excerpt":{"rendered":"<p>Voici notre lampe torche tactique rechargeable solaire Mington capable de r\u00e9cup\u00e9rer sa batterie gr\u00e2ce \u00e0 l\u2019\u00e9nergie solaire pour toujours vous \u00e9clairez<\/p>\n","protected":false},"featured_media":16741,"comment_status":"open","ping_status":"closed","template":"","meta":[],"product_brand":[],"product_cat":[1042],"product_tag":[],"class_list":{"0":"post-16739","1":"product","2":"type-product","3":"status-publish","4":"has-post-thumbnail","6":"product_cat-energie-et-recharge","8":"first","9":"instock","10":"shipping-taxable","11":"purchasable","12":"product-type-simple","13":"add-to-wishlist-after_add_to_cart"},"_links":{"self":[{"href":"https:\/\/twentyninestore.com\/fr_fr\/wp-json\/wp\/v2\/product\/16739","targetHints":{"allow":["GET"]}}],"collection":[{"href":"https:\/\/twentyninestore.com\/fr_fr\/wp-json\/wp\/v2\/product"}],"about":[{"href":"https:\/\/twentyninestore.com\/fr_fr\/wp-json\/wp\/v2\/types\/product"}],"replies":[{"embeddable":true,"href":"https:\/\/twentyninestore.com\/fr_fr\/wp-json\/wp\/v2\/comments?post=16739"}],"version-history":[{"count":1,"href":"https:\/\/twentyninestore.com\/fr_fr\/wp-json\/wp\/v2\/product\/16739\/revisions"}],"predecessor-version":[{"id":16742,"href":"https:\/\/twentyninestore.com\/fr_fr\/wp-json\/wp\/v2\/product\/16739\/revisions\/16742"}],"wp:featuredmedia":[{"embeddable":true,"href":"https:\/\/twentyninestore.com\/fr_fr\/wp-json\/wp\/v2\/media\/16741"}],"wp:attachment":[{"href":"https:\/\/twentyninestore.com\/fr_fr\/wp-json\/wp\/v2\/media?parent=16739"}],"wp:term":[{"taxonomy":"product_brand","embeddable":true,"href":"https:\/\/twentyninestore.com\/fr_fr\/wp-json\/wp\/v2\/product_brand?post=16739"},{"taxonomy":"product_cat","embeddable":true,"href":"https:\/\/twentyninestore.com\/fr_fr\/wp-json\/wp\/v2\/product_cat?post=16739"},{"taxonomy":"product_tag","embeddable":true,"href":"https:\/\/twentyninestore.com\/fr_fr\/wp-json\/wp\/v2\/product_tag?post=16739"}],"curies":[{"name":"wp","href":"https:\/\/api.w.org\/{rel}","templated":true}]}}