{"id":16756,"date":"2025-04-08T09:40:09","date_gmt":"2025-04-08T09:40:09","guid":{"rendered":"https:\/\/twentyninestore.com\/?post_type=product&#038;p=16756"},"modified":"2025-04-08T09:40:22","modified_gmt":"2025-04-08T09:40:22","slug":"veilleuse-humidificateur-dair-nuage-rechargeable-7-couleurs","status":"publish","type":"product","link":"https:\/\/twentyninestore.com\/fr_fr\/product\/veilleuse-humidificateur-dair-nuage-rechargeable-7-couleurs\/","title":{"rendered":"Veilleuse Humidificateur d\u2019Air Nuage Rechargeable 7 Couleurs"},"content":{"rendered":"<ul>\n<li><strong>Forme<\/strong>\u00a0: Humidificateur en forme de nuage avec simulation de gouttes de pluie.<\/li>\n<li><strong>Mat\u00e9riaux<\/strong>\u00a0: Plastique ABS durable, r\u00e9sistant \u00e0 l\u2019humidit\u00e9 et aux huiles essentielles.<\/li>\n<li><strong>Couleur LED<\/strong>\u00a0: 7 options de couleurs pour cr\u00e9er une ambiance relaxante (r\u00e9glable).<\/li>\n<li><strong>\u00c9clairage d\u2019ambiance<\/strong>\u00a0: Diff\u00e9rentes options de luminosit\u00e9 pour correspondre \u00e0 l\u2019atmosph\u00e8re souhait\u00e9e.<\/li>\n<li><strong>Simulation de pluie<\/strong>\u00a0: Effet visuel et sonore simulant la pluie, favorisant la relaxation.<\/li>\n<li><strong>Dur\u00e9e de fonctionnement<\/strong>\u00a0: Jusqu\u2019\u00e0 4 heures de brumisation continue.<\/li>\n<li><strong>USB Rechargeable<\/strong>\u00a0: Temps de recharge 2 heures<\/li>\n<li><strong>Aromath\u00e9rapie :<\/strong>\u00a0Aide \u00e0 la relaxation, au soulagement du stress, et am\u00e9liore la qualit\u00e9 du sommeil<\/li>\n<\/ul>\n","protected":false},"excerpt":{"rendered":"<p>Forme\u00a0: Humidificateur en forme de nuage avec simulation de gouttes de pluie. Mat\u00e9riaux\u00a0: Plastique ABS durable, r\u00e9sistant \u00e0 l\u2019humidit\u00e9 et aux huiles essentielles. Couleur LED\u00a0: 7 options de couleurs pour cr\u00e9er une ambiance relaxante (r\u00e9glable). \u00c9clairage d\u2019ambiance\u00a0: Diff\u00e9rentes options de luminosit\u00e9 pour correspondre \u00e0 l\u2019atmosph\u00e8re souhait\u00e9e. Simulation de pluie\u00a0: Effet visuel et sonore simulant la [&hellip;]<\/p>\n","protected":false},"featured_media":16757,"comment_status":"open","ping_status":"closed","template":"","meta":[],"product_brand":[],"product_cat":[1002],"product_tag":[],"class_list":{"0":"post-16756","1":"product","2":"type-product","3":"status-publish","4":"has-post-thumbnail","6":"product_cat-eclairage","8":"first","9":"instock","10":"shipping-taxable","11":"purchasable","12":"product-type-simple","13":"add-to-wishlist-after_add_to_cart"},"_links":{"self":[{"href":"https:\/\/twentyninestore.com\/fr_fr\/wp-json\/wp\/v2\/product\/16756","targetHints":{"allow":["GET"]}}],"collection":[{"href":"https:\/\/twentyninestore.com\/fr_fr\/wp-json\/wp\/v2\/product"}],"about":[{"href":"https:\/\/twentyninestore.com\/fr_fr\/wp-json\/wp\/v2\/types\/product"}],"replies":[{"embeddable":true,"href":"https:\/\/twentyninestore.com\/fr_fr\/wp-json\/wp\/v2\/comments?post=16756"}],"version-history":[{"count":1,"href":"https:\/\/twentyninestore.com\/fr_fr\/wp-json\/wp\/v2\/product\/16756\/revisions"}],"predecessor-version":[{"id":16760,"href":"https:\/\/twentyninestore.com\/fr_fr\/wp-json\/wp\/v2\/product\/16756\/revisions\/16760"}],"wp:featuredmedia":[{"embeddable":true,"href":"https:\/\/twentyninestore.com\/fr_fr\/wp-json\/wp\/v2\/media\/16757"}],"wp:attachment":[{"href":"https:\/\/twentyninestore.com\/fr_fr\/wp-json\/wp\/v2\/media?parent=16756"}],"wp:term":[{"taxonomy":"product_brand","embeddable":true,"href":"https:\/\/twentyninestore.com\/fr_fr\/wp-json\/wp\/v2\/product_brand?post=16756"},{"taxonomy":"product_cat","embeddable":true,"href":"https:\/\/twentyninestore.com\/fr_fr\/wp-json\/wp\/v2\/product_cat?post=16756"},{"taxonomy":"product_tag","embeddable":true,"href":"https:\/\/twentyninestore.com\/fr_fr\/wp-json\/wp\/v2\/product_tag?post=16756"}],"curies":[{"name":"wp","href":"https:\/\/api.w.org\/{rel}","templated":true}]}}