{"id":16794,"date":"2025-04-08T10:05:34","date_gmt":"2025-04-08T10:05:34","guid":{"rendered":"https:\/\/twentyninestore.com\/?post_type=product&#038;p=16794"},"modified":"2025-04-08T10:05:34","modified_gmt":"2025-04-08T10:05:34","slug":"mini-magnetic","status":"publish","type":"product","link":"https:\/\/twentyninestore.com\/fr_fr\/product\/mini-magnetic\/","title":{"rendered":"Mini Magnetic"},"content":{"rendered":"<pre class=\"ql-syntax\" spellcheck=\"false\">Conception double couche\u00a0: cette bo\u00eete de rangement pour aiguilles et fils est con\u00e7ue pour s\u00e9parer les aiguilles et les fils. Vos articles sont ainsi rang\u00e9s avec soin.\r\n\u00c9TUI MAGN\u00c9TIQUE\u00a0: L'\u00e9tui de cette bo\u00eete de rangement magn\u00e9tique poss\u00e8de une forte attraction magn\u00e9tique. Il peut \u00eatre fix\u00e9 \u00e0 l'\u00e9tui lors de l'utilisation temporaire des aiguilles pour \u00e9viter de les perdre.<\/pre>\n","protected":false},"excerpt":{"rendered":"<p>Conception double couche\u00a0: cette bo\u00eete de rangement pour aiguilles et fils est con\u00e7ue pour s\u00e9parer les aiguilles et les fils. Vos articles sont ainsi rang\u00e9s avec soin. \u00c9TUI MAGN\u00c9TIQUE\u00a0: L&rsquo;\u00e9tui de cette bo\u00eete de rangement magn\u00e9tique poss\u00e8de une forte attraction magn\u00e9tique. Il peut \u00eatre fix\u00e9 \u00e0 l&rsquo;\u00e9tui lors de l&rsquo;utilisation temporaire des aiguilles pour \u00e9viter [&hellip;]<\/p>\n","protected":false},"featured_media":16800,"comment_status":"open","ping_status":"closed","template":"","meta":[],"product_brand":[],"product_cat":[1003],"product_tag":[],"class_list":{"0":"post-16794","1":"product","2":"type-product","3":"status-publish","4":"has-post-thumbnail","6":"product_cat-rangement-organisation","8":"first","9":"instock","10":"shipping-taxable","11":"purchasable","12":"product-type-simple","13":"add-to-wishlist-after_add_to_cart"},"_links":{"self":[{"href":"https:\/\/twentyninestore.com\/fr_fr\/wp-json\/wp\/v2\/product\/16794","targetHints":{"allow":["GET"]}}],"collection":[{"href":"https:\/\/twentyninestore.com\/fr_fr\/wp-json\/wp\/v2\/product"}],"about":[{"href":"https:\/\/twentyninestore.com\/fr_fr\/wp-json\/wp\/v2\/types\/product"}],"replies":[{"embeddable":true,"href":"https:\/\/twentyninestore.com\/fr_fr\/wp-json\/wp\/v2\/comments?post=16794"}],"version-history":[{"count":1,"href":"https:\/\/twentyninestore.com\/fr_fr\/wp-json\/wp\/v2\/product\/16794\/revisions"}],"predecessor-version":[{"id":16802,"href":"https:\/\/twentyninestore.com\/fr_fr\/wp-json\/wp\/v2\/product\/16794\/revisions\/16802"}],"wp:featuredmedia":[{"embeddable":true,"href":"https:\/\/twentyninestore.com\/fr_fr\/wp-json\/wp\/v2\/media\/16800"}],"wp:attachment":[{"href":"https:\/\/twentyninestore.com\/fr_fr\/wp-json\/wp\/v2\/media?parent=16794"}],"wp:term":[{"taxonomy":"product_brand","embeddable":true,"href":"https:\/\/twentyninestore.com\/fr_fr\/wp-json\/wp\/v2\/product_brand?post=16794"},{"taxonomy":"product_cat","embeddable":true,"href":"https:\/\/twentyninestore.com\/fr_fr\/wp-json\/wp\/v2\/product_cat?post=16794"},{"taxonomy":"product_tag","embeddable":true,"href":"https:\/\/twentyninestore.com\/fr_fr\/wp-json\/wp\/v2\/product_tag?post=16794"}],"curies":[{"name":"wp","href":"https:\/\/api.w.org\/{rel}","templated":true}]}}