{"id":16853,"date":"2025-04-08T11:09:06","date_gmt":"2025-04-08T11:09:06","guid":{"rendered":"https:\/\/twentyninestore.com\/?post_type=product&#038;p=16853"},"modified":"2025-04-14T09:53:15","modified_gmt":"2025-04-14T09:53:15","slug":"big-mass-gainer-6kg-gsn","status":"publish","type":"product","link":"https:\/\/twentyninestore.com\/fr_fr\/product\/big-mass-gainer-6kg-gsn\/","title":{"rendered":"BIG MASS GAINER 6KG GSN"},"content":{"rendered":"<p>Big Mass Gainer GSN est un Shake cr\u00e9\u00e9 sp\u00e9cialement pour prendre du muscle et du poids. Il combine des glucides et des acides amin\u00e9s pour favoriser la croissance musculaire. Avec de la cr\u00e9atine ajout\u00e9e, il fournit 3 grammes de cr\u00e9atine pure par jour. Il contribue au maintien et \u00e0 la croissance de la masse musculaire car il contient plus de 80% de prot\u00e9ines de lactos\u00e9rum. Vous pouvez consommer plus de calories gr\u00e2ce \u00e0 sa formule hypercalorique, qui apporte 1351 calories chaque jour.<\/p>\n<p>Gout : Chocolat<\/p>\n","protected":false},"excerpt":{"rendered":"<p>Big Mass Gainer GSN est un Shake cr\u00e9\u00e9 sp\u00e9cialement pour prendre du muscle et du poids. Il combine des glucides et des acides amin\u00e9s pour favoriser la croissance musculaire. Avec de la cr\u00e9atine ajout\u00e9e, il fournit 3 grammes de cr\u00e9atine pure par jour. Il contribue au maintien et \u00e0 la croissance de la masse musculaire [&hellip;]<\/p>\n","protected":false},"featured_media":16854,"comment_status":"open","ping_status":"closed","template":"","meta":[],"product_brand":[],"product_cat":[1026],"product_tag":[],"class_list":{"0":"post-16853","1":"product","2":"type-product","3":"status-publish","4":"has-post-thumbnail","6":"product_cat-nutrition-complements-alimentaires","8":"first","9":"instock","10":"shipping-taxable","11":"purchasable","12":"product-type-simple","13":"add-to-wishlist-after_add_to_cart"},"_links":{"self":[{"href":"https:\/\/twentyninestore.com\/fr_fr\/wp-json\/wp\/v2\/product\/16853","targetHints":{"allow":["GET"]}}],"collection":[{"href":"https:\/\/twentyninestore.com\/fr_fr\/wp-json\/wp\/v2\/product"}],"about":[{"href":"https:\/\/twentyninestore.com\/fr_fr\/wp-json\/wp\/v2\/types\/product"}],"replies":[{"embeddable":true,"href":"https:\/\/twentyninestore.com\/fr_fr\/wp-json\/wp\/v2\/comments?post=16853"}],"version-history":[{"count":1,"href":"https:\/\/twentyninestore.com\/fr_fr\/wp-json\/wp\/v2\/product\/16853\/revisions"}],"predecessor-version":[{"id":16855,"href":"https:\/\/twentyninestore.com\/fr_fr\/wp-json\/wp\/v2\/product\/16853\/revisions\/16855"}],"wp:featuredmedia":[{"embeddable":true,"href":"https:\/\/twentyninestore.com\/fr_fr\/wp-json\/wp\/v2\/media\/16854"}],"wp:attachment":[{"href":"https:\/\/twentyninestore.com\/fr_fr\/wp-json\/wp\/v2\/media?parent=16853"}],"wp:term":[{"taxonomy":"product_brand","embeddable":true,"href":"https:\/\/twentyninestore.com\/fr_fr\/wp-json\/wp\/v2\/product_brand?post=16853"},{"taxonomy":"product_cat","embeddable":true,"href":"https:\/\/twentyninestore.com\/fr_fr\/wp-json\/wp\/v2\/product_cat?post=16853"},{"taxonomy":"product_tag","embeddable":true,"href":"https:\/\/twentyninestore.com\/fr_fr\/wp-json\/wp\/v2\/product_tag?post=16853"}],"curies":[{"name":"wp","href":"https:\/\/api.w.org\/{rel}","templated":true}]}}