{"id":16928,"date":"2025-04-08T11:37:34","date_gmt":"2025-04-08T11:37:34","guid":{"rendered":"https:\/\/twentyninestore.com\/?post_type=product&#038;p=16928"},"modified":"2025-04-08T11:37:41","modified_gmt":"2025-04-08T11:37:41","slug":"mini-radiateur-soufflant-electrique-portable-avec-thermostat-reglable","status":"publish","type":"product","link":"https:\/\/twentyninestore.com\/fr_fr\/product\/mini-radiateur-soufflant-electrique-portable-avec-thermostat-reglable\/","title":{"rendered":"Mini Radiateur Soufflant \u00c9lectrique Portable avec Thermostat R\u00e9glable"},"content":{"rendered":"<p>\ud83d\udd25 Conception petite et portable<\/p>\n<p>Ce radiateur est de petite taille et facile \u00e0 transporter, vous pouvez donc l&rsquo;utiliser dans n&rsquo;importe quel espace o\u00f9 vous avez besoin de chaleur : la chambre, le bureau, le salon&#8230; et il peut m\u00eame \u00eatre rang\u00e9 dans un espace pour une utilisation. salles de bains et zones humides.<\/p>\n","protected":false},"excerpt":{"rendered":"<p>\ud83d\udd25 Conception petite et portable Ce radiateur est de petite taille et facile \u00e0 transporter, vous pouvez donc l&rsquo;utiliser dans n&rsquo;importe quel espace o\u00f9 vous avez besoin de chaleur : la chambre, le bureau, le salon&#8230; et il peut m\u00eame \u00eatre rang\u00e9 dans un espace pour une utilisation. salles de bains et zones humides.<\/p>\n","protected":false},"featured_media":16936,"comment_status":"open","ping_status":"closed","template":"","meta":[],"product_brand":[],"product_cat":[1005],"product_tag":[],"class_list":{"0":"post-16928","1":"product","2":"type-product","3":"status-publish","4":"has-post-thumbnail","6":"product_cat-electromenager-domestique","8":"first","9":"instock","10":"shipping-taxable","11":"purchasable","12":"product-type-simple","13":"add-to-wishlist-after_add_to_cart"},"_links":{"self":[{"href":"https:\/\/twentyninestore.com\/fr_fr\/wp-json\/wp\/v2\/product\/16928","targetHints":{"allow":["GET"]}}],"collection":[{"href":"https:\/\/twentyninestore.com\/fr_fr\/wp-json\/wp\/v2\/product"}],"about":[{"href":"https:\/\/twentyninestore.com\/fr_fr\/wp-json\/wp\/v2\/types\/product"}],"replies":[{"embeddable":true,"href":"https:\/\/twentyninestore.com\/fr_fr\/wp-json\/wp\/v2\/comments?post=16928"}],"version-history":[{"count":1,"href":"https:\/\/twentyninestore.com\/fr_fr\/wp-json\/wp\/v2\/product\/16928\/revisions"}],"predecessor-version":[{"id":16952,"href":"https:\/\/twentyninestore.com\/fr_fr\/wp-json\/wp\/v2\/product\/16928\/revisions\/16952"}],"wp:featuredmedia":[{"embeddable":true,"href":"https:\/\/twentyninestore.com\/fr_fr\/wp-json\/wp\/v2\/media\/16936"}],"wp:attachment":[{"href":"https:\/\/twentyninestore.com\/fr_fr\/wp-json\/wp\/v2\/media?parent=16928"}],"wp:term":[{"taxonomy":"product_brand","embeddable":true,"href":"https:\/\/twentyninestore.com\/fr_fr\/wp-json\/wp\/v2\/product_brand?post=16928"},{"taxonomy":"product_cat","embeddable":true,"href":"https:\/\/twentyninestore.com\/fr_fr\/wp-json\/wp\/v2\/product_cat?post=16928"},{"taxonomy":"product_tag","embeddable":true,"href":"https:\/\/twentyninestore.com\/fr_fr\/wp-json\/wp\/v2\/product_tag?post=16928"}],"curies":[{"name":"wp","href":"https:\/\/api.w.org\/{rel}","templated":true}]}}