{"id":16953,"date":"2025-04-08T11:45:01","date_gmt":"2025-04-08T11:45:01","guid":{"rendered":"https:\/\/twentyninestore.com\/?post_type=product&#038;p=16953"},"modified":"2025-04-14T10:20:27","modified_gmt":"2025-04-14T10:20:27","slug":"pommeau-de-douche-a-led","status":"publish","type":"product","link":"https:\/\/twentyninestore.com\/fr_fr\/product\/pommeau-de-douche-a-led\/","title":{"rendered":"Pommeau de douche \u00e0 LED"},"content":{"rendered":"<ul>\n<li><strong>La lumi\u00e8re LED s&rsquo;allume lorsque vous allumez le robinet, activ\u00e9e par la pression de l&rsquo;eau et s&rsquo;\u00e9teint automatiquement lorsque l&rsquo;eau est coup\u00e9e.<\/strong><\/li>\n<li><strong>De belles couleurs et un \u00e9clairage ambiant am\u00e9liorent l&rsquo;ambiance sous la douche. Transformez votre temps de douche.<\/strong><\/li>\n<li><strong>Le mat\u00e9riau durable a une forte capacit\u00e9 d&rsquo;isolation thermique.<\/strong><\/li>\n<li><strong>Facile \u00e0 installer par vous-m\u00eame sans aucun autre accessoire d&rsquo;assistant.<\/strong><\/li>\n<li><strong>Vous offre un bain d\u00e9licieux et une exp\u00e9rience merveilleuse.<\/strong><\/li>\n<\/ul>\n","protected":false},"excerpt":{"rendered":"<p>La lumi\u00e8re LED s&rsquo;allume lorsque vous allumez le robinet, activ\u00e9e par la pression de l&rsquo;eau et s&rsquo;\u00e9teint automatiquement lorsque l&rsquo;eau est coup\u00e9e. De belles couleurs et un \u00e9clairage ambiant am\u00e9liorent l&rsquo;ambiance sous la douche. Transformez votre temps de douche. Le mat\u00e9riau durable a une forte capacit\u00e9 d&rsquo;isolation thermique. Facile \u00e0 installer par vous-m\u00eame sans aucun [&hellip;]<\/p>\n","protected":false},"featured_media":16967,"comment_status":"open","ping_status":"closed","template":"","meta":[],"product_brand":[],"product_cat":[1005],"product_tag":[],"class_list":{"0":"post-16953","1":"product","2":"type-product","3":"status-publish","4":"has-post-thumbnail","6":"product_cat-electromenager-domestique","8":"first","9":"instock","10":"shipping-taxable","11":"purchasable","12":"product-type-simple","13":"add-to-wishlist-after_add_to_cart"},"_links":{"self":[{"href":"https:\/\/twentyninestore.com\/fr_fr\/wp-json\/wp\/v2\/product\/16953","targetHints":{"allow":["GET"]}}],"collection":[{"href":"https:\/\/twentyninestore.com\/fr_fr\/wp-json\/wp\/v2\/product"}],"about":[{"href":"https:\/\/twentyninestore.com\/fr_fr\/wp-json\/wp\/v2\/types\/product"}],"replies":[{"embeddable":true,"href":"https:\/\/twentyninestore.com\/fr_fr\/wp-json\/wp\/v2\/comments?post=16953"}],"version-history":[{"count":1,"href":"https:\/\/twentyninestore.com\/fr_fr\/wp-json\/wp\/v2\/product\/16953\/revisions"}],"predecessor-version":[{"id":16968,"href":"https:\/\/twentyninestore.com\/fr_fr\/wp-json\/wp\/v2\/product\/16953\/revisions\/16968"}],"wp:featuredmedia":[{"embeddable":true,"href":"https:\/\/twentyninestore.com\/fr_fr\/wp-json\/wp\/v2\/media\/16967"}],"wp:attachment":[{"href":"https:\/\/twentyninestore.com\/fr_fr\/wp-json\/wp\/v2\/media?parent=16953"}],"wp:term":[{"taxonomy":"product_brand","embeddable":true,"href":"https:\/\/twentyninestore.com\/fr_fr\/wp-json\/wp\/v2\/product_brand?post=16953"},{"taxonomy":"product_cat","embeddable":true,"href":"https:\/\/twentyninestore.com\/fr_fr\/wp-json\/wp\/v2\/product_cat?post=16953"},{"taxonomy":"product_tag","embeddable":true,"href":"https:\/\/twentyninestore.com\/fr_fr\/wp-json\/wp\/v2\/product_tag?post=16953"}],"curies":[{"name":"wp","href":"https:\/\/api.w.org\/{rel}","templated":true}]}}