{"id":16987,"date":"2025-04-08T12:14:19","date_gmt":"2025-04-08T12:14:19","guid":{"rendered":"https:\/\/twentyninestore.com\/?post_type=product&#038;p=16987"},"modified":"2025-04-08T12:14:51","modified_gmt":"2025-04-08T12:14:51","slug":"kit-de-trepied-de-creation-video","status":"publish","type":"product","link":"https:\/\/twentyninestore.com\/fr_fr\/product\/kit-de-trepied-de-creation-video\/","title":{"rendered":"Kit de tr\u00e9pied de cr\u00e9ation vid\u00e9o"},"content":{"rendered":"<ul>\n<li>Compatible avec : Smartphone , Camera , GoPro\u2026<\/li>\n<li>Support de tr\u00e9pied pliable<\/li>\n<li>Mode double usage : Portatif \/Table<\/li>\n<li>Pince t\u00e9l\u00e9phonique \u00e0 sabot froid<\/li>\n<li>Microphone \u00e0 r\u00e9duction de bruit<\/li>\n<li>Lampe vid\u00e9o lED49R ( Aliment\u00e9e par 2 piles AA) piles non inclus<\/li>\n<li>T\u00e9l\u00e9commande Sans Fil<\/li>\n<li>Prise microphone 3.5mm<\/li>\n<\/ul>\n","protected":false},"excerpt":{"rendered":"<p>Compatible avec : Smartphone , Camera , GoPro\u2026 Support de tr\u00e9pied pliable Mode double usage : Portatif \/Table Pince t\u00e9l\u00e9phonique \u00e0 sabot froid Microphone \u00e0 r\u00e9duction de bruit Lampe vid\u00e9o lED49R ( Aliment\u00e9e par 2 piles AA) piles non inclus T\u00e9l\u00e9commande Sans Fil Prise microphone 3.5mm<\/p>\n","protected":false},"featured_media":16993,"comment_status":"open","ping_status":"closed","template":"","meta":[],"product_brand":[],"product_cat":[1039],"product_tag":[],"class_list":{"0":"post-16987","1":"product","2":"type-product","3":"status-publish","4":"has-post-thumbnail","6":"product_cat-audio-et-video","8":"first","9":"instock","10":"shipping-taxable","11":"purchasable","12":"product-type-simple","13":"add-to-wishlist-after_add_to_cart"},"_links":{"self":[{"href":"https:\/\/twentyninestore.com\/fr_fr\/wp-json\/wp\/v2\/product\/16987","targetHints":{"allow":["GET"]}}],"collection":[{"href":"https:\/\/twentyninestore.com\/fr_fr\/wp-json\/wp\/v2\/product"}],"about":[{"href":"https:\/\/twentyninestore.com\/fr_fr\/wp-json\/wp\/v2\/types\/product"}],"replies":[{"embeddable":true,"href":"https:\/\/twentyninestore.com\/fr_fr\/wp-json\/wp\/v2\/comments?post=16987"}],"version-history":[{"count":2,"href":"https:\/\/twentyninestore.com\/fr_fr\/wp-json\/wp\/v2\/product\/16987\/revisions"}],"predecessor-version":[{"id":16995,"href":"https:\/\/twentyninestore.com\/fr_fr\/wp-json\/wp\/v2\/product\/16987\/revisions\/16995"}],"wp:featuredmedia":[{"embeddable":true,"href":"https:\/\/twentyninestore.com\/fr_fr\/wp-json\/wp\/v2\/media\/16993"}],"wp:attachment":[{"href":"https:\/\/twentyninestore.com\/fr_fr\/wp-json\/wp\/v2\/media?parent=16987"}],"wp:term":[{"taxonomy":"product_brand","embeddable":true,"href":"https:\/\/twentyninestore.com\/fr_fr\/wp-json\/wp\/v2\/product_brand?post=16987"},{"taxonomy":"product_cat","embeddable":true,"href":"https:\/\/twentyninestore.com\/fr_fr\/wp-json\/wp\/v2\/product_cat?post=16987"},{"taxonomy":"product_tag","embeddable":true,"href":"https:\/\/twentyninestore.com\/fr_fr\/wp-json\/wp\/v2\/product_tag?post=16987"}],"curies":[{"name":"wp","href":"https:\/\/api.w.org\/{rel}","templated":true}]}}