{"id":17042,"date":"2025-04-10T10:35:32","date_gmt":"2025-04-10T10:35:32","guid":{"rendered":"https:\/\/twentyninestore.com\/?post_type=product&#038;p=17042"},"modified":"2025-04-10T10:36:18","modified_gmt":"2025-04-10T10:36:18","slug":"poeles-granite-oms-o28cm","status":"publish","type":"product","link":"https:\/\/twentyninestore.com\/fr_fr\/product\/poeles-granite-oms-o28cm\/","title":{"rendered":"po\u00eales granite OMS \u00d828cm"},"content":{"rendered":"<p>&#8211; Lisse, facile \u00e0 nettoyer, sain et hygi\u00e9nique.<\/p>\n<p>&#8211; Fabriqu\u00e9 \u00e0 partir de mat\u00e9riaux naturels et durables.<\/p>\n<p>&#8211; Poign\u00e9es ergonomiques et d\u00e9coratives r\u00e9sistantes \u00e0 la chaleur.<\/p>\n<p>&#8211; R\u00e9sistant \u00e0 la chaleur \u00e9lev\u00e9e, tol\u00e9rant aux d\u00e9fauts chimiques.<\/p>\n","protected":false},"excerpt":{"rendered":"<p>&#8211; Lisse, facile \u00e0 nettoyer, sain et hygi\u00e9nique. &#8211; Fabriqu\u00e9 \u00e0 partir de mat\u00e9riaux naturels et durables. &#8211; Poign\u00e9es ergonomiques et d\u00e9coratives r\u00e9sistantes \u00e0 la chaleur. &#8211; R\u00e9sistant \u00e0 la chaleur \u00e9lev\u00e9e, tol\u00e9rant aux d\u00e9fauts chimiques.<\/p>\n","protected":false},"featured_media":17034,"comment_status":"open","ping_status":"closed","template":"","meta":[],"product_brand":[],"product_cat":[1056],"product_tag":[],"class_list":{"0":"post-17042","1":"product","2":"type-product","3":"status-publish","4":"has-post-thumbnail","6":"product_cat-petits-equipements-et-ustensiles","8":"first","9":"instock","10":"shipping-taxable","11":"purchasable","12":"product-type-variable","13":"add-to-wishlist-after_add_to_cart"},"_links":{"self":[{"href":"https:\/\/twentyninestore.com\/fr_fr\/wp-json\/wp\/v2\/product\/17042","targetHints":{"allow":["GET"]}}],"collection":[{"href":"https:\/\/twentyninestore.com\/fr_fr\/wp-json\/wp\/v2\/product"}],"about":[{"href":"https:\/\/twentyninestore.com\/fr_fr\/wp-json\/wp\/v2\/types\/product"}],"replies":[{"embeddable":true,"href":"https:\/\/twentyninestore.com\/fr_fr\/wp-json\/wp\/v2\/comments?post=17042"}],"version-history":[{"count":1,"href":"https:\/\/twentyninestore.com\/fr_fr\/wp-json\/wp\/v2\/product\/17042\/revisions"}],"predecessor-version":[{"id":17046,"href":"https:\/\/twentyninestore.com\/fr_fr\/wp-json\/wp\/v2\/product\/17042\/revisions\/17046"}],"wp:featuredmedia":[{"embeddable":true,"href":"https:\/\/twentyninestore.com\/fr_fr\/wp-json\/wp\/v2\/media\/17034"}],"wp:attachment":[{"href":"https:\/\/twentyninestore.com\/fr_fr\/wp-json\/wp\/v2\/media?parent=17042"}],"wp:term":[{"taxonomy":"product_brand","embeddable":true,"href":"https:\/\/twentyninestore.com\/fr_fr\/wp-json\/wp\/v2\/product_brand?post=17042"},{"taxonomy":"product_cat","embeddable":true,"href":"https:\/\/twentyninestore.com\/fr_fr\/wp-json\/wp\/v2\/product_cat?post=17042"},{"taxonomy":"product_tag","embeddable":true,"href":"https:\/\/twentyninestore.com\/fr_fr\/wp-json\/wp\/v2\/product_tag?post=17042"}],"curies":[{"name":"wp","href":"https:\/\/api.w.org\/{rel}","templated":true}]}}