{"id":17171,"date":"2025-04-13T18:53:34","date_gmt":"2025-04-13T18:53:34","guid":{"rendered":"https:\/\/twentyninestore.com\/?post_type=product&#038;p=17171"},"modified":"2025-04-16T09:26:17","modified_gmt":"2025-04-16T09:26:17","slug":"pantalon-cintre-jeans-organisateur-multi-fonction-pliant-en-acier-inoxydable","status":"publish","type":"product","link":"https:\/\/twentyninestore.com\/fr_fr\/product\/pantalon-cintre-jeans-organisateur-multi-fonction-pliant-en-acier-inoxydable\/","title":{"rendered":"Pantalon Cintre Jeans Organisateur Multi-Fonction Pliant en Acier Inoxydable"},"content":{"rendered":"<ul>\n<li>Cintres pour pantalons peu encombrants \u2013 Chaque cintre peut contenir au moins 5 jeans, pantalons ou autres v\u00eatements. Optimisez l&rsquo;espace de votre placard et gardez-le propre et ordonn\u00e9. Forte r\u00e9sistance et ne se d\u00e9forme pas facilement.<\/li>\n<li>\u2714 Cintres pour v\u00eatements et pantalons &#8212; Surface lisse et r\u00e9sistante aux rayures. Prot\u00e9gez vos pantalons et v\u00eatements contre les rayures et les plis. Chaque tige de ce cintre est r\u00e9tractable, ce qui le rend pratique pour ajouter ou retirer des pantalons.<\/li>\n<\/ul>\n","protected":false},"excerpt":{"rendered":"<p>Cintres pour pantalons peu encombrants \u2013 Chaque cintre peut contenir au moins 5 jeans, pantalons ou autres v\u00eatements. Optimisez l&rsquo;espace de votre placard et gardez-le propre et ordonn\u00e9. Forte r\u00e9sistance et ne se d\u00e9forme pas facilement. \u2714 Cintres pour v\u00eatements et pantalons &#8212; Surface lisse et r\u00e9sistante aux rayures. Prot\u00e9gez vos pantalons et v\u00eatements contre [&hellip;]<\/p>\n","protected":false},"featured_media":17176,"comment_status":"open","ping_status":"closed","template":"","meta":[],"product_brand":[],"product_cat":[1003],"product_tag":[],"class_list":{"0":"post-17171","1":"product","2":"type-product","3":"status-publish","4":"has-post-thumbnail","6":"product_cat-rangement-organisation","8":"first","9":"instock","10":"shipping-taxable","11":"purchasable","12":"product-type-simple","13":"add-to-wishlist-after_add_to_cart"},"_links":{"self":[{"href":"https:\/\/twentyninestore.com\/fr_fr\/wp-json\/wp\/v2\/product\/17171","targetHints":{"allow":["GET"]}}],"collection":[{"href":"https:\/\/twentyninestore.com\/fr_fr\/wp-json\/wp\/v2\/product"}],"about":[{"href":"https:\/\/twentyninestore.com\/fr_fr\/wp-json\/wp\/v2\/types\/product"}],"replies":[{"embeddable":true,"href":"https:\/\/twentyninestore.com\/fr_fr\/wp-json\/wp\/v2\/comments?post=17171"}],"version-history":[{"count":1,"href":"https:\/\/twentyninestore.com\/fr_fr\/wp-json\/wp\/v2\/product\/17171\/revisions"}],"predecessor-version":[{"id":17177,"href":"https:\/\/twentyninestore.com\/fr_fr\/wp-json\/wp\/v2\/product\/17171\/revisions\/17177"}],"wp:featuredmedia":[{"embeddable":true,"href":"https:\/\/twentyninestore.com\/fr_fr\/wp-json\/wp\/v2\/media\/17176"}],"wp:attachment":[{"href":"https:\/\/twentyninestore.com\/fr_fr\/wp-json\/wp\/v2\/media?parent=17171"}],"wp:term":[{"taxonomy":"product_brand","embeddable":true,"href":"https:\/\/twentyninestore.com\/fr_fr\/wp-json\/wp\/v2\/product_brand?post=17171"},{"taxonomy":"product_cat","embeddable":true,"href":"https:\/\/twentyninestore.com\/fr_fr\/wp-json\/wp\/v2\/product_cat?post=17171"},{"taxonomy":"product_tag","embeddable":true,"href":"https:\/\/twentyninestore.com\/fr_fr\/wp-json\/wp\/v2\/product_tag?post=17171"}],"curies":[{"name":"wp","href":"https:\/\/api.w.org\/{rel}","templated":true}]}}