{"id":17204,"date":"2025-04-13T19:25:28","date_gmt":"2025-04-13T19:25:28","guid":{"rendered":"https:\/\/twentyninestore.com\/?post_type=product&#038;p=17204"},"modified":"2025-04-13T19:25:39","modified_gmt":"2025-04-13T19:25:39","slug":"gommage-visage-amande-douce-et-argan-dermafig","status":"publish","type":"product","link":"https:\/\/twentyninestore.com\/fr_fr\/product\/gommage-visage-amande-douce-et-argan-dermafig\/","title":{"rendered":"Gommage Visage Amande Douce et Argan DERMAFIG"},"content":{"rendered":"<p>Ce gommage visage \u00e0 l\u2019amande douce et \u00e0 l\u2019argan est soigneusement \u00e9labor\u00e9 pour offrir un soin doux mais efficace. Sa formule<\/p>\n<p>distinctive, enrichie d\u2019huiles pr\u00e9cieuses, exfolie en douceur tout en nourrissant en profondeur. Le r\u00e9sultat est une peau douce, lisse et<\/p>\n<p>\u00e9clatante. Ce soin int\u00e8gre une exfoliation m\u00e9canique gr\u00e2ce aux graines d\u2019amande douce et une exfoliation enzymatique d\u00e9riv\u00e9e des<\/p>\n<p>propri\u00e9t\u00e9s naturelles des huiles. L\u2019huile de p\u00e9pins de figue de Barbarie et l\u2019huile d\u2019argan offrent un apport riche en acides gras essentiels<\/p>\n<p>pour une nutrition en profondeur, tandis que l\u2019huile d\u2019amande douce apaise et prot\u00e8ge la peau.<\/p>\n<p><strong>MODE D\u2019EMPLOI :<\/strong><\/p>\n<p>1 \u00e0 2 fois par semaine : Appliquez une petite quantit\u00e9 de noisettes sur une peau propre en \u00e9vitant le contour des yeux. Massez doucement<\/p>\n<p>en mouvements circulaires en insistant sur les zones \u00e0 peau plus \u00e9paisse, comme les ailes du nez et le menton. Laissez poser 15 minutes,<\/p>\n<p>puis frottez doucement. Rincez abondamment \u00e0 l\u2019eau ti\u00e8de.<\/p>\n","protected":false},"excerpt":{"rendered":"<p>Ce gommage visage \u00e0 l\u2019amande douce et \u00e0 l\u2019argan est soigneusement \u00e9labor\u00e9 pour offrir un soin doux mais efficace. Sa formule distinctive, enrichie d\u2019huiles pr\u00e9cieuses, exfolie en douceur tout en nourrissant en profondeur. Le r\u00e9sultat est une peau douce, lisse et \u00e9clatante. Ce soin int\u00e8gre une exfoliation m\u00e9canique gr\u00e2ce aux graines d\u2019amande douce et une [&hellip;]<\/p>\n","protected":false},"featured_media":17205,"comment_status":"open","ping_status":"closed","template":"","meta":[],"product_brand":[],"product_cat":[1018],"product_tag":[],"class_list":{"0":"post-17204","1":"product","2":"type-product","3":"status-publish","4":"has-post-thumbnail","6":"product_cat-soins-du-visage","8":"first","9":"instock","10":"shipping-taxable","11":"purchasable","12":"product-type-simple","13":"add-to-wishlist-after_add_to_cart"},"_links":{"self":[{"href":"https:\/\/twentyninestore.com\/fr_fr\/wp-json\/wp\/v2\/product\/17204","targetHints":{"allow":["GET"]}}],"collection":[{"href":"https:\/\/twentyninestore.com\/fr_fr\/wp-json\/wp\/v2\/product"}],"about":[{"href":"https:\/\/twentyninestore.com\/fr_fr\/wp-json\/wp\/v2\/types\/product"}],"replies":[{"embeddable":true,"href":"https:\/\/twentyninestore.com\/fr_fr\/wp-json\/wp\/v2\/comments?post=17204"}],"version-history":[{"count":1,"href":"https:\/\/twentyninestore.com\/fr_fr\/wp-json\/wp\/v2\/product\/17204\/revisions"}],"predecessor-version":[{"id":17206,"href":"https:\/\/twentyninestore.com\/fr_fr\/wp-json\/wp\/v2\/product\/17204\/revisions\/17206"}],"wp:featuredmedia":[{"embeddable":true,"href":"https:\/\/twentyninestore.com\/fr_fr\/wp-json\/wp\/v2\/media\/17205"}],"wp:attachment":[{"href":"https:\/\/twentyninestore.com\/fr_fr\/wp-json\/wp\/v2\/media?parent=17204"}],"wp:term":[{"taxonomy":"product_brand","embeddable":true,"href":"https:\/\/twentyninestore.com\/fr_fr\/wp-json\/wp\/v2\/product_brand?post=17204"},{"taxonomy":"product_cat","embeddable":true,"href":"https:\/\/twentyninestore.com\/fr_fr\/wp-json\/wp\/v2\/product_cat?post=17204"},{"taxonomy":"product_tag","embeddable":true,"href":"https:\/\/twentyninestore.com\/fr_fr\/wp-json\/wp\/v2\/product_tag?post=17204"}],"curies":[{"name":"wp","href":"https:\/\/api.w.org\/{rel}","templated":true}]}}