{"id":17311,"date":"2025-04-14T10:13:14","date_gmt":"2025-04-14T10:13:14","guid":{"rendered":"https:\/\/twentyninestore.com\/?post_type=product&#038;p=17311"},"modified":"2025-04-14T10:13:23","modified_gmt":"2025-04-14T10:13:23","slug":"kit-de-nettoyage-multifonction","status":"publish","type":"product","link":"https:\/\/twentyninestore.com\/fr_fr\/product\/kit-de-nettoyage-multifonction\/","title":{"rendered":"Kit de nettoyage multifonction"},"content":{"rendered":"<ul>\n<li>Le stylo de nettoyage multifonction utilise une brosse haute densit\u00e9, ce qui facilite le nettoyage de la salet\u00e9 des zones telles que les claviers et les \u00e9couteurs, tandis que la pointe en m\u00e9tal peut nettoyer la poussi\u00e8re et nettoyer en profondeur<\/li>\n<li><\/li>\n<li>Gardez vos appareils \u00e9lectroniques propres et hygi\u00e9niques avec cette brosse de nettoyage int\u00e9gr\u00e9e \u00e0 l&rsquo;extracteur de cl\u00e9s, c&rsquo;est non seulement un nettoyeur, mais aussi un support de t\u00e9l\u00e9phone.<\/li>\n<li>et ABS facile \u00e0 nettoyer, cet outil de nettoyage est \u00e0 la fois pratique et efficace pour enlever la salet\u00e9 et les d\u00e9bris des zones difficiles d&rsquo;acc\u00e8s.<\/li>\n<li>Avec ses capacit\u00e9s lisses et multifonctionnelles, cet outil de nettoyage est un accessoire indispensable pour tous ceux qui veulent garder leurs appareils \u00e9lectroniques en bon \u00e9tat et fonctionnel<\/li>\n<li>Largement utilis\u00e9 pour les \u00e9couteurs compatibles Bluetooth, les \u00e9couteurs, les t\u00e9l\u00e9phones mobiles, les ordinateurs, les tablettes, les claviers, les appareils photo et autres produits num\u00e9riques.<\/li>\n<\/ul>\n","protected":false},"excerpt":{"rendered":"<p>Le stylo de nettoyage multifonction utilise une brosse haute densit\u00e9, ce qui facilite le nettoyage de la salet\u00e9 des zones telles que les claviers et les \u00e9couteurs, tandis que la pointe en m\u00e9tal peut nettoyer la poussi\u00e8re et nettoyer en profondeur Gardez vos appareils \u00e9lectroniques propres et hygi\u00e9niques avec cette brosse de nettoyage int\u00e9gr\u00e9e \u00e0 [&hellip;]<\/p>\n","protected":false},"featured_media":17312,"comment_status":"open","ping_status":"closed","template":"","meta":[],"product_brand":[],"product_cat":[1036],"product_tag":[],"class_list":{"0":"post-17311","1":"product","2":"type-product","3":"status-publish","4":"has-post-thumbnail","6":"product_cat-informatique-et-accessoires","8":"first","9":"instock","10":"shipping-taxable","11":"purchasable","12":"product-type-simple","13":"add-to-wishlist-after_add_to_cart"},"_links":{"self":[{"href":"https:\/\/twentyninestore.com\/fr_fr\/wp-json\/wp\/v2\/product\/17311","targetHints":{"allow":["GET"]}}],"collection":[{"href":"https:\/\/twentyninestore.com\/fr_fr\/wp-json\/wp\/v2\/product"}],"about":[{"href":"https:\/\/twentyninestore.com\/fr_fr\/wp-json\/wp\/v2\/types\/product"}],"replies":[{"embeddable":true,"href":"https:\/\/twentyninestore.com\/fr_fr\/wp-json\/wp\/v2\/comments?post=17311"}],"version-history":[{"count":1,"href":"https:\/\/twentyninestore.com\/fr_fr\/wp-json\/wp\/v2\/product\/17311\/revisions"}],"predecessor-version":[{"id":17317,"href":"https:\/\/twentyninestore.com\/fr_fr\/wp-json\/wp\/v2\/product\/17311\/revisions\/17317"}],"wp:featuredmedia":[{"embeddable":true,"href":"https:\/\/twentyninestore.com\/fr_fr\/wp-json\/wp\/v2\/media\/17312"}],"wp:attachment":[{"href":"https:\/\/twentyninestore.com\/fr_fr\/wp-json\/wp\/v2\/media?parent=17311"}],"wp:term":[{"taxonomy":"product_brand","embeddable":true,"href":"https:\/\/twentyninestore.com\/fr_fr\/wp-json\/wp\/v2\/product_brand?post=17311"},{"taxonomy":"product_cat","embeddable":true,"href":"https:\/\/twentyninestore.com\/fr_fr\/wp-json\/wp\/v2\/product_cat?post=17311"},{"taxonomy":"product_tag","embeddable":true,"href":"https:\/\/twentyninestore.com\/fr_fr\/wp-json\/wp\/v2\/product_tag?post=17311"}],"curies":[{"name":"wp","href":"https:\/\/api.w.org\/{rel}","templated":true}]}}