{"id":17318,"date":"2025-04-14T10:16:25","date_gmt":"2025-04-14T10:16:25","guid":{"rendered":"https:\/\/twentyninestore.com\/?post_type=product&#038;p=17318"},"modified":"2025-04-14T10:18:22","modified_gmt":"2025-04-14T10:18:22","slug":"presse-agrumes-electrique","status":"publish","type":"product","link":"https:\/\/twentyninestore.com\/fr_fr\/product\/presse-agrumes-electrique\/","title":{"rendered":"Presse-agrumes \u00e9lectrique"},"content":{"rendered":"<p>\u3010Extracteur de Jus \u00c9lectrique Portable\u3011: Notre extracteur de jus \u00e9lectrique a une longue dur\u00e9e de vie de la batterie et est tr\u00e8s appropri\u00e9 \u00e0 emporter au camping ou au pique-nique apr\u00e8s avoir \u00e9t\u00e9 compl\u00e8tement charg\u00e9. Vous pouvez profiter d&rsquo;un jus frais \u00e0 tout moment et n&rsquo;importe o\u00f9.<\/p>\n","protected":false},"excerpt":{"rendered":"<p>\u3010Extracteur de Jus \u00c9lectrique Portable\u3011: Notre extracteur de jus \u00e9lectrique a une longue dur\u00e9e de vie de la batterie et est tr\u00e8s appropri\u00e9 \u00e0 emporter au camping ou au pique-nique apr\u00e8s avoir \u00e9t\u00e9 compl\u00e8tement charg\u00e9. Vous pouvez profiter d&rsquo;un jus frais \u00e0 tout moment et n&rsquo;importe o\u00f9.<\/p>\n","protected":false},"featured_media":17319,"comment_status":"open","ping_status":"closed","template":"","meta":[],"product_brand":[],"product_cat":[1005],"product_tag":[],"class_list":{"0":"post-17318","1":"product","2":"type-product","3":"status-publish","4":"has-post-thumbnail","6":"product_cat-electromenager-domestique","8":"first","9":"instock","10":"shipping-taxable","11":"purchasable","12":"product-type-simple","13":"add-to-wishlist-after_add_to_cart"},"_links":{"self":[{"href":"https:\/\/twentyninestore.com\/fr_fr\/wp-json\/wp\/v2\/product\/17318","targetHints":{"allow":["GET"]}}],"collection":[{"href":"https:\/\/twentyninestore.com\/fr_fr\/wp-json\/wp\/v2\/product"}],"about":[{"href":"https:\/\/twentyninestore.com\/fr_fr\/wp-json\/wp\/v2\/types\/product"}],"replies":[{"embeddable":true,"href":"https:\/\/twentyninestore.com\/fr_fr\/wp-json\/wp\/v2\/comments?post=17318"}],"version-history":[{"count":1,"href":"https:\/\/twentyninestore.com\/fr_fr\/wp-json\/wp\/v2\/product\/17318\/revisions"}],"predecessor-version":[{"id":17322,"href":"https:\/\/twentyninestore.com\/fr_fr\/wp-json\/wp\/v2\/product\/17318\/revisions\/17322"}],"wp:featuredmedia":[{"embeddable":true,"href":"https:\/\/twentyninestore.com\/fr_fr\/wp-json\/wp\/v2\/media\/17319"}],"wp:attachment":[{"href":"https:\/\/twentyninestore.com\/fr_fr\/wp-json\/wp\/v2\/media?parent=17318"}],"wp:term":[{"taxonomy":"product_brand","embeddable":true,"href":"https:\/\/twentyninestore.com\/fr_fr\/wp-json\/wp\/v2\/product_brand?post=17318"},{"taxonomy":"product_cat","embeddable":true,"href":"https:\/\/twentyninestore.com\/fr_fr\/wp-json\/wp\/v2\/product_cat?post=17318"},{"taxonomy":"product_tag","embeddable":true,"href":"https:\/\/twentyninestore.com\/fr_fr\/wp-json\/wp\/v2\/product_tag?post=17318"}],"curies":[{"name":"wp","href":"https:\/\/api.w.org\/{rel}","templated":true}]}}