{"id":17339,"date":"2025-04-15T08:05:55","date_gmt":"2025-04-15T08:05:55","guid":{"rendered":"https:\/\/twentyninestore.com\/?post_type=product&#038;p=17339"},"modified":"2025-04-15T09:01:51","modified_gmt":"2025-04-15T09:01:51","slug":"lustre-ref-t6002","status":"publish","type":"product","link":"https:\/\/twentyninestore.com\/fr_fr\/product\/lustre-ref-t6002\/","title":{"rendered":"Lustre Ref T6002"},"content":{"rendered":"<p><strong>\u00c9l\u00e9gance et raffinement<\/strong> : Souvent associ\u00e9 au luxe, notamment avec les lustres en cristal.<\/p>\n<p><strong>\u00c9clairage central<\/strong> : Il diffuse la lumi\u00e8re de mani\u00e8re homog\u00e8ne dans une pi\u00e8ce.<\/p>\n<p><strong>Styles vari\u00e9s<\/strong> : Baroque, industriel, contemporain, minimaliste\u2026<\/p>\n<p><strong>Utilisation<\/strong> : Id\u00e9al pour les salons, salles \u00e0 manger, halls d\u2019entr\u00e9e et parfois les chambres.<\/p>\n","protected":false},"excerpt":{"rendered":"<p>\u00c9l\u00e9gance et raffinement : Souvent associ\u00e9 au luxe, notamment avec les lustres en cristal. \u00c9clairage central : Il diffuse la lumi\u00e8re de mani\u00e8re homog\u00e8ne dans une pi\u00e8ce. Styles vari\u00e9s : Baroque, industriel, contemporain, minimaliste\u2026 Utilisation : Id\u00e9al pour les salons, salles \u00e0 manger, halls d\u2019entr\u00e9e et parfois les chambres.<\/p>\n","protected":false},"featured_media":17342,"comment_status":"open","ping_status":"closed","template":"","meta":[],"product_brand":[],"product_cat":[1002],"product_tag":[],"class_list":{"0":"post-17339","1":"product","2":"type-product","3":"status-publish","4":"has-post-thumbnail","6":"product_cat-eclairage","8":"first","9":"instock","10":"shipping-taxable","11":"purchasable","12":"product-type-variable","13":"add-to-wishlist-after_add_to_cart"},"_links":{"self":[{"href":"https:\/\/twentyninestore.com\/fr_fr\/wp-json\/wp\/v2\/product\/17339","targetHints":{"allow":["GET"]}}],"collection":[{"href":"https:\/\/twentyninestore.com\/fr_fr\/wp-json\/wp\/v2\/product"}],"about":[{"href":"https:\/\/twentyninestore.com\/fr_fr\/wp-json\/wp\/v2\/types\/product"}],"replies":[{"embeddable":true,"href":"https:\/\/twentyninestore.com\/fr_fr\/wp-json\/wp\/v2\/comments?post=17339"}],"version-history":[{"count":1,"href":"https:\/\/twentyninestore.com\/fr_fr\/wp-json\/wp\/v2\/product\/17339\/revisions"}],"predecessor-version":[{"id":17341,"href":"https:\/\/twentyninestore.com\/fr_fr\/wp-json\/wp\/v2\/product\/17339\/revisions\/17341"}],"wp:featuredmedia":[{"embeddable":true,"href":"https:\/\/twentyninestore.com\/fr_fr\/wp-json\/wp\/v2\/media\/17342"}],"wp:attachment":[{"href":"https:\/\/twentyninestore.com\/fr_fr\/wp-json\/wp\/v2\/media?parent=17339"}],"wp:term":[{"taxonomy":"product_brand","embeddable":true,"href":"https:\/\/twentyninestore.com\/fr_fr\/wp-json\/wp\/v2\/product_brand?post=17339"},{"taxonomy":"product_cat","embeddable":true,"href":"https:\/\/twentyninestore.com\/fr_fr\/wp-json\/wp\/v2\/product_cat?post=17339"},{"taxonomy":"product_tag","embeddable":true,"href":"https:\/\/twentyninestore.com\/fr_fr\/wp-json\/wp\/v2\/product_tag?post=17339"}],"curies":[{"name":"wp","href":"https:\/\/api.w.org\/{rel}","templated":true}]}}