{"id":17368,"date":"2025-04-15T09:15:35","date_gmt":"2025-04-15T09:15:35","guid":{"rendered":"https:\/\/twentyninestore.com\/?post_type=product&#038;p=17368"},"modified":"2025-04-15T09:16:56","modified_gmt":"2025-04-15T09:16:56","slug":"2pc-subtle-elegance-table-lamp-ref-t531","status":"publish","type":"product","link":"https:\/\/twentyninestore.com\/fr_fr\/product\/2pc-subtle-elegance-table-lamp-ref-t531\/","title":{"rendered":"2PC Subtle Elegance Table Lamp REF T531"},"content":{"rendered":"<ul>\n<li>Mat\u00e9riau: gradateur, design classique, belle apparence.<\/li>\n<li>Style nordique, \u00e9clairage confortable, une belle lampe, illuminer votre maison.<\/li>\n<li>S&rsquo;applique \u00e0: chambre, salon, restaurant, h\u00f4tel, bar et ainsi de suite.<\/li>\n<\/ul>\n","protected":false},"excerpt":{"rendered":"<p>Mat\u00e9riau: gradateur, design classique, belle apparence. Style nordique, \u00e9clairage confortable, une belle lampe, illuminer votre maison. S&rsquo;applique \u00e0: chambre, salon, restaurant, h\u00f4tel, bar et ainsi de suite.<\/p>\n","protected":false},"featured_media":17376,"comment_status":"open","ping_status":"closed","template":"","meta":[],"product_brand":[],"product_cat":[1002],"product_tag":[],"class_list":{"0":"post-17368","1":"product","2":"type-product","3":"status-publish","4":"has-post-thumbnail","6":"product_cat-eclairage","8":"first","9":"instock","10":"shipping-taxable","11":"purchasable","12":"product-type-variable","13":"add-to-wishlist-after_add_to_cart"},"_links":{"self":[{"href":"https:\/\/twentyninestore.com\/fr_fr\/wp-json\/wp\/v2\/product\/17368","targetHints":{"allow":["GET"]}}],"collection":[{"href":"https:\/\/twentyninestore.com\/fr_fr\/wp-json\/wp\/v2\/product"}],"about":[{"href":"https:\/\/twentyninestore.com\/fr_fr\/wp-json\/wp\/v2\/types\/product"}],"replies":[{"embeddable":true,"href":"https:\/\/twentyninestore.com\/fr_fr\/wp-json\/wp\/v2\/comments?post=17368"}],"version-history":[{"count":1,"href":"https:\/\/twentyninestore.com\/fr_fr\/wp-json\/wp\/v2\/product\/17368\/revisions"}],"predecessor-version":[{"id":17375,"href":"https:\/\/twentyninestore.com\/fr_fr\/wp-json\/wp\/v2\/product\/17368\/revisions\/17375"}],"wp:featuredmedia":[{"embeddable":true,"href":"https:\/\/twentyninestore.com\/fr_fr\/wp-json\/wp\/v2\/media\/17376"}],"wp:attachment":[{"href":"https:\/\/twentyninestore.com\/fr_fr\/wp-json\/wp\/v2\/media?parent=17368"}],"wp:term":[{"taxonomy":"product_brand","embeddable":true,"href":"https:\/\/twentyninestore.com\/fr_fr\/wp-json\/wp\/v2\/product_brand?post=17368"},{"taxonomy":"product_cat","embeddable":true,"href":"https:\/\/twentyninestore.com\/fr_fr\/wp-json\/wp\/v2\/product_cat?post=17368"},{"taxonomy":"product_tag","embeddable":true,"href":"https:\/\/twentyninestore.com\/fr_fr\/wp-json\/wp\/v2\/product_tag?post=17368"}],"curies":[{"name":"wp","href":"https:\/\/api.w.org\/{rel}","templated":true}]}}