{"id":17378,"date":"2025-04-15T09:21:32","date_gmt":"2025-04-15T09:21:32","guid":{"rendered":"https:\/\/twentyninestore.com\/?post_type=product&#038;p=17378"},"modified":"2025-04-15T09:21:32","modified_gmt":"2025-04-15T09:21:32","slug":"lampe-cube-cristal-aurora-effet-lumiere-nordique-%e2%9c%a8","status":"publish","type":"product","link":"https:\/\/twentyninestore.com\/fr_fr\/product\/lampe-cube-cristal-aurora-effet-lumiere-nordique-%e2%9c%a8\/","title":{"rendered":"Lampe Cube Cristal Aurora Effet Lumi\u00e8re Nordique \u2728"},"content":{"rendered":"<p>\ud83c\udf0c Exp\u00e9rience d&rsquo;\u00e9clairage magique !<\/p>\n<p>\ud83c\udf81 Votre cadeau parfait pour vos proches !<\/p>\n<p>Plus de 80% du stock a \u00e9t\u00e9 vendu, d\u00e9p\u00eachez-vous maintenant ! \ud83c\udfc3\u200d\u2642\ufe0f<\/p>\n","protected":false},"excerpt":{"rendered":"<p>\ud83c\udf0c Exp\u00e9rience d&rsquo;\u00e9clairage magique ! \ud83c\udf81 Votre cadeau parfait pour vos proches ! Plus de 80% du stock a \u00e9t\u00e9 vendu, d\u00e9p\u00eachez-vous maintenant ! \ud83c\udfc3\u200d\u2642\ufe0f<\/p>\n","protected":false},"featured_media":17379,"comment_status":"open","ping_status":"closed","template":"","meta":[],"product_brand":[],"product_cat":[1002],"product_tag":[],"class_list":{"0":"post-17378","1":"product","2":"type-product","3":"status-publish","4":"has-post-thumbnail","6":"product_cat-eclairage","8":"first","9":"instock","10":"shipping-taxable","11":"purchasable","12":"product-type-simple","13":"add-to-wishlist-after_add_to_cart"},"_links":{"self":[{"href":"https:\/\/twentyninestore.com\/fr_fr\/wp-json\/wp\/v2\/product\/17378","targetHints":{"allow":["GET"]}}],"collection":[{"href":"https:\/\/twentyninestore.com\/fr_fr\/wp-json\/wp\/v2\/product"}],"about":[{"href":"https:\/\/twentyninestore.com\/fr_fr\/wp-json\/wp\/v2\/types\/product"}],"replies":[{"embeddable":true,"href":"https:\/\/twentyninestore.com\/fr_fr\/wp-json\/wp\/v2\/comments?post=17378"}],"version-history":[{"count":1,"href":"https:\/\/twentyninestore.com\/fr_fr\/wp-json\/wp\/v2\/product\/17378\/revisions"}],"predecessor-version":[{"id":17384,"href":"https:\/\/twentyninestore.com\/fr_fr\/wp-json\/wp\/v2\/product\/17378\/revisions\/17384"}],"wp:featuredmedia":[{"embeddable":true,"href":"https:\/\/twentyninestore.com\/fr_fr\/wp-json\/wp\/v2\/media\/17379"}],"wp:attachment":[{"href":"https:\/\/twentyninestore.com\/fr_fr\/wp-json\/wp\/v2\/media?parent=17378"}],"wp:term":[{"taxonomy":"product_brand","embeddable":true,"href":"https:\/\/twentyninestore.com\/fr_fr\/wp-json\/wp\/v2\/product_brand?post=17378"},{"taxonomy":"product_cat","embeddable":true,"href":"https:\/\/twentyninestore.com\/fr_fr\/wp-json\/wp\/v2\/product_cat?post=17378"},{"taxonomy":"product_tag","embeddable":true,"href":"https:\/\/twentyninestore.com\/fr_fr\/wp-json\/wp\/v2\/product_tag?post=17378"}],"curies":[{"name":"wp","href":"https:\/\/api.w.org\/{rel}","templated":true}]}}