{"id":17412,"date":"2025-04-15T10:58:20","date_gmt":"2025-04-15T10:58:20","guid":{"rendered":"https:\/\/twentyninestore.com\/?post_type=product&#038;p=17412"},"modified":"2025-04-15T10:58:30","modified_gmt":"2025-04-15T10:58:30","slug":"porte-serviette-en-bois-rouge","status":"publish","type":"product","link":"https:\/\/twentyninestore.com\/fr_fr\/product\/porte-serviette-en-bois-rouge\/","title":{"rendered":"Porte serviette en bois rouge"},"content":{"rendered":"<p><strong><em>vous trouverez une\u00a0\u00a0porte\u2013serviettes en bois\u00a0rouge\u00a0\u00a0pour s\u2019adapter \u00e0 tous les d\u00e9cors. Optez pour la qualit\u00e9<\/em><\/strong><\/p>\n<p><strong><em>c\u2019est du bois rouge avec des \u00e9tag\u00e8res <\/em><\/strong><\/p>\n<ul>\n<li><strong><em>produit : en bois rouge<\/em><\/strong><\/li>\n<li><strong><em>couleur : naturel<\/em><\/strong><\/li>\n<li><strong><em>dimension : 124 x 43 cm<\/em><\/strong><\/li>\n<\/ul>\n","protected":false},"excerpt":{"rendered":"<p>vous trouverez une\u00a0\u00a0porte\u2013serviettes en bois\u00a0rouge\u00a0\u00a0pour s\u2019adapter \u00e0 tous les d\u00e9cors. Optez pour la qualit\u00e9 c\u2019est du bois rouge avec des \u00e9tag\u00e8res produit : en bois rouge couleur : naturel dimension : 124 x 43 cm<\/p>\n","protected":false},"featured_media":17413,"comment_status":"open","ping_status":"closed","template":"","meta":[],"product_brand":[],"product_cat":[1003],"product_tag":[],"class_list":{"0":"post-17412","1":"product","2":"type-product","3":"status-publish","4":"has-post-thumbnail","6":"product_cat-rangement-organisation","8":"first","9":"instock","10":"shipping-taxable","11":"purchasable","12":"product-type-simple","13":"add-to-wishlist-after_add_to_cart"},"_links":{"self":[{"href":"https:\/\/twentyninestore.com\/fr_fr\/wp-json\/wp\/v2\/product\/17412","targetHints":{"allow":["GET"]}}],"collection":[{"href":"https:\/\/twentyninestore.com\/fr_fr\/wp-json\/wp\/v2\/product"}],"about":[{"href":"https:\/\/twentyninestore.com\/fr_fr\/wp-json\/wp\/v2\/types\/product"}],"replies":[{"embeddable":true,"href":"https:\/\/twentyninestore.com\/fr_fr\/wp-json\/wp\/v2\/comments?post=17412"}],"version-history":[{"count":1,"href":"https:\/\/twentyninestore.com\/fr_fr\/wp-json\/wp\/v2\/product\/17412\/revisions"}],"predecessor-version":[{"id":17414,"href":"https:\/\/twentyninestore.com\/fr_fr\/wp-json\/wp\/v2\/product\/17412\/revisions\/17414"}],"wp:featuredmedia":[{"embeddable":true,"href":"https:\/\/twentyninestore.com\/fr_fr\/wp-json\/wp\/v2\/media\/17413"}],"wp:attachment":[{"href":"https:\/\/twentyninestore.com\/fr_fr\/wp-json\/wp\/v2\/media?parent=17412"}],"wp:term":[{"taxonomy":"product_brand","embeddable":true,"href":"https:\/\/twentyninestore.com\/fr_fr\/wp-json\/wp\/v2\/product_brand?post=17412"},{"taxonomy":"product_cat","embeddable":true,"href":"https:\/\/twentyninestore.com\/fr_fr\/wp-json\/wp\/v2\/product_cat?post=17412"},{"taxonomy":"product_tag","embeddable":true,"href":"https:\/\/twentyninestore.com\/fr_fr\/wp-json\/wp\/v2\/product_tag?post=17412"}],"curies":[{"name":"wp","href":"https:\/\/api.w.org\/{rel}","templated":true}]}}