{"id":17415,"date":"2025-04-15T11:01:02","date_gmt":"2025-04-15T11:01:02","guid":{"rendered":"https:\/\/twentyninestore.com\/?post_type=product&#038;p=17415"},"modified":"2025-04-15T11:01:17","modified_gmt":"2025-04-15T11:01:17","slug":"porte-serviette-magik-echelle","status":"publish","type":"product","link":"https:\/\/twentyninestore.com\/fr_fr\/product\/porte-serviette-magik-echelle\/","title":{"rendered":"Porte serviette magik Ech\u00e9lle"},"content":{"rendered":"<p>Les porte-serviettes sont des accessoires de salle de bain indispensables pour garder vos serviettes \u00e0 port\u00e9e de main tout en les organisant de mani\u00e8re \u00e9l\u00e9gante.<\/p>\n<p>130cm\/40cm<\/p>\n<p>nous proposons une porte-serviette de qualit\u00e9 sup\u00e9rieure pour r\u00e9pondre \u00e0 tous vos besoins.<\/p>\n<p><strong>moderne\u00a0<\/strong>et<strong>\u00a0FACILE \u00c0 ASSEMBLER et \u00e0 installer,<\/strong><\/p>\n<p>Notre\u00a0porte-serviette et fabriqu\u00e9 \u00e0 partir de mat\u00e9riaux durables<\/p>\n<p>Disponibles dans une vari\u00e9t\u00e9 de styles, notre\u00a0porte-serviette s\u2019int\u00e8gre\u00a0parfaitement \u00e0 tous les types de d\u00e9coration de salle de bain.<\/p>\n<p>ce belle porte serviette aussi un objet d\u00e9coratif pratique<\/p>\n<p>Que vous recherchiez un porte-serviettes mural pour \u00e9conomiser de l\u2019espace, un porte-serviettes pour une utilisation pratique aussi pour ajouter une touche de confort, nous avons tout ce qu\u2019il vous faut. De plus, notre\u00a0porte-serviette\u00a0faciles \u00e0 installer et \u00e0 entretenir, ce qui les rend pratique pour une utilisation quotidienne.<\/p>\n<p>porte serviette<strong>\u00a0syst\u00e8me lego<\/strong>\u00a0fabriqu\u00e9 en aluminium avec des connexions en plastiques est une solution de rangement l\u00e9g\u00e8re et \u00e9l\u00e9gante pour votre int\u00e9rieure de salle de bain\u00a0. Fabriqu\u00e9 en aluminium de qualit\u00e9 sup\u00e9rieure offrant une r\u00e9sistance et une durabilit\u00e9 accrues<\/p>\n<p>d\u00e9montable<\/p>\n<p>montage facile<\/p>\n<p>en kit<\/p>\n<p>les couleurs ils existe en noir et blanc<\/p>\n<p>Chez [cube magik], nous sommes fiers de vous offrir des produits de qualit\u00e9 sup\u00e9rieure et un service client exceptionnel.<\/p>\n<p>Avec son design \u00e9l\u00e9gant et minimaliste, cette porte serviette en aluminium ajoutera une touche de sophistication \u00e0 votre salle de bain<\/p>\n<p>Commandez la v\u00f4tre d\u00e8s aujourd\u2019hui et d\u00e9couvrez la commodit\u00e9 et la beaut\u00e9 de cette solution de rangement moderne.<\/p>\n","protected":false},"excerpt":{"rendered":"<p>Les porte-serviettes sont des accessoires de salle de bain indispensables pour garder vos serviettes \u00e0 port\u00e9e de main tout en les organisant de mani\u00e8re \u00e9l\u00e9gante. 130cm\/40cm nous proposons une porte-serviette de qualit\u00e9 sup\u00e9rieure pour r\u00e9pondre \u00e0 tous vos besoins. moderne\u00a0et\u00a0FACILE \u00c0 ASSEMBLER et \u00e0 installer, Notre\u00a0porte-serviette et fabriqu\u00e9 \u00e0 partir de mat\u00e9riaux durables Disponibles dans [&hellip;]<\/p>\n","protected":false},"featured_media":17416,"comment_status":"open","ping_status":"closed","template":"","meta":[],"product_brand":[],"product_cat":[1003],"product_tag":[],"class_list":{"0":"post-17415","1":"product","2":"type-product","3":"status-publish","4":"has-post-thumbnail","6":"product_cat-rangement-organisation","8":"first","9":"instock","10":"shipping-taxable","11":"purchasable","12":"product-type-simple","13":"add-to-wishlist-after_add_to_cart"},"_links":{"self":[{"href":"https:\/\/twentyninestore.com\/fr_fr\/wp-json\/wp\/v2\/product\/17415","targetHints":{"allow":["GET"]}}],"collection":[{"href":"https:\/\/twentyninestore.com\/fr_fr\/wp-json\/wp\/v2\/product"}],"about":[{"href":"https:\/\/twentyninestore.com\/fr_fr\/wp-json\/wp\/v2\/types\/product"}],"replies":[{"embeddable":true,"href":"https:\/\/twentyninestore.com\/fr_fr\/wp-json\/wp\/v2\/comments?post=17415"}],"version-history":[{"count":1,"href":"https:\/\/twentyninestore.com\/fr_fr\/wp-json\/wp\/v2\/product\/17415\/revisions"}],"predecessor-version":[{"id":17421,"href":"https:\/\/twentyninestore.com\/fr_fr\/wp-json\/wp\/v2\/product\/17415\/revisions\/17421"}],"wp:featuredmedia":[{"embeddable":true,"href":"https:\/\/twentyninestore.com\/fr_fr\/wp-json\/wp\/v2\/media\/17416"}],"wp:attachment":[{"href":"https:\/\/twentyninestore.com\/fr_fr\/wp-json\/wp\/v2\/media?parent=17415"}],"wp:term":[{"taxonomy":"product_brand","embeddable":true,"href":"https:\/\/twentyninestore.com\/fr_fr\/wp-json\/wp\/v2\/product_brand?post=17415"},{"taxonomy":"product_cat","embeddable":true,"href":"https:\/\/twentyninestore.com\/fr_fr\/wp-json\/wp\/v2\/product_cat?post=17415"},{"taxonomy":"product_tag","embeddable":true,"href":"https:\/\/twentyninestore.com\/fr_fr\/wp-json\/wp\/v2\/product_tag?post=17415"}],"curies":[{"name":"wp","href":"https:\/\/api.w.org\/{rel}","templated":true}]}}