{"id":17437,"date":"2025-04-15T11:15:49","date_gmt":"2025-04-15T11:15:49","guid":{"rendered":"https:\/\/twentyninestore.com\/?post_type=product&#038;p=17437"},"modified":"2025-04-15T11:16:13","modified_gmt":"2025-04-15T11:16:13","slug":"porte-serviette-serpent","status":"publish","type":"product","link":"https:\/\/twentyninestore.com\/fr_fr\/product\/porte-serviette-serpent\/","title":{"rendered":"Porte serviette serpent"},"content":{"rendered":"<p>Notre\u00a0porte-serviette et fabriqu\u00e9 \u00e0 partir de mat\u00e9riaux durables tels que ALUMINIUM avec des connecteur en plastiques, offrant une r\u00e9sistance et une durabilit\u00e9 accrues. Disponibles dans une vari\u00e9t\u00e9 de styles, notre\u00a0porte-serviette s\u2019int\u00e8gre\u00a0parfaitement \u00e0 tous les types de d\u00e9coration de salle de bain.Les dillensions : 45CM\/45CM<\/p>\n<p>Que vous recherchiez un porte-serviettes mural pour \u00e9conomiser de l\u2019espace, un porte-serviettes sur pied pour une utilisation pratique ou un porte-serviettes chauffant pour ajouter une touche de confort, nous avons tout ce qu\u2019il vous faut. De plus, nos porte-serviettes sont faciles \u00e0 installer et \u00e0 entretenir, ce qui les rend pratiques pour une utilisation quotidienne.<\/p>\n<p>Parcourez notre s\u00e9lection de porte-serviettes en ligne d\u00e8s aujourd\u2019hui et trouvez celui qui convient le mieux \u00e0 vos besoins et \u00e0 votre style de vie. Nous sommes fiers de vous offrir des produits de qualit\u00e9 sup\u00e9rieure et un service client exceptionnel.<\/p>\n","protected":false},"excerpt":{"rendered":"<p>Notre\u00a0porte-serviette et fabriqu\u00e9 \u00e0 partir de mat\u00e9riaux durables tels que ALUMINIUM avec des connecteur en plastiques, offrant une r\u00e9sistance et une durabilit\u00e9 accrues. Disponibles dans une vari\u00e9t\u00e9 de styles, notre\u00a0porte-serviette s\u2019int\u00e8gre\u00a0parfaitement \u00e0 tous les types de d\u00e9coration de salle de bain.Les dillensions : 45CM\/45CM Que vous recherchiez un porte-serviettes mural pour \u00e9conomiser de l\u2019espace, un [&hellip;]<\/p>\n","protected":false},"featured_media":17442,"comment_status":"open","ping_status":"closed","template":"","meta":[],"product_brand":[],"product_cat":[1003],"product_tag":[],"class_list":{"0":"post-17437","1":"product","2":"type-product","3":"status-publish","4":"has-post-thumbnail","6":"product_cat-rangement-organisation","8":"first","9":"instock","10":"shipping-taxable","11":"purchasable","12":"product-type-simple","13":"add-to-wishlist-after_add_to_cart"},"_links":{"self":[{"href":"https:\/\/twentyninestore.com\/fr_fr\/wp-json\/wp\/v2\/product\/17437","targetHints":{"allow":["GET"]}}],"collection":[{"href":"https:\/\/twentyninestore.com\/fr_fr\/wp-json\/wp\/v2\/product"}],"about":[{"href":"https:\/\/twentyninestore.com\/fr_fr\/wp-json\/wp\/v2\/types\/product"}],"replies":[{"embeddable":true,"href":"https:\/\/twentyninestore.com\/fr_fr\/wp-json\/wp\/v2\/comments?post=17437"}],"version-history":[{"count":1,"href":"https:\/\/twentyninestore.com\/fr_fr\/wp-json\/wp\/v2\/product\/17437\/revisions"}],"predecessor-version":[{"id":17443,"href":"https:\/\/twentyninestore.com\/fr_fr\/wp-json\/wp\/v2\/product\/17437\/revisions\/17443"}],"wp:featuredmedia":[{"embeddable":true,"href":"https:\/\/twentyninestore.com\/fr_fr\/wp-json\/wp\/v2\/media\/17442"}],"wp:attachment":[{"href":"https:\/\/twentyninestore.com\/fr_fr\/wp-json\/wp\/v2\/media?parent=17437"}],"wp:term":[{"taxonomy":"product_brand","embeddable":true,"href":"https:\/\/twentyninestore.com\/fr_fr\/wp-json\/wp\/v2\/product_brand?post=17437"},{"taxonomy":"product_cat","embeddable":true,"href":"https:\/\/twentyninestore.com\/fr_fr\/wp-json\/wp\/v2\/product_cat?post=17437"},{"taxonomy":"product_tag","embeddable":true,"href":"https:\/\/twentyninestore.com\/fr_fr\/wp-json\/wp\/v2\/product_tag?post=17437"}],"curies":[{"name":"wp","href":"https:\/\/api.w.org\/{rel}","templated":true}]}}